{"id":1341,"date":"2023-06-09T13:41:55","date_gmt":"2023-06-09T13:41:55","guid":{"rendered":"https:\/\/k-beautyci.com\/?post_type=product&#038;p=1341"},"modified":"2025-12-15T08:14:21","modified_gmt":"2025-12-15T08:14:21","slug":"acwell-licorice-ph-balancing-advance-serum","status":"publish","type":"product","link":"https:\/\/k-beautyci.com\/fr\/produit\/acwell-licorice-ph-balancing-advance-serum\/","title":{"rendered":"ACWELL Licorice pH Balancing Advance Serum"},"content":{"rendered":"<p><strong>Comment l'utiliser :<\/strong><\/p>\n<p>Appliquer une quantit\u00e9 suffisante sur le visage apr\u00e8s le nettoyant et le tonique. Tapoter jusqu'\u00e0 absorption compl\u00e8te.<\/p>\n<p>Avertissement : Pour usage externe uniquement. Toujours effectuer un test \u00e9picutan\u00e9. Cessez d'utiliser le produit si vous ressentez une quelconque g\u00eane. Suivre les instructions suppl\u00e9mentaires figurant sur l'emballage. Les r\u00e9sultats individuels peuvent varier.<\/p>","protected":false},"excerpt":{"rendered":"<p>Ajoutez ce s\u00e9rum \u00e0 votre routine quotidienne de soins de la peau et rafra\u00eechissez votre teint pour des journ\u00e9es plus lumineuses !<\/p>\n<p>Avantages :<\/p>\n<ul>\n<li>L'eau et l'extrait de racine de r\u00e9glisse renforcent l'\u00e9clat naturel de la peau.<\/li>\n<li>Pine bark extract nourishes dryness.<\/li>\n<li>La niacinamide aide \u00e0 r\u00e9duire l'apparence des rougeurs et des taches sombres.<\/li>\n<\/ul>","protected":false},"featured_media":1343,"comment_status":"open","ping_status":"closed","template":"","meta":{"om_disable_all_campaigns":false},"product_brand":[],"product_cat":[60,162,52,31,74],"product_tag":[],"class_list":{"0":"post-1341","1":"product","2":"type-product","3":"status-publish","4":"has-post-thumbnail","6":"product_cat-acne","7":"product_cat-acwell","8":"product_cat-dark-spots","9":"product_cat-face-serums","10":"product_cat-niacinamide","12":"first","13":"outofstock","14":"shipping-taxable","15":"purchasable","16":"product-type-simple"},"aioseo_notices":[],"jetpack_sharing_enabled":true,"_links":{"self":[{"href":"https:\/\/k-beautyci.com\/fr\/wp-json\/wp\/v2\/product\/1341","targetHints":{"allow":["GET"]}}],"collection":[{"href":"https:\/\/k-beautyci.com\/fr\/wp-json\/wp\/v2\/product"}],"about":[{"href":"https:\/\/k-beautyci.com\/fr\/wp-json\/wp\/v2\/types\/product"}],"replies":[{"embeddable":true,"href":"https:\/\/k-beautyci.com\/fr\/wp-json\/wp\/v2\/comments?post=1341"}],"wp:featuredmedia":[{"embeddable":true,"href":"https:\/\/k-beautyci.com\/fr\/wp-json\/wp\/v2\/media\/1343"}],"wp:attachment":[{"href":"https:\/\/k-beautyci.com\/fr\/wp-json\/wp\/v2\/media?parent=1341"}],"wp:term":[{"taxonomy":"product_brand","embeddable":true,"href":"https:\/\/k-beautyci.com\/fr\/wp-json\/wp\/v2\/product_brand?post=1341"},{"taxonomy":"product_cat","embeddable":true,"href":"https:\/\/k-beautyci.com\/fr\/wp-json\/wp\/v2\/product_cat?post=1341"},{"taxonomy":"product_tag","embeddable":true,"href":"https:\/\/k-beautyci.com\/fr\/wp-json\/wp\/v2\/product_tag?post=1341"}],"curies":[{"name":"wp","href":"https:\/\/api.w.org\/{rel}","templated":true}]}}