{"id":1219,"date":"2023-05-23T14:23:02","date_gmt":"2023-05-23T14:23:02","guid":{"rendered":"https:\/\/k-beautyci.com\/?post_type=product&#038;p=1219"},"modified":"2026-03-22T23:20:31","modified_gmt":"2026-03-22T23:20:31","slug":"touch-bright-clear-cream","status":"publish","type":"product","link":"https:\/\/k-beautyci.com\/fr\/produit\/touch-bright-clear-cream\/","title":{"rendered":"Touch Bright &amp; Clear Cream"},"content":{"rendered":"<p>MODE D'EMPLOI : Appliquez une petite quantit\u00e9 de produit deux fois par jour sur la peau nettoy\u00e9e et tonifi\u00e9e. Utilisez une protection solaire pendant la journ\u00e9e.<\/p>","protected":false},"excerpt":{"rendered":"<p>Une cr\u00e8me concentr\u00e9e formul\u00e9e avec de puissants actifs correcteurs de couleur pour combattre tous les types de d\u00e9coloration, y compris le m\u00e9lasma, les taches de vieillesse, les taches de soleil et l'hyperpigmentation post-inflammatoire (PIH). Cette cr\u00e8me fournit \u00e9galement un traitement clarifiant pour l'acn\u00e9 et les autres imperfections.<\/p>\n<p>&nbsp;<\/p>\n<p><strong>Actifs :<\/strong><\/p>\n<ul>\n<li><strong>Acide az\u00e9la\u00efque :<\/strong>\u00a0\u00c9claircit et unifie le teint de la peau en r\u00e9duisant directement le nombre de cellules hyperpigment\u00e9es existantes sans affecter les cellules normales de la peau. Agit comme un exfoliant doux pour am\u00e9liorer la texture de la peau et tue les bact\u00e9ries responsables de l'acn\u00e9.<\/li>\n<li><strong>Niacinamide:<\/strong>\u00a0R\u00e9duit l'apparence de la d\u00e9coloration de la peau en perturbant la formation de m\u00e9lanine (responsable de la pigmentation de la peau). Contr\u00f4le \u00e9galement l'exc\u00e8s de s\u00e9bum, r\u00e9duit la rosac\u00e9e, l'inflammation de l'acn\u00e9 et la taille des pores.<\/li>\n<li><strong>Acide kojique :<\/strong>\u00a0Aide \u00e0 \u00e9claircir les taches sombres gr\u00e2ce \u00e0 un puissant inhibiteur de la tyrosinase (enzyme qui contribue \u00e0 la production de cellules pigmentaires).<\/li>\n<li><strong>Acide tranexamique :<\/strong>\u00a0Minimise la r\u00e9apparition des d\u00e9colorations et des taches brunes tenaces lors d'une utilisation continue en inhibant l'activit\u00e9 induite par la lumi\u00e8re UV.<\/li>\n<\/ul>","protected":false},"featured_media":1220,"comment_status":"open","ping_status":"closed","template":"","meta":{"om_disable_all_campaigns":false},"product_brand":[],"product_cat":[165,52,31,33,74,212,15],"product_tag":[],"class_list":{"0":"post-1219","1":"product","2":"type-product","3":"status-publish","4":"has-post-thumbnail","6":"product_cat-azelaic-acid","7":"product_cat-dark-spots","8":"product_cat-face-serums","9":"product_cat-face-treatments","10":"product_cat-niacinamide","11":"product_cat-touch","12":"product_cat-uncategorized","14":"first","15":"instock","16":"shipping-taxable","17":"purchasable","18":"product-type-simple"},"aioseo_notices":[],"jetpack_sharing_enabled":true,"_links":{"self":[{"href":"https:\/\/k-beautyci.com\/fr\/wp-json\/wp\/v2\/product\/1219","targetHints":{"allow":["GET"]}}],"collection":[{"href":"https:\/\/k-beautyci.com\/fr\/wp-json\/wp\/v2\/product"}],"about":[{"href":"https:\/\/k-beautyci.com\/fr\/wp-json\/wp\/v2\/types\/product"}],"replies":[{"embeddable":true,"href":"https:\/\/k-beautyci.com\/fr\/wp-json\/wp\/v2\/comments?post=1219"}],"wp:featuredmedia":[{"embeddable":true,"href":"https:\/\/k-beautyci.com\/fr\/wp-json\/wp\/v2\/media\/1220"}],"wp:attachment":[{"href":"https:\/\/k-beautyci.com\/fr\/wp-json\/wp\/v2\/media?parent=1219"}],"wp:term":[{"taxonomy":"product_brand","embeddable":true,"href":"https:\/\/k-beautyci.com\/fr\/wp-json\/wp\/v2\/product_brand?post=1219"},{"taxonomy":"product_cat","embeddable":true,"href":"https:\/\/k-beautyci.com\/fr\/wp-json\/wp\/v2\/product_cat?post=1219"},{"taxonomy":"product_tag","embeddable":true,"href":"https:\/\/k-beautyci.com\/fr\/wp-json\/wp\/v2\/product_tag?post=1219"}],"curies":[{"name":"wp","href":"https:\/\/api.w.org\/{rel}","templated":true}]}}