{"id":1212,"date":"2023-05-23T14:23:23","date_gmt":"2023-05-23T14:23:23","guid":{"rendered":"https:\/\/k-beautyci.com\/?post_type=product&#038;p=1212"},"modified":"2026-04-19T22:36:07","modified_gmt":"2026-04-19T22:36:07","slug":"ezanic-azelaic-acid-20-gel-15g","status":"publish","type":"product","link":"https:\/\/k-beautyci.com\/fr\/produit\/ezanic-azelaic-acid-20-gel-15g\/","title":{"rendered":"Ezanic Azelaic Acid 20% GEL &#8211; 15g"},"content":{"rendered":"<p><strong>Attention :<\/strong> Il s'agit d'un produit sur ordonnance. Veuillez utiliser ce produit sous la supervision d'un professionnel des soins de la peau.<\/p>","protected":false},"excerpt":{"rendered":"<p>Ezanic 20% Gel est un m\u00e9dicament topique utilis\u00e9 dans le traitement de l'acn\u00e9. Il soulage efficacement les sympt\u00f4mes tels que les bosses, les rougeurs et les gonflements associ\u00e9s \u00e0 diff\u00e9rentes formes d'acn\u00e9 en tuant les bact\u00e9ries responsables de l'acn\u00e9.<\/p>\n<p>&nbsp;<\/p>\n<p>&nbsp;<\/p>","protected":false},"featured_media":1218,"comment_status":"open","ping_status":"closed","template":"","meta":{"om_disable_all_campaigns":false},"product_brand":[],"product_cat":[60,165,133,52,15],"product_tag":[],"class_list":{"0":"post-1212","1":"product","2":"type-product","3":"status-publish","4":"has-post-thumbnail","6":"product_cat-acne","7":"product_cat-azelaic-acid","8":"product_cat-brands-brands","9":"product_cat-dark-spots","10":"product_cat-uncategorized","12":"first","13":"instock","14":"shipping-taxable","15":"purchasable","16":"product-type-simple"},"aioseo_notices":[],"jetpack_sharing_enabled":true,"_links":{"self":[{"href":"https:\/\/k-beautyci.com\/fr\/wp-json\/wp\/v2\/product\/1212","targetHints":{"allow":["GET"]}}],"collection":[{"href":"https:\/\/k-beautyci.com\/fr\/wp-json\/wp\/v2\/product"}],"about":[{"href":"https:\/\/k-beautyci.com\/fr\/wp-json\/wp\/v2\/types\/product"}],"replies":[{"embeddable":true,"href":"https:\/\/k-beautyci.com\/fr\/wp-json\/wp\/v2\/comments?post=1212"}],"wp:featuredmedia":[{"embeddable":true,"href":"https:\/\/k-beautyci.com\/fr\/wp-json\/wp\/v2\/media\/1218"}],"wp:attachment":[{"href":"https:\/\/k-beautyci.com\/fr\/wp-json\/wp\/v2\/media?parent=1212"}],"wp:term":[{"taxonomy":"product_brand","embeddable":true,"href":"https:\/\/k-beautyci.com\/fr\/wp-json\/wp\/v2\/product_brand?post=1212"},{"taxonomy":"product_cat","embeddable":true,"href":"https:\/\/k-beautyci.com\/fr\/wp-json\/wp\/v2\/product_cat?post=1212"},{"taxonomy":"product_tag","embeddable":true,"href":"https:\/\/k-beautyci.com\/fr\/wp-json\/wp\/v2\/product_tag?post=1212"}],"curies":[{"name":"wp","href":"https:\/\/api.w.org\/{rel}","templated":true}]}}