{"id":11869,"date":"2026-04-21T12:28:46","date_gmt":"2026-04-21T12:28:46","guid":{"rendered":"https:\/\/k-beautyci.com\/product\/ksecret-seoul-1988-repair-cream-niacica-20-mugwort\/"},"modified":"2026-04-21T12:28:50","modified_gmt":"2026-04-21T12:28:50","slug":"ksecret-seoul-1988-repair-cream-niacica-20-mugwort","status":"publish","type":"product","link":"https:\/\/k-beautyci.com\/fr\/produit\/ksecret-seoul-1988-repair-cream-niacica-20-mugwort\/","title":{"rendered":"KSECRET &#8211; SEOUL 1988 Repair Cream : Niacica 20% + Mugwort"},"content":{"rendered":"<p><span style=\"font-family: noto, Helvetica, Arial, tahoma,\">K-SECRET\u2019s SEOUL 1988 Repair Cream harnesses a calming blend of plant-based extracts, including mugwort, aloe and centella asiatica water, to soothe sensitive and troubled skin. Niacinamide and ceramide NP help strengthen the skin barrier and support moisture balance for healthier-looking skin in the long term.<\/span><span style=\"font-family: noto, Helvetica, Arial, tahoma,\"><span class=\"Apple-converted-space\">&nbsp;<\/span><\/span><\/p>\n<p><span style=\"font-family: noto, Helvetica, Arial, tahoma,\"><span class=\"Apple-converted-space\"><\/span><\/span><\/p>\n<p><b>Comment l'utiliser :<\/b><\/p>\n<li>Apr\u00e8s avoir nettoy\u00e9 et tonifi\u00e9 la peau, appliquer uniform\u00e9ment une quantit\u00e9 mod\u00e9r\u00e9e sur la peau et tapoter d\u00e9licatement pour une meilleure absorption.<\/li>","protected":false},"excerpt":{"rendered":"<p>K-SECRET\u2019s SEOUL 1988 Repair Cream harnesses a calming blend of plant-based extracts, including mugwort, aloe and centella asiatica water, to soothe sensitive and troubled skin. Niacinamide and ceramide NP help strengthen the skin barrier and support moisture balance for healthier-looking skin in the long term.&nbsp; How to use: After cleansing and toning, apply a moderate [&hellip;]<\/p>\n","protected":false},"featured_media":11866,"comment_status":"open","ping_status":"closed","template":"","meta":{"om_disable_all_campaigns":false},"product_brand":[],"product_cat":[15],"product_tag":[],"class_list":{"0":"post-11869","1":"product","2":"type-product","3":"status-publish","4":"has-post-thumbnail","6":"product_cat-uncategorized","8":"first","9":"instock","10":"shipping-taxable","11":"purchasable","12":"product-type-simple"},"aioseo_notices":[],"jetpack_sharing_enabled":true,"_links":{"self":[{"href":"https:\/\/k-beautyci.com\/fr\/wp-json\/wp\/v2\/product\/11869","targetHints":{"allow":["GET"]}}],"collection":[{"href":"https:\/\/k-beautyci.com\/fr\/wp-json\/wp\/v2\/product"}],"about":[{"href":"https:\/\/k-beautyci.com\/fr\/wp-json\/wp\/v2\/types\/product"}],"replies":[{"embeddable":true,"href":"https:\/\/k-beautyci.com\/fr\/wp-json\/wp\/v2\/comments?post=11869"}],"wp:featuredmedia":[{"embeddable":true,"href":"https:\/\/k-beautyci.com\/fr\/wp-json\/wp\/v2\/media\/11866"}],"wp:attachment":[{"href":"https:\/\/k-beautyci.com\/fr\/wp-json\/wp\/v2\/media?parent=11869"}],"wp:term":[{"taxonomy":"product_brand","embeddable":true,"href":"https:\/\/k-beautyci.com\/fr\/wp-json\/wp\/v2\/product_brand?post=11869"},{"taxonomy":"product_cat","embeddable":true,"href":"https:\/\/k-beautyci.com\/fr\/wp-json\/wp\/v2\/product_cat?post=11869"},{"taxonomy":"product_tag","embeddable":true,"href":"https:\/\/k-beautyci.com\/fr\/wp-json\/wp\/v2\/product_tag?post=11869"}],"curies":[{"name":"wp","href":"https:\/\/api.w.org\/{rel}","templated":true}]}}