{"id":1172,"date":"2023-05-23T15:06:29","date_gmt":"2023-05-23T15:06:29","guid":{"rendered":"https:\/\/k-beautyci.com\/?post_type=product&#038;p=1172"},"modified":"2024-04-24T14:41:48","modified_gmt":"2024-04-24T14:41:48","slug":"torriden-dive-in-trial-kit","status":"publish","type":"product","link":"https:\/\/k-beautyci.com\/fr\/produit\/torriden-dive-in-trial-kit\/","title":{"rendered":"Torriden Dive-In Trial Kit"},"content":{"rendered":"<p><strong>Size:<\/strong><\/p>\n<p>4pcs;<\/p>\n<p>Dive-In Low Molecular Hyaluronic Acid Cleansing Foam (30 mL),\u00a0Dive-In Low Molecular Hyaluronic Acid Toner (50 mL),\u00a0Dive-In Low Molecular Hyaluronic Acid Serum (20 mL),\u00a0Dive-In Low Molecular Hyaluronic Acid Soothing Cream (20 mL)<\/p>\n<p>&nbsp;<\/p>","protected":false},"excerpt":{"rendered":"<p>Le kit d'essai Torriden Dive-In est une collection de leurs produits les plus vendus en format miniature, \u00e0 savoir le nettoyant, le tonique, le s\u00e9rum et la cr\u00e8me hydratante. C'est le meilleur moyen de tester ces produits avant de s'engager \u00e0 les acheter en taille r\u00e9elle !<\/p>\n<p>COMMENT L'UTILISER :<\/p>\n<p>Mousse nettoyante \u00e0 base d'acide hyaluronique  : Verser une quantit\u00e9 suffisante sur les mains mouill\u00e9es et frotter avec une petite quantit\u00e9 d'eau pour faire mousser. Masser d\u00e9licatement le visage et le cou et rincer abondamment \u00e0 l'eau ti\u00e8de.<\/p>\n<p>Tonique \u00e0 base d'acide hyaluronique : Apr\u00e8s le nettoyage, appliquer une quantit\u00e9 appropri\u00e9e sur un coton (ou du bout des doigts). Masser d\u00e9licatement sur le visage et le cou et tapoter pour faciliter l'absorption.<\/p>\n<p>S\u00e9rum d'acide hyaluronique  : Appliquer 2 \u00e0 3 gouttes sur la peau propre apr\u00e8s l'\u00e9tape du tonique. Masser doucement et tapoter pour faciliter l'absorption.<\/p>\n<p>Cr\u00e8me apaisante \u00e0 base d'acide hyaluronique  : Appliquer une quantit\u00e9 appropri\u00e9e sur la peau propre apr\u00e8s l'\u00e9tape du s\u00e9rum. Tapoter doucement pour faciliter l'absorption. Appliquer ensuite la cr\u00e8me solaire le matin.<\/p>","protected":false},"featured_media":1174,"comment_status":"open","ping_status":"closed","template":"","meta":{"om_disable_all_campaigns":false},"product_brand":[],"product_cat":[57,42,35,26,31,39,69,64,66,41,164],"product_tag":[],"class_list":{"0":"post-1172","1":"product","2":"type-product","3":"status-publish","4":"has-post-thumbnail","6":"product_cat-anti-aging","7":"product_cat-dry-skin","8":"product_cat-face-cleansers","9":"product_cat-face-moisturizer","10":"product_cat-face-serums","11":"product_cat-face-toners","12":"product_cat-hyaluronic-acid","13":"product_cat-kits-duos","14":"product_cat-normal-combination-skin","15":"product_cat-oily-skin","16":"product_cat-torriden","18":"first","19":"outofstock","20":"shipping-taxable","21":"purchasable","22":"product-type-simple"},"aioseo_notices":[],"jetpack_sharing_enabled":true,"_links":{"self":[{"href":"https:\/\/k-beautyci.com\/fr\/wp-json\/wp\/v2\/product\/1172","targetHints":{"allow":["GET"]}}],"collection":[{"href":"https:\/\/k-beautyci.com\/fr\/wp-json\/wp\/v2\/product"}],"about":[{"href":"https:\/\/k-beautyci.com\/fr\/wp-json\/wp\/v2\/types\/product"}],"replies":[{"embeddable":true,"href":"https:\/\/k-beautyci.com\/fr\/wp-json\/wp\/v2\/comments?post=1172"}],"wp:featuredmedia":[{"embeddable":true,"href":"https:\/\/k-beautyci.com\/fr\/wp-json\/wp\/v2\/media\/1174"}],"wp:attachment":[{"href":"https:\/\/k-beautyci.com\/fr\/wp-json\/wp\/v2\/media?parent=1172"}],"wp:term":[{"taxonomy":"product_brand","embeddable":true,"href":"https:\/\/k-beautyci.com\/fr\/wp-json\/wp\/v2\/product_brand?post=1172"},{"taxonomy":"product_cat","embeddable":true,"href":"https:\/\/k-beautyci.com\/fr\/wp-json\/wp\/v2\/product_cat?post=1172"},{"taxonomy":"product_tag","embeddable":true,"href":"https:\/\/k-beautyci.com\/fr\/wp-json\/wp\/v2\/product_tag?post=1172"}],"curies":[{"name":"wp","href":"https:\/\/api.w.org\/{rel}","templated":true}]}}