{"id":1170,"date":"2023-05-23T15:06:07","date_gmt":"2023-05-23T15:06:07","guid":{"rendered":"https:\/\/k-beautyci.com\/?post_type=product&#038;p=1170"},"modified":"2026-02-07T10:15:19","modified_gmt":"2026-02-07T10:15:19","slug":"tony-moly-wonder-ceramide-mochi-toner-500ml","status":"publish","type":"product","link":"https:\/\/k-beautyci.com\/fr\/produit\/tony-moly-wonder-ceramide-mochi-toner-500ml\/","title":{"rendered":"TONY MOLY Wonder Ceramide Mochi Toner"},"content":{"rendered":"<p>Le tonique Wonder Ceramide Mochi peut \u00eatre utilis\u00e9 de multiples fa\u00e7ons selon le type de probl\u00e8mes de peau que vous avez !<\/p>\n<p>Pour les peaux normales<\/p>\n<ol>\n<li>Apr\u00e8s avoir lav\u00e9 votre visage, imbibez un coton de tonique et passez-le sur la peau pour \u00e9liminer les toxines et les impuret\u00e9s restantes.<\/li>\n<li>Faire p\u00e9n\u00e9trer d\u00e9licatement le reste du tonique dans la peau jusqu'\u00e0 ce que le produit soit enti\u00e8rement absorb\u00e9.<\/li>\n<li>Poursuivez avec le reste de votre routine de soins de la peau !<\/li>\n<\/ol>\n<p>Pour les peaux s\u00e8ches et d\u00e9shydrat\u00e9es<\/p>\n<ol>\n<li>Essayez la m\u00e9thode des 7 peaux !\u00a0Versez une petite quantit\u00e9 de tonique dans vos mains nues et propres et faites p\u00e9n\u00e9trer le produit dans votre peau en tapotant doucement jusqu'\u00e0 ce qu'il soit enti\u00e8rement absorb\u00e9.<\/li>\n<li>R\u00e9p\u00e9tez l'op\u00e9ration 7 fois pour hydrater la peau en profondeur.<\/li>\n<li>Poursuivez avec le reste de votre routine de soins de la peau !<\/li>\n<\/ol>\n<p>Pour les peaux tr\u00e8s s\u00e8ches ou mixtes<\/p>\n<ol>\n<li>Imbibez plusieurs cotons de toner.<\/li>\n<li>Placez des disques de coton imbib\u00e9s sur le visage, comme pour un masque en feuille, en insistant sur les zones s\u00e8ches (joues, front, nez, etc.).<\/li>\n<li>Laissez le tonique p\u00e9n\u00e9trer dans votre peau pendant 10 minutes, puis retirez les tampons. Tapotez doucement le reste du tonique sur la peau jusqu'\u00e0 ce que le produit soit enti\u00e8rement absorb\u00e9.<\/li>\n<li>Poursuivez avec le reste de votre routine de soins de la peau !<\/li>\n<\/ol>\n<p>Pour une hydratation tout au long de la journ\u00e9e<\/p>\n<ol>\n<li>Verser le toner dans un flacon propre et vide.<\/li>\n<li>Vaporiser le tonique en brume tout au long de la journ\u00e9e, si n\u00e9cessaire, pour une hydratation continue.<\/li>\n<\/ol>","protected":false},"excerpt":{"rendered":"<p>Un tonique multi-usages, de format \u00e9conomique, qui fait des merveilles ? Voici le tonique Wonder Ceramide Mochi, un tonique hydratant et r\u00e9parateur qui nourrit les peaux s\u00e8ches et fragiles gr\u00e2ce \u00e0 une texture visqueuse hydratante qui donne \u00e0 la peau une apparence et une sensation plus fortes et plus saines. Formul\u00e9 avec des c\u00e9ramides qui aident \u00e0 renforcer la barri\u00e8re d'hydratation de la peau et des ingr\u00e9dients EWG Green, ce tonique doux et hypoallerg\u00e9nique fournit des soins quotidiens qui aident \u00e0 renforcer, hydrater et prot\u00e9ger la peau pour que vous puissiez obtenir une peau lisse, rebondie et semblable \u00e0 celle d'un mocchi !<\/p>","protected":false},"featured_media":1171,"comment_status":"open","ping_status":"closed","template":"","meta":{"om_disable_all_campaigns":false},"product_brand":[],"product_cat":[88,148,42,39,66,41,163],"product_tag":[],"class_list":{"0":"post-1170","1":"product","2":"type-product","3":"status-publish","4":"has-post-thumbnail","6":"product_cat-centella","7":"product_cat-ceramide","8":"product_cat-dry-skin","9":"product_cat-face-toners","10":"product_cat-normal-combination-skin","11":"product_cat-oily-skin","12":"product_cat-tony-moly","14":"first","15":"instock","16":"sale","17":"shipping-taxable","18":"purchasable","19":"product-type-variable"},"aioseo_notices":[],"jetpack_sharing_enabled":true,"_links":{"self":[{"href":"https:\/\/k-beautyci.com\/fr\/wp-json\/wp\/v2\/product\/1170","targetHints":{"allow":["GET"]}}],"collection":[{"href":"https:\/\/k-beautyci.com\/fr\/wp-json\/wp\/v2\/product"}],"about":[{"href":"https:\/\/k-beautyci.com\/fr\/wp-json\/wp\/v2\/types\/product"}],"replies":[{"embeddable":true,"href":"https:\/\/k-beautyci.com\/fr\/wp-json\/wp\/v2\/comments?post=1170"}],"wp:featuredmedia":[{"embeddable":true,"href":"https:\/\/k-beautyci.com\/fr\/wp-json\/wp\/v2\/media\/1171"}],"wp:attachment":[{"href":"https:\/\/k-beautyci.com\/fr\/wp-json\/wp\/v2\/media?parent=1170"}],"wp:term":[{"taxonomy":"product_brand","embeddable":true,"href":"https:\/\/k-beautyci.com\/fr\/wp-json\/wp\/v2\/product_brand?post=1170"},{"taxonomy":"product_cat","embeddable":true,"href":"https:\/\/k-beautyci.com\/fr\/wp-json\/wp\/v2\/product_cat?post=1170"},{"taxonomy":"product_tag","embeddable":true,"href":"https:\/\/k-beautyci.com\/fr\/wp-json\/wp\/v2\/product_tag?post=1170"}],"curies":[{"name":"wp","href":"https:\/\/api.w.org\/{rel}","templated":true}]}}