{"id":1168,"date":"2023-05-23T15:07:51","date_gmt":"2023-05-23T15:07:51","guid":{"rendered":"https:\/\/k-beautyci.com\/?post_type=product&#038;p=1168"},"modified":"2026-03-20T15:32:54","modified_gmt":"2026-03-20T15:32:54","slug":"acwell-licorice-ph-balancing-cleansing-toner-150ml","status":"publish","type":"product","link":"https:\/\/k-beautyci.com\/fr\/produit\/acwell-licorice-ph-balancing-cleansing-toner-150ml\/","title":{"rendered":"ACWELL Licorice pH Balancing Cleansing Toner 150ml"},"content":{"rendered":"<p><strong>COMMENT L'UTILISER :<\/strong><\/p>\n<ol>\n<li>Apr\u00e8s avoir nettoy\u00e9 le visage, appliquez le produit sur la paume de vos mains et faites-le p\u00e9n\u00e9trer d\u00e9licatement dans votre visage.<\/li>\n<li>Poursuivez votre routine de soins lorsque le produit a \u00e9t\u00e9 absorb\u00e9 par la peau.<\/li>\n<\/ol>\n<p>&nbsp;<\/p>\n<p>Avertissement : Pour usage externe uniquement. Effectuez toujours un test \u00e9picutan\u00e9. Cessez d'utiliser le produit si vous ressentez une quelconque g\u00eane. Suivre les instructions suppl\u00e9mentaires figurant sur l'emballage. Les r\u00e9sultats individuels peuvent varier. Ce produit contient de l'acide citrique : un acide alpha-hydroxyl\u00e9 qui peut augmenter la sensibilit\u00e9 de votre peau au soleil et notamment la possibilit\u00e9 de coups de soleil. Veuillez limiter l'exposition au soleil pendant l'utilisation de ce produit et pendant la semaine qui suit. Utilisez toujours un \u00e9cran solaire.<\/p>\n<p>&nbsp;<\/p>","protected":false},"excerpt":{"rendered":"<p>Le Licorice pH Balancing Cleansing Toner est l\u00e9ger mais ultra hydratant, et aide votre peau \u00e0 briller gr\u00e2ce aux nutriments de la racine de r\u00e9glisse. C'est un graal de la K-beauty.<\/p>\n<p>B\u00c9N\u00c9FICES<\/p>\n<ul>\n<li>L'eau et l'extrait de racine de r\u00e9glisse am\u00e9liorent la texture irr\u00e9guli\u00e8re de la peau et att\u00e9nuent l'apparence des rougeurs.<\/li>\n<li>Formul\u00e9 avec un ph de 5,5 pour rafra\u00eechir la peau.<\/li>\n<li>La formule aqueuse l\u00e9g\u00e8re \u00e9limine l'exc\u00e8s de s\u00e9bum.<\/li>\n<\/ul>","protected":false},"featured_media":7935,"comment_status":"open","ping_status":"closed","template":"","meta":{"om_disable_all_campaigns":false},"product_brand":[],"product_cat":[162,25,52,39],"product_tag":[],"class_list":{"0":"post-1168","1":"product","2":"type-product","3":"status-publish","4":"has-post-thumbnail","6":"product_cat-acwell","7":"product_cat-asian-brands","8":"product_cat-dark-spots","9":"product_cat-face-toners","11":"first","12":"instock","13":"sale","14":"shipping-taxable","15":"purchasable","16":"product-type-variable"},"aioseo_notices":[],"jetpack_sharing_enabled":true,"_links":{"self":[{"href":"https:\/\/k-beautyci.com\/fr\/wp-json\/wp\/v2\/product\/1168","targetHints":{"allow":["GET"]}}],"collection":[{"href":"https:\/\/k-beautyci.com\/fr\/wp-json\/wp\/v2\/product"}],"about":[{"href":"https:\/\/k-beautyci.com\/fr\/wp-json\/wp\/v2\/types\/product"}],"replies":[{"embeddable":true,"href":"https:\/\/k-beautyci.com\/fr\/wp-json\/wp\/v2\/comments?post=1168"}],"wp:featuredmedia":[{"embeddable":true,"href":"https:\/\/k-beautyci.com\/fr\/wp-json\/wp\/v2\/media\/7935"}],"wp:attachment":[{"href":"https:\/\/k-beautyci.com\/fr\/wp-json\/wp\/v2\/media?parent=1168"}],"wp:term":[{"taxonomy":"product_brand","embeddable":true,"href":"https:\/\/k-beautyci.com\/fr\/wp-json\/wp\/v2\/product_brand?post=1168"},{"taxonomy":"product_cat","embeddable":true,"href":"https:\/\/k-beautyci.com\/fr\/wp-json\/wp\/v2\/product_cat?post=1168"},{"taxonomy":"product_tag","embeddable":true,"href":"https:\/\/k-beautyci.com\/fr\/wp-json\/wp\/v2\/product_tag?post=1168"}],"curies":[{"name":"wp","href":"https:\/\/api.w.org\/{rel}","templated":true}]}}