{"id":1161,"date":"2023-05-23T15:04:06","date_gmt":"2023-05-23T15:04:06","guid":{"rendered":"https:\/\/k-beautyci.com\/?post_type=product&#038;p=1161"},"modified":"2026-04-04T21:18:11","modified_gmt":"2026-04-04T21:18:11","slug":"marymay-tranexamic-acid-glutathione-eye-cream","status":"publish","type":"product","link":"https:\/\/k-beautyci.com\/fr\/produit\/marymay-tranexamic-acid-glutathione-eye-cream\/","title":{"rendered":"Mary&#038;May Tranexamic Acid + Glutathione Eye Cream"},"content":{"rendered":"<p><strong>COMMENT L'UTILISER :<\/strong><\/p>\n<p>1) D\u00e9poser une petite quantit\u00e9 de produit sur l'annulaire et l'appliquer sur le contour des yeux. Faire p\u00e9n\u00e9trer doucement dans la peau pour l'absorber.<\/p>\n<p>2. Use\u00a0 AM and PM.<\/p>","protected":false},"excerpt":{"rendered":"<p>Cr\u00e8me pour les yeux exclusivement.<br \/>\nMary&amp;May Eye Cream est une cr\u00e8me fonctionnelle pour les yeux qui \u00e9claircit intens\u00e9ment les cernes autour des yeux et pr\u00e9vient la formation d'imperfections.<\/p>\n<ul>\n<li>1 000 ppm de glutathion - \u00c9claircissement intensif du contour des yeux ternes<\/li>\n<li>1 000 ppm d'acide tranexamique - \u00c9claircit le contour des yeux en supprimant la production de m\u00e9lanine.<\/li>\n<li>\u00a0Vitamine C - Clarifie la peau en \u00e9liminant les taches de rousseur, les imperfections et les points noirs.<\/li>\n<\/ul>","protected":false},"featured_media":1165,"comment_status":"open","ping_status":"closed","template":"","meta":{"om_disable_all_campaigns":false},"product_brand":[],"product_cat":[57,25,38,96],"product_tag":[],"class_list":{"0":"post-1161","1":"product","2":"type-product","3":"status-publish","4":"has-post-thumbnail","6":"product_cat-anti-aging","7":"product_cat-asian-brands","8":"product_cat-eye-care","9":"product_cat-mary-may","11":"first","12":"instock","13":"shipping-taxable","14":"purchasable","15":"product-type-variable"},"aioseo_notices":[],"jetpack_sharing_enabled":true,"_links":{"self":[{"href":"https:\/\/k-beautyci.com\/fr\/wp-json\/wp\/v2\/product\/1161","targetHints":{"allow":["GET"]}}],"collection":[{"href":"https:\/\/k-beautyci.com\/fr\/wp-json\/wp\/v2\/product"}],"about":[{"href":"https:\/\/k-beautyci.com\/fr\/wp-json\/wp\/v2\/types\/product"}],"replies":[{"embeddable":true,"href":"https:\/\/k-beautyci.com\/fr\/wp-json\/wp\/v2\/comments?post=1161"}],"wp:featuredmedia":[{"embeddable":true,"href":"https:\/\/k-beautyci.com\/fr\/wp-json\/wp\/v2\/media\/1165"}],"wp:attachment":[{"href":"https:\/\/k-beautyci.com\/fr\/wp-json\/wp\/v2\/media?parent=1161"}],"wp:term":[{"taxonomy":"product_brand","embeddable":true,"href":"https:\/\/k-beautyci.com\/fr\/wp-json\/wp\/v2\/product_brand?post=1161"},{"taxonomy":"product_cat","embeddable":true,"href":"https:\/\/k-beautyci.com\/fr\/wp-json\/wp\/v2\/product_cat?post=1161"},{"taxonomy":"product_tag","embeddable":true,"href":"https:\/\/k-beautyci.com\/fr\/wp-json\/wp\/v2\/product_tag?post=1161"}],"curies":[{"name":"wp","href":"https:\/\/api.w.org\/{rel}","templated":true}]}}