{"id":1157,"date":"2023-05-23T14:30:46","date_gmt":"2023-05-23T14:30:46","guid":{"rendered":"https:\/\/k-beautyci.com\/?post_type=product&#038;p=1157"},"modified":"2025-08-30T00:39:26","modified_gmt":"2025-08-30T00:39:26","slug":"marymay-niacinamide-vitamin-c-brightening-mask-pack","status":"publish","type":"product","link":"https:\/\/k-beautyci.com\/fr\/produit\/marymay-niacinamide-vitamin-c-brightening-mask-pack\/","title":{"rendered":"MARY&amp;MAY Niacinamide Vitamin C Brightening Mask Pack"},"content":{"rendered":"<p><strong>COMMENT L'UTILISER :<\/strong><\/p>\n<p>D\u00e9plier le masque et l'aligner sur le visage. Laisser agir pendant 10 \u00e0 20 minutes. Apr\u00e8s l'avoir retir\u00e9, faire p\u00e9n\u00e9trer le reste de l'essence dans la peau en tapotant l\u00e9g\u00e8rement.<\/p>\n<p>&nbsp;<\/p>","protected":false},"excerpt":{"rendered":"<p>Mary &amp; May Niacinamide + Vitamin Brightening Mask Pack, contenant du niacinamide + de la vitamine C qui \u00e9claircit les peaux ternes et fonc\u00e9es, masque de soin quotidien \u00e9claircissant !<\/p>\n<p>30 feuilles de masques dans un \u00e9tui exclusif facile \u00e0 utiliser. Un paquet de masques pratique, \u00e0 tirer une feuille \u00e0 la fois.<\/p>","protected":false},"featured_media":1159,"comment_status":"open","ping_status":"closed","template":"","meta":{"om_disable_all_campaigns":false},"product_brand":[],"product_cat":[52,32,62,26,31,69,96,74,72],"product_tag":[],"class_list":{"0":"post-1157","1":"product","2":"type-product","3":"status-publish","4":"has-post-thumbnail","6":"product_cat-dark-spots","7":"product_cat-essence","8":"product_cat-face-masks","9":"product_cat-face-moisturizer","10":"product_cat-face-serums","11":"product_cat-hyaluronic-acid","12":"product_cat-mary-may","13":"product_cat-niacinamide","14":"product_cat-vitamin-c","16":"first","17":"instock","18":"sale","19":"shipping-taxable","20":"purchasable","21":"product-type-simple"},"aioseo_notices":[],"jetpack_sharing_enabled":true,"_links":{"self":[{"href":"https:\/\/k-beautyci.com\/fr\/wp-json\/wp\/v2\/product\/1157","targetHints":{"allow":["GET"]}}],"collection":[{"href":"https:\/\/k-beautyci.com\/fr\/wp-json\/wp\/v2\/product"}],"about":[{"href":"https:\/\/k-beautyci.com\/fr\/wp-json\/wp\/v2\/types\/product"}],"replies":[{"embeddable":true,"href":"https:\/\/k-beautyci.com\/fr\/wp-json\/wp\/v2\/comments?post=1157"}],"wp:featuredmedia":[{"embeddable":true,"href":"https:\/\/k-beautyci.com\/fr\/wp-json\/wp\/v2\/media\/1159"}],"wp:attachment":[{"href":"https:\/\/k-beautyci.com\/fr\/wp-json\/wp\/v2\/media?parent=1157"}],"wp:term":[{"taxonomy":"product_brand","embeddable":true,"href":"https:\/\/k-beautyci.com\/fr\/wp-json\/wp\/v2\/product_brand?post=1157"},{"taxonomy":"product_cat","embeddable":true,"href":"https:\/\/k-beautyci.com\/fr\/wp-json\/wp\/v2\/product_cat?post=1157"},{"taxonomy":"product_tag","embeddable":true,"href":"https:\/\/k-beautyci.com\/fr\/wp-json\/wp\/v2\/product_tag?post=1157"}],"curies":[{"name":"wp","href":"https:\/\/api.w.org\/{rel}","templated":true}]}}