{"id":1149,"date":"2023-05-23T14:30:00","date_gmt":"2023-05-23T14:30:00","guid":{"rendered":"https:\/\/k-beautyci.com\/?post_type=product&#038;p=1149"},"modified":"2023-10-03T05:47:44","modified_gmt":"2023-10-03T05:47:44","slug":"innisfree-squeeze-energy-mask-22ml","status":"publish","type":"product","link":"https:\/\/k-beautyci.com\/fr\/produit\/innisfree-squeeze-energy-mask-22ml\/","title":{"rendered":"Innisfree Squeeze Energy Mask 22ml"},"content":{"rendered":"<p><strong>COMMENT L'UTILISER :<\/strong><\/p>\n<p>Apr\u00e8s le nettoyage, d\u00e9plier et lisser la feuille sur le visage et laisser agir pendant 10 \u00e0 20 minutes.<\/p>\n<p>Pelez et tapotez d\u00e9licatement la peau pour une meilleure absorption de l'essence et suivez votre routine de soins habituelle.<\/p>\n<p>A utiliser de pr\u00e9f\u00e9rence 1 \u00e0 2 fois par semaine<\/p>","protected":false},"excerpt":{"rendered":"<p>Fid\u00e8les \u00e0 leur nom, ces masques l\u00e9gers et ajust\u00e9s dorlotent la peau en lui apportant une hydratation apaisante. Choisissez votre solution de soin et laissez la magie op\u00e9rer.<\/p>","protected":false},"featured_media":1154,"comment_status":"open","ping_status":"closed","template":"","meta":{"om_disable_all_campaigns":false},"product_brand":[],"product_cat":[25,62,154],"product_tag":[],"class_list":{"0":"post-1149","1":"product","2":"type-product","3":"status-publish","4":"has-post-thumbnail","6":"product_cat-asian-brands","7":"product_cat-face-masks","8":"product_cat-innisfree","10":"first","11":"outofstock","12":"shipping-taxable","13":"purchasable","14":"product-type-variable"},"aioseo_notices":[],"jetpack_sharing_enabled":true,"_links":{"self":[{"href":"https:\/\/k-beautyci.com\/fr\/wp-json\/wp\/v2\/product\/1149","targetHints":{"allow":["GET"]}}],"collection":[{"href":"https:\/\/k-beautyci.com\/fr\/wp-json\/wp\/v2\/product"}],"about":[{"href":"https:\/\/k-beautyci.com\/fr\/wp-json\/wp\/v2\/types\/product"}],"replies":[{"embeddable":true,"href":"https:\/\/k-beautyci.com\/fr\/wp-json\/wp\/v2\/comments?post=1149"}],"wp:featuredmedia":[{"embeddable":true,"href":"https:\/\/k-beautyci.com\/fr\/wp-json\/wp\/v2\/media\/1154"}],"wp:attachment":[{"href":"https:\/\/k-beautyci.com\/fr\/wp-json\/wp\/v2\/media?parent=1149"}],"wp:term":[{"taxonomy":"product_brand","embeddable":true,"href":"https:\/\/k-beautyci.com\/fr\/wp-json\/wp\/v2\/product_brand?post=1149"},{"taxonomy":"product_cat","embeddable":true,"href":"https:\/\/k-beautyci.com\/fr\/wp-json\/wp\/v2\/product_cat?post=1149"},{"taxonomy":"product_tag","embeddable":true,"href":"https:\/\/k-beautyci.com\/fr\/wp-json\/wp\/v2\/product_tag?post=1149"}],"curies":[{"name":"wp","href":"https:\/\/api.w.org\/{rel}","templated":true}]}}