{"id":1144,"date":"2023-05-23T14:29:27","date_gmt":"2023-05-23T14:29:27","guid":{"rendered":"https:\/\/k-beautyci.com\/?post_type=product&#038;p=1144"},"modified":"2026-03-02T21:25:46","modified_gmt":"2026-03-02T21:25:46","slug":"abib-quick-sun-stick-protection-bar-spf-50","status":"publish","type":"product","link":"https:\/\/k-beautyci.com\/fr\/produit\/abib-quick-sun-stick-protection-bar-spf-50\/","title":{"rendered":"Abib Quick Sun Stick Protection Bar &#8211; SPF 50+"},"content":{"rendered":"<p><strong>COMMENT L'UTILISER : <\/strong>Pr\u00e9lever une quantit\u00e9 suffisante et l'appliquer uniform\u00e9ment sur le visage en suivant le grain de la peau.<\/p>","protected":false},"excerpt":{"rendered":"<p>Prot\u00e9gez votre peau du soleil br\u00fblant avec ce stick solaire pratique ! Offrant une protection SPF50+ PA++++, il glisse sur la peau en douceur sans laisser de r\u00e9sidus collants ou de traces blanches. Il peut \u00eatre appliqu\u00e9 plusieurs fois sur la peau apr\u00e8s le maquillage pour une protection continue. Contient du peptide d'acacia et du c\u00e9ramide pour fortifier la barri\u00e8re cutan\u00e9e contre les agressions ext\u00e9rieures.<\/p>","protected":false},"featured_media":1145,"comment_status":"open","ping_status":"closed","template":"","meta":{"om_disable_all_campaigns":false},"product_brand":[],"product_cat":[158,25,148,77,75],"product_tag":[],"class_list":{"0":"post-1144","1":"product","2":"type-product","3":"status-publish","4":"has-post-thumbnail","6":"product_cat-abib","7":"product_cat-asian-brands","8":"product_cat-ceramide","9":"product_cat-spf-50","10":"product_cat-sunscreens","12":"first","13":"outofstock","14":"sale","15":"shipping-taxable","16":"purchasable","17":"product-type-simple"},"aioseo_notices":[],"jetpack_sharing_enabled":true,"_links":{"self":[{"href":"https:\/\/k-beautyci.com\/fr\/wp-json\/wp\/v2\/product\/1144","targetHints":{"allow":["GET"]}}],"collection":[{"href":"https:\/\/k-beautyci.com\/fr\/wp-json\/wp\/v2\/product"}],"about":[{"href":"https:\/\/k-beautyci.com\/fr\/wp-json\/wp\/v2\/types\/product"}],"replies":[{"embeddable":true,"href":"https:\/\/k-beautyci.com\/fr\/wp-json\/wp\/v2\/comments?post=1144"}],"wp:featuredmedia":[{"embeddable":true,"href":"https:\/\/k-beautyci.com\/fr\/wp-json\/wp\/v2\/media\/1145"}],"wp:attachment":[{"href":"https:\/\/k-beautyci.com\/fr\/wp-json\/wp\/v2\/media?parent=1144"}],"wp:term":[{"taxonomy":"product_brand","embeddable":true,"href":"https:\/\/k-beautyci.com\/fr\/wp-json\/wp\/v2\/product_brand?post=1144"},{"taxonomy":"product_cat","embeddable":true,"href":"https:\/\/k-beautyci.com\/fr\/wp-json\/wp\/v2\/product_cat?post=1144"},{"taxonomy":"product_tag","embeddable":true,"href":"https:\/\/k-beautyci.com\/fr\/wp-json\/wp\/v2\/product_tag?post=1144"}],"curies":[{"name":"wp","href":"https:\/\/api.w.org\/{rel}","templated":true}]}}