{"id":11420,"date":"2026-03-08T17:35:26","date_gmt":"2026-03-08T17:35:26","guid":{"rendered":"https:\/\/k-beautyci.com\/?post_type=product&#038;p=11420"},"modified":"2026-03-08T17:35:29","modified_gmt":"2026-03-08T17:35:29","slug":"heimish-rx-hyaluronic-acid-hydrating-sunscreen","status":"publish","type":"product","link":"https:\/\/k-beautyci.com\/fr\/produit\/heimish-rx-hyaluronic-acid-hydrating-sunscreen\/","title":{"rendered":"Heimish RX Hyaluronic Acid Hydrating Sunscreen"},"content":{"rendered":"<p>Comment l'utiliser :<\/p>\n<p>As the last step of your skincare routine, apply an even layer to all exposed areas at least 15 minutes before sun exposure. Reapply throughout the day for continued protection.<\/p>\n<p>Avertissement : Pour usage externe uniquement. Toujours effectuer un test \u00e9picutan\u00e9. Cessez d'utiliser le produit si vous ressentez une quelconque g\u00eane. Suivre les instructions suppl\u00e9mentaires figurant sur l'emballage. Les r\u00e9sultats individuels peuvent varier.<\/p>","protected":false},"excerpt":{"rendered":"<p>The Heimish RX Hyaluronic Acid Hydrating Sunscreen SPF50+ PA++++ is a lightweight, daily sunscreen that offers powerful UV protection with added skin benefits. Hyaluronic acid provides deep hydration, while blue agave leaf extract soothes and revitalizes. Panthenol supports the skin barrier, and vitamin E offers antioxidant defense. It absorbs smoothly with no white cast, making it perfect under makeup or on its own.<\/p>","protected":false},"featured_media":11424,"comment_status":"open","ping_status":"closed","template":"","meta":{"om_disable_all_campaigns":false},"product_brand":[],"product_cat":[91,69,77,75],"product_tag":[],"class_list":{"0":"post-11420","1":"product","2":"type-product","3":"status-publish","4":"has-post-thumbnail","6":"product_cat-heimish","7":"product_cat-hyaluronic-acid","8":"product_cat-spf-50","9":"product_cat-sunscreens","11":"first","12":"instock","13":"shipping-taxable","14":"purchasable","15":"product-type-simple"},"aioseo_notices":[],"jetpack_sharing_enabled":true,"_links":{"self":[{"href":"https:\/\/k-beautyci.com\/fr\/wp-json\/wp\/v2\/product\/11420","targetHints":{"allow":["GET"]}}],"collection":[{"href":"https:\/\/k-beautyci.com\/fr\/wp-json\/wp\/v2\/product"}],"about":[{"href":"https:\/\/k-beautyci.com\/fr\/wp-json\/wp\/v2\/types\/product"}],"replies":[{"embeddable":true,"href":"https:\/\/k-beautyci.com\/fr\/wp-json\/wp\/v2\/comments?post=11420"}],"wp:featuredmedia":[{"embeddable":true,"href":"https:\/\/k-beautyci.com\/fr\/wp-json\/wp\/v2\/media\/11424"}],"wp:attachment":[{"href":"https:\/\/k-beautyci.com\/fr\/wp-json\/wp\/v2\/media?parent=11420"}],"wp:term":[{"taxonomy":"product_brand","embeddable":true,"href":"https:\/\/k-beautyci.com\/fr\/wp-json\/wp\/v2\/product_brand?post=11420"},{"taxonomy":"product_cat","embeddable":true,"href":"https:\/\/k-beautyci.com\/fr\/wp-json\/wp\/v2\/product_cat?post=11420"},{"taxonomy":"product_tag","embeddable":true,"href":"https:\/\/k-beautyci.com\/fr\/wp-json\/wp\/v2\/product_tag?post=11420"}],"curies":[{"name":"wp","href":"https:\/\/api.w.org\/{rel}","templated":true}]}}