{"id":11411,"date":"2026-03-08T17:33:34","date_gmt":"2026-03-08T17:33:34","guid":{"rendered":"https:\/\/k-beautyci.com\/?post_type=product&#038;p=11411"},"modified":"2026-04-10T11:49:10","modified_gmt":"2026-04-10T11:49:10","slug":"heimish-matcha-biome-oil-free-calming-gel-moisturizer-100ml","status":"publish","type":"product","link":"https:\/\/k-beautyci.com\/fr\/produit\/heimish-matcha-biome-oil-free-calming-gel-moisturizer-100ml\/","title":{"rendered":"Heimish Matcha Biome Oil-Free Calming Gel Moisturizer 100ml"},"content":{"rendered":"<p>Avertissement : Pour usage externe uniquement. Toujours effectuer un test \u00e9picutan\u00e9. Cessez d'utiliser le produit si vous ressentez une quelconque g\u00eane. Suivre les instructions suppl\u00e9mentaires figurant sur l'emballage. Les r\u00e9sultats individuels peuvent varier.<\/p>","protected":false},"excerpt":{"rendered":"<p>Cette cr\u00e8me hydratante regorge d'antioxydants, de vitamines et d'ingr\u00e9dients probiotiques pour apaiser les irritations, r\u00e9parer la peau endommag\u00e9e et hydrater. Cette cr\u00e8me hydratante sans huile se pr\u00e9sente sous la forme d'un gel l\u00e9ger qui p\u00e9n\u00e8tre rapidement dans la peau sans laisser de sensation collante.<\/p>","protected":false},"featured_media":11417,"comment_status":"open","ping_status":"closed","template":"","meta":{"om_disable_all_campaigns":false},"product_brand":[],"product_cat":[60,88,42,26,91,41,223,36],"product_tag":[],"class_list":{"0":"post-11411","1":"product","2":"type-product","3":"status-publish","4":"has-post-thumbnail","6":"product_cat-acne","7":"product_cat-centella","8":"product_cat-dry-skin","9":"product_cat-face-moisturizer","10":"product_cat-heimish","11":"product_cat-oily-skin","12":"product_cat-panthenol","13":"product_cat-sensitive-skin","15":"first","16":"outofstock","17":"shipping-taxable","18":"purchasable","19":"product-type-simple"},"aioseo_notices":[],"jetpack_sharing_enabled":true,"_links":{"self":[{"href":"https:\/\/k-beautyci.com\/fr\/wp-json\/wp\/v2\/product\/11411","targetHints":{"allow":["GET"]}}],"collection":[{"href":"https:\/\/k-beautyci.com\/fr\/wp-json\/wp\/v2\/product"}],"about":[{"href":"https:\/\/k-beautyci.com\/fr\/wp-json\/wp\/v2\/types\/product"}],"replies":[{"embeddable":true,"href":"https:\/\/k-beautyci.com\/fr\/wp-json\/wp\/v2\/comments?post=11411"}],"wp:featuredmedia":[{"embeddable":true,"href":"https:\/\/k-beautyci.com\/fr\/wp-json\/wp\/v2\/media\/11417"}],"wp:attachment":[{"href":"https:\/\/k-beautyci.com\/fr\/wp-json\/wp\/v2\/media?parent=11411"}],"wp:term":[{"taxonomy":"product_brand","embeddable":true,"href":"https:\/\/k-beautyci.com\/fr\/wp-json\/wp\/v2\/product_brand?post=11411"},{"taxonomy":"product_cat","embeddable":true,"href":"https:\/\/k-beautyci.com\/fr\/wp-json\/wp\/v2\/product_cat?post=11411"},{"taxonomy":"product_tag","embeddable":true,"href":"https:\/\/k-beautyci.com\/fr\/wp-json\/wp\/v2\/product_tag?post=11411"}],"curies":[{"name":"wp","href":"https:\/\/api.w.org\/{rel}","templated":true}]}}