{"id":1141,"date":"2023-05-23T15:04:26","date_gmt":"2023-05-23T15:04:26","guid":{"rendered":"https:\/\/k-beautyci.com\/?post_type=product&#038;p=1141"},"modified":"2023-06-21T09:52:52","modified_gmt":"2023-06-21T09:52:52","slug":"abib-yuja-essence-vitalizing-pump-50ml","status":"publish","type":"product","link":"https:\/\/k-beautyci.com\/fr\/produit\/abib-yuja-essence-vitalizing-pump-50ml\/","title":{"rendered":"Abib Yuja Essence Vitalizing Pump 50ml"},"content":{"rendered":"<p><strong>COMMENT L'UTILISER :<\/strong><\/p>\n<p>Apr\u00e8s avoir nettoy\u00e9 et tonifi\u00e9 le visage, pr\u00e9lever une pompe de produit dans des mains propres et l'appliquer d\u00e9licatement sur le visage.<\/p>\n<p>Avertissement : Pour usage externe uniquement. Toujours effectuer un test \u00e9picutan\u00e9. Cessez d'utiliser le produit si vous ressentez une quelconque g\u00eane. Suivre les instructions suppl\u00e9mentaires figurant sur l'emballage. Les r\u00e9sultats individuels peuvent varier.<\/p>","protected":false},"excerpt":{"rendered":"<p>Votre peau va se r\u00e9galer avec cette essence de yuja ! Le yuja, \u00e9galement connu sous le nom de yuzu, est un agrume riche en vitamines qui est r\u00e9put\u00e9 pour sa capacit\u00e9 \u00e0 \u00e9claircir les peaux ternes et \u00e0 att\u00e9nuer les signes visibles du vieillissement.<\/p>\n<p>B\u00c9N\u00c9FICES<\/p>\n<ul>\n<li>L'extrait de Yuja contient de la vitamine C naturelle qui aide \u00e0 \u00e9claircir la peau et \u00e0 estomper les taches brunes et l'hyperpigmentation.<\/li>\n<li>L'extrait de Yuja favorise la synth\u00e8se du collag\u00e8ne.<\/li>\n<li>L'extrait de canne \u00e0 sucre contient de l'acide lactique, qui hydrate et exfolie la peau en douceur pour un teint renouvel\u00e9 et \u00e9clatant.<\/li>\n<\/ul>","protected":false},"featured_media":1143,"comment_status":"open","ping_status":"closed","template":"","meta":{"om_disable_all_campaigns":false},"product_brand":[],"product_cat":[158,52,42,26,31,33,66,41,27,72],"product_tag":[],"class_list":{"0":"post-1141","1":"product","2":"type-product","3":"status-publish","4":"has-post-thumbnail","6":"product_cat-abib","7":"product_cat-dark-spots","8":"product_cat-dry-skin","9":"product_cat-face-moisturizer","10":"product_cat-face-serums","11":"product_cat-face-treatments","12":"product_cat-normal-combination-skin","13":"product_cat-oily-skin","14":"product_cat-skincare-face","15":"product_cat-vitamin-c","17":"first","18":"outofstock","19":"shipping-taxable","20":"purchasable","21":"product-type-simple"},"aioseo_notices":[],"jetpack_sharing_enabled":true,"_links":{"self":[{"href":"https:\/\/k-beautyci.com\/fr\/wp-json\/wp\/v2\/product\/1141","targetHints":{"allow":["GET"]}}],"collection":[{"href":"https:\/\/k-beautyci.com\/fr\/wp-json\/wp\/v2\/product"}],"about":[{"href":"https:\/\/k-beautyci.com\/fr\/wp-json\/wp\/v2\/types\/product"}],"replies":[{"embeddable":true,"href":"https:\/\/k-beautyci.com\/fr\/wp-json\/wp\/v2\/comments?post=1141"}],"wp:featuredmedia":[{"embeddable":true,"href":"https:\/\/k-beautyci.com\/fr\/wp-json\/wp\/v2\/media\/1143"}],"wp:attachment":[{"href":"https:\/\/k-beautyci.com\/fr\/wp-json\/wp\/v2\/media?parent=1141"}],"wp:term":[{"taxonomy":"product_brand","embeddable":true,"href":"https:\/\/k-beautyci.com\/fr\/wp-json\/wp\/v2\/product_brand?post=1141"},{"taxonomy":"product_cat","embeddable":true,"href":"https:\/\/k-beautyci.com\/fr\/wp-json\/wp\/v2\/product_cat?post=1141"},{"taxonomy":"product_tag","embeddable":true,"href":"https:\/\/k-beautyci.com\/fr\/wp-json\/wp\/v2\/product_tag?post=1141"}],"curies":[{"name":"wp","href":"https:\/\/api.w.org\/{rel}","templated":true}]}}