{"id":11403,"date":"2026-03-08T16:52:01","date_gmt":"2026-03-08T16:52:01","guid":{"rendered":"https:\/\/k-beautyci.com\/?post_type=product&#038;p=11403"},"modified":"2026-03-10T09:46:11","modified_gmt":"2026-03-10T09:46:11","slug":"genabelle-laser-soothing-sunscreen-70ml","status":"publish","type":"product","link":"https:\/\/k-beautyci.com\/fr\/produit\/genabelle-laser-soothing-sunscreen-70ml\/","title":{"rendered":"Genabelle Laser Soothing Sunscreen 70ml"},"content":{"rendered":"<p><b>Comment l'utiliser :<\/b><\/p>\n<ul>\n<li>Appliquez en derni\u00e8re \u00e9tape de votre routine de soins matinale.<\/li>\n<\/ul>\n<p><b>Size:<\/b>\u00a0\u00a0\u00a070ml<\/p>\n<p>Avertissement : Pour usage externe uniquement. Toujours effectuer un test \u00e9picutan\u00e9. Cessez d'utiliser le produit si vous ressentez une quelconque g\u00eane. Suivre les instructions suppl\u00e9mentaires figurant sur l'emballage. Les r\u00e9sultats individuels peuvent varier.<\/p>","protected":false},"excerpt":{"rendered":"<p>Une cr\u00e8me solaire r\u00e9sistante \u00e0 l'eau con\u00e7ue pour prot\u00e9ger les peaux sensibles et\/ou irrit\u00e9es. Elle offre un indice de protection UV \u00e9lev\u00e9 de SPF 50+\/PA+++. Test\u00e9e hypoallerg\u00e9nique, elle combine une protection UV inorganique et un \u00e9cran solaire organique, ce qui en fait un \u00ab \u00e9cran solaire hybride \u00bb.<\/p>","protected":false},"featured_media":11409,"comment_status":"open","ping_status":"closed","template":"","meta":{"om_disable_all_campaigns":false},"product_brand":[],"product_cat":[271,77,75],"product_tag":[],"class_list":{"0":"post-11403","1":"product","2":"type-product","3":"status-publish","4":"has-post-thumbnail","6":"product_cat-genabelle","7":"product_cat-spf-50","8":"product_cat-sunscreens","10":"first","11":"outofstock","12":"shipping-taxable","13":"purchasable","14":"product-type-simple"},"aioseo_notices":[],"jetpack_sharing_enabled":true,"_links":{"self":[{"href":"https:\/\/k-beautyci.com\/fr\/wp-json\/wp\/v2\/product\/11403","targetHints":{"allow":["GET"]}}],"collection":[{"href":"https:\/\/k-beautyci.com\/fr\/wp-json\/wp\/v2\/product"}],"about":[{"href":"https:\/\/k-beautyci.com\/fr\/wp-json\/wp\/v2\/types\/product"}],"replies":[{"embeddable":true,"href":"https:\/\/k-beautyci.com\/fr\/wp-json\/wp\/v2\/comments?post=11403"}],"wp:featuredmedia":[{"embeddable":true,"href":"https:\/\/k-beautyci.com\/fr\/wp-json\/wp\/v2\/media\/11409"}],"wp:attachment":[{"href":"https:\/\/k-beautyci.com\/fr\/wp-json\/wp\/v2\/media?parent=11403"}],"wp:term":[{"taxonomy":"product_brand","embeddable":true,"href":"https:\/\/k-beautyci.com\/fr\/wp-json\/wp\/v2\/product_brand?post=11403"},{"taxonomy":"product_cat","embeddable":true,"href":"https:\/\/k-beautyci.com\/fr\/wp-json\/wp\/v2\/product_cat?post=11403"},{"taxonomy":"product_tag","embeddable":true,"href":"https:\/\/k-beautyci.com\/fr\/wp-json\/wp\/v2\/product_tag?post=11403"}],"curies":[{"name":"wp","href":"https:\/\/api.w.org\/{rel}","templated":true}]}}