{"id":11396,"date":"2026-03-08T16:52:08","date_gmt":"2026-03-08T16:52:08","guid":{"rendered":"https:\/\/k-beautyci.com\/?post_type=product&#038;p=11396"},"modified":"2026-03-08T16:52:10","modified_gmt":"2026-03-08T16:52:10","slug":"genabelle-pdrn-rejuvenating-cream-70ml","status":"publish","type":"product","link":"https:\/\/k-beautyci.com\/fr\/produit\/genabelle-pdrn-rejuvenating-cream-70ml\/","title":{"rendered":"Genabelle PDRN REJUVENATING CREAM 70ml"},"content":{"rendered":"<p><b>Comment l'utiliser :<\/b><\/p>\n<p>Appliquez sur le visage et le cou en derni\u00e8re \u00e9tape de votre routine de soins.<\/p>\n<p>Avertissement : Pour usage externe uniquement. Toujours effectuer un test \u00e9picutan\u00e9. Cessez d'utiliser le produit si vous ressentez une quelconque g\u00eane. Suivre les instructions suppl\u00e9mentaires figurant sur l'emballage. Les r\u00e9sultats individuels peuvent varier.<\/p>","protected":false},"excerpt":{"rendered":"<p>Enrichie en PDRN de haute puret\u00e9 d\u00e9riv\u00e9 du saumon, cette cr\u00e8me b\u00e9n\u00e9ficie d'une formule avanc\u00e9e qui favorise la r\u00e9g\u00e9n\u00e9ration visible de la peau et sa r\u00e9silience \u00e0 long terme. Reconnu en dermatologie cor\u00e9enne pour ses propri\u00e9t\u00e9s r\u00e9g\u00e9n\u00e9ratrices, le PDRN aide \u00e0 am\u00e9liorer l'apparence des peaux ab\u00eem\u00e9es et stress\u00e9es tout en leur apportant une hydratation en profondeur pour un teint plus sain et revitalis\u00e9. D\u00e9couvrez le pouvoir de r\u00e9g\u00e9n\u00e9ration de cette cr\u00e8me apaisante, sp\u00e9cialement formul\u00e9e pour prot\u00e9ger les peaux sensibles et irrit\u00e9es. Id\u00e9ale pour les peaux grasses, s\u00e8ches et mixtes, cette formule l\u00e9g\u00e8re mais nourrissante aide \u00e0 raffermir, lisser et hydrater en profondeur, r\u00e9tablissant l'\u00e9quilibre naturel de votre peau pour un teint apais\u00e9 et \u00e9clatant de sant\u00e9.<\/p>\n<h3 class=\"image-with-text-split__text-container-subheading ff-subheading fs-heading-6-base section-blocks__subheading\"><\/h3>","protected":false},"featured_media":11402,"comment_status":"open","ping_status":"closed","template":"","meta":{"om_disable_all_campaigns":false},"product_brand":[],"product_cat":[57,267,88,148,42,26,271,69,74,41,238],"product_tag":[],"class_list":{"0":"post-11396","1":"product","2":"type-product","3":"status-publish","4":"has-post-thumbnail","6":"product_cat-anti-aging","7":"product_cat-barrier-repair","8":"product_cat-centella","9":"product_cat-ceramide","10":"product_cat-dry-skin","11":"product_cat-face-moisturizer","12":"product_cat-genabelle","13":"product_cat-hyaluronic-acid","14":"product_cat-niacinamide","15":"product_cat-oily-skin","16":"product_cat-pdrn","18":"first","19":"instock","20":"shipping-taxable","21":"purchasable","22":"product-type-simple"},"aioseo_notices":[],"jetpack_sharing_enabled":true,"_links":{"self":[{"href":"https:\/\/k-beautyci.com\/fr\/wp-json\/wp\/v2\/product\/11396","targetHints":{"allow":["GET"]}}],"collection":[{"href":"https:\/\/k-beautyci.com\/fr\/wp-json\/wp\/v2\/product"}],"about":[{"href":"https:\/\/k-beautyci.com\/fr\/wp-json\/wp\/v2\/types\/product"}],"replies":[{"embeddable":true,"href":"https:\/\/k-beautyci.com\/fr\/wp-json\/wp\/v2\/comments?post=11396"}],"wp:featuredmedia":[{"embeddable":true,"href":"https:\/\/k-beautyci.com\/fr\/wp-json\/wp\/v2\/media\/11402"}],"wp:attachment":[{"href":"https:\/\/k-beautyci.com\/fr\/wp-json\/wp\/v2\/media?parent=11396"}],"wp:term":[{"taxonomy":"product_brand","embeddable":true,"href":"https:\/\/k-beautyci.com\/fr\/wp-json\/wp\/v2\/product_brand?post=11396"},{"taxonomy":"product_cat","embeddable":true,"href":"https:\/\/k-beautyci.com\/fr\/wp-json\/wp\/v2\/product_cat?post=11396"},{"taxonomy":"product_tag","embeddable":true,"href":"https:\/\/k-beautyci.com\/fr\/wp-json\/wp\/v2\/product_tag?post=11396"}],"curies":[{"name":"wp","href":"https:\/\/api.w.org\/{rel}","templated":true}]}}