{"id":11391,"date":"2026-03-08T16:52:15","date_gmt":"2026-03-08T16:52:15","guid":{"rendered":"https:\/\/k-beautyci.com\/?post_type=product&#038;p=11391"},"modified":"2026-03-08T16:52:17","modified_gmt":"2026-03-08T16:52:17","slug":"genabelle-pdrn-rejuvenating-toner-300ml","status":"publish","type":"product","link":"https:\/\/k-beautyci.com\/fr\/produit\/genabelle-pdrn-rejuvenating-toner-300ml\/","title":{"rendered":"Genabelle PDRN Rejuvenating Toner 300ml"},"content":{"rendered":"<p>Comment l'utiliser :<\/p>\n<p>Versez une petite quantit\u00e9 de tonique rajeunissant PDRN sur un coton ou directement dans vos mains. Si vous utilisez un coton, passez-le d\u00e9licatement sur votre visage et votre cou, en \u00e9vitant le contour des yeux. Si vous l'appliquez avec vos mains, tapotez le tonique sur votre peau pour une meilleure absorption.<\/p>\n<p>Avertissement : Pour usage externe uniquement. Toujours effectuer un test \u00e9picutan\u00e9. Cessez d'utiliser le produit si vous ressentez une quelconque g\u00eane. Suivre les instructions suppl\u00e9mentaires figurant sur l'emballage. Les r\u00e9sultats individuels peuvent varier.<\/p>","protected":false},"excerpt":{"rendered":"<p>Formul\u00e9e avec 1 000 ppm de PDRN d\u00e9riv\u00e9 du saumon et le complexe HTD-GENACOMPLEX\u2122 exclusif \u00e0 Genabelle, cette formule l\u00e9g\u00e8re p\u00e9n\u00e8tre rapidement et laisse la peau apais\u00e9e, hydrat\u00e9e et rafra\u00eechie, sans r\u00e9sidus collants. Trois types d'acide hyaluronique hydratent la peau en profondeur, tandis que le panth\u00e9nol, l'extrait de cica et l'acide tranexamique apaisent les irritations et am\u00e9liorent l'\u00e9clat de la peau.<\/p>","protected":false},"featured_media":11395,"comment_status":"open","ping_status":"closed","template":"","meta":{"om_disable_all_campaigns":false},"product_brand":[],"product_cat":[39,271,69,74,223,238],"product_tag":[],"class_list":{"0":"post-11391","1":"product","2":"type-product","3":"status-publish","4":"has-post-thumbnail","6":"product_cat-face-toners","7":"product_cat-genabelle","8":"product_cat-hyaluronic-acid","9":"product_cat-niacinamide","10":"product_cat-panthenol","11":"product_cat-pdrn","13":"first","14":"instock","15":"shipping-taxable","16":"purchasable","17":"product-type-simple"},"aioseo_notices":[],"jetpack_sharing_enabled":true,"_links":{"self":[{"href":"https:\/\/k-beautyci.com\/fr\/wp-json\/wp\/v2\/product\/11391","targetHints":{"allow":["GET"]}}],"collection":[{"href":"https:\/\/k-beautyci.com\/fr\/wp-json\/wp\/v2\/product"}],"about":[{"href":"https:\/\/k-beautyci.com\/fr\/wp-json\/wp\/v2\/types\/product"}],"replies":[{"embeddable":true,"href":"https:\/\/k-beautyci.com\/fr\/wp-json\/wp\/v2\/comments?post=11391"}],"wp:featuredmedia":[{"embeddable":true,"href":"https:\/\/k-beautyci.com\/fr\/wp-json\/wp\/v2\/media\/11395"}],"wp:attachment":[{"href":"https:\/\/k-beautyci.com\/fr\/wp-json\/wp\/v2\/media?parent=11391"}],"wp:term":[{"taxonomy":"product_brand","embeddable":true,"href":"https:\/\/k-beautyci.com\/fr\/wp-json\/wp\/v2\/product_brand?post=11391"},{"taxonomy":"product_cat","embeddable":true,"href":"https:\/\/k-beautyci.com\/fr\/wp-json\/wp\/v2\/product_cat?post=11391"},{"taxonomy":"product_tag","embeddable":true,"href":"https:\/\/k-beautyci.com\/fr\/wp-json\/wp\/v2\/product_tag?post=11391"}],"curies":[{"name":"wp","href":"https:\/\/api.w.org\/{rel}","templated":true}]}}