{"id":11383,"date":"2026-03-08T16:52:23","date_gmt":"2026-03-08T16:52:23","guid":{"rendered":"https:\/\/k-beautyci.com\/?post_type=product&#038;p=11383"},"modified":"2026-03-08T16:52:26","modified_gmt":"2026-03-08T16:52:26","slug":"genabelle-pdrn-vita-toning-ampoule-70ml","status":"publish","type":"product","link":"https:\/\/k-beautyci.com\/fr\/produit\/genabelle-pdrn-vita-toning-ampoule-70ml\/","title":{"rendered":"Genabelle PDRN VITA Toning Ampoule 70ml"},"content":{"rendered":"<p><b>Comment l'utiliser :<\/b><\/p>\n<p>Apr\u00e8s avoir tonifi\u00e9 votre peau, appliquez une quantit\u00e9 mod\u00e9r\u00e9e sur la peau et tapotez l\u00e9g\u00e8rement pour faciliter l'absorption.<\/p>\n<p>Avertissement : Pour usage externe uniquement. Toujours effectuer un test \u00e9picutan\u00e9. Cessez d'utiliser le produit si vous ressentez une quelconque g\u00eane. Suivre les instructions suppl\u00e9mentaires figurant sur l'emballage. Les r\u00e9sultats individuels peuvent varier.<\/p>","protected":false},"excerpt":{"rendered":"<p>Cette ampoule PDRN avanc\u00e9e contient 5 000 ppm d'ADN de saumon de haute puret\u00e9 et un complexe stabilis\u00e9 de vitamines B, C et E pour am\u00e9liorer visiblement l'\u00e9clat et le teint irr\u00e9gulier. Enrichie en HTD-GENACOMPLEX\u2122 brevet\u00e9, qui combine de l'acide hyaluronique multicouche et du tripeptide-1, la formule favorise une absorption, une \u00e9lasticit\u00e9 et une r\u00e9silience optimales de la peau. Les perles de vitamines fra\u00eechement encapsul\u00e9es s'activent d\u00e8s l'application pour conserver leur efficacit\u00e9. L\u00e9g\u00e8re et rapidement absorb\u00e9e, elle hydrate et renforce la barri\u00e8re cutan\u00e9e sans laisser de sensation de lourdeur.<\/p>","protected":false},"featured_media":11384,"comment_status":"open","ping_status":"closed","template":"","meta":{"om_disable_all_campaigns":false},"product_brand":[],"product_cat":[57,267,31,271,69,238],"product_tag":[],"class_list":{"0":"post-11383","1":"product","2":"type-product","3":"status-publish","4":"has-post-thumbnail","6":"product_cat-anti-aging","7":"product_cat-barrier-repair","8":"product_cat-face-serums","9":"product_cat-genabelle","10":"product_cat-hyaluronic-acid","11":"product_cat-pdrn","13":"first","14":"instock","15":"shipping-taxable","16":"purchasable","17":"product-type-simple"},"aioseo_notices":[],"jetpack_sharing_enabled":true,"_links":{"self":[{"href":"https:\/\/k-beautyci.com\/fr\/wp-json\/wp\/v2\/product\/11383","targetHints":{"allow":["GET"]}}],"collection":[{"href":"https:\/\/k-beautyci.com\/fr\/wp-json\/wp\/v2\/product"}],"about":[{"href":"https:\/\/k-beautyci.com\/fr\/wp-json\/wp\/v2\/types\/product"}],"replies":[{"embeddable":true,"href":"https:\/\/k-beautyci.com\/fr\/wp-json\/wp\/v2\/comments?post=11383"}],"wp:featuredmedia":[{"embeddable":true,"href":"https:\/\/k-beautyci.com\/fr\/wp-json\/wp\/v2\/media\/11384"}],"wp:attachment":[{"href":"https:\/\/k-beautyci.com\/fr\/wp-json\/wp\/v2\/media?parent=11383"}],"wp:term":[{"taxonomy":"product_brand","embeddable":true,"href":"https:\/\/k-beautyci.com\/fr\/wp-json\/wp\/v2\/product_brand?post=11383"},{"taxonomy":"product_cat","embeddable":true,"href":"https:\/\/k-beautyci.com\/fr\/wp-json\/wp\/v2\/product_cat?post=11383"},{"taxonomy":"product_tag","embeddable":true,"href":"https:\/\/k-beautyci.com\/fr\/wp-json\/wp\/v2\/product_tag?post=11383"}],"curies":[{"name":"wp","href":"https:\/\/api.w.org\/{rel}","templated":true}]}}