{"id":1138,"date":"2023-05-23T14:29:11","date_gmt":"2023-05-23T14:29:11","guid":{"rendered":"https:\/\/k-beautyci.com\/?post_type=product&#038;p=1138"},"modified":"2026-04-16T00:12:32","modified_gmt":"2026-04-16T00:12:32","slug":"some-by-mi-aha-bha-pha-30-days-miracle-toner","status":"publish","type":"product","link":"https:\/\/k-beautyci.com\/fr\/produit\/some-by-mi-aha-bha-pha-30-days-miracle-toner\/","title":{"rendered":"SOME BY MI AHA BHA PHA 30 Days Miracle Toner"},"content":{"rendered":"<p><strong>COMMENT L'UTILISER :<\/strong><\/p>\n<p>Apr\u00e8s le nettoyage, appliquer une quantit\u00e9 suffisante de tonique sur le visage \u00e0 l'aide de mains propres ou d'un coton-tige. Faire p\u00e9n\u00e9trer en tapotant doucement.<\/p>\n<p>Toujours effectuer un test \u00e9picutan\u00e9. Utiliser uniquement selon les instructions. Ne pas utiliser sur une peau ab\u00eem\u00e9e. Si l'irritation ou l'inconfort persistent, cesser l'utilisation et consulter un m\u00e9decin. Suivre les instructions suppl\u00e9mentaires figurant sur l'emballage. Avant de s'exposer au soleil, il est recommand\u00e9 aux utilisateurs de couvrir les zones o\u00f9 les AHA ont \u00e9t\u00e9 appliqu\u00e9s avec un \u00e9cran solaire. Le contact du produit avec la peau doit \u00eatre limit\u00e9 en fr\u00e9quence et en dur\u00e9e. Les r\u00e9sultats individuels peuvent varier.<\/p>\n<p>&nbsp;<\/p>","protected":false},"excerpt":{"rendered":"<p>Renouvelez votre peau pour lui donner un \u00e9clat velout\u00e9 gr\u00e2ce \u00e0 ce tonique exfoliant doux. Les AHA, BHA et PHA agissent en profondeur dans les pores pour \u00e9liminer l'exc\u00e8s de s\u00e9bum, les cellules mortes et autres impuret\u00e9s tout en apportant de l'hydratation.<\/p>\n<p>B\u00c9N\u00c9FICES<\/p>\n<ul>\n<li>La centella asiatica apaise la peau s\u00e8che et pr\u00e9vient les dommages cutan\u00e9s caus\u00e9s par la s\u00e9cheresse.<\/li>\n<li>L'huile d'arbre \u00e0 th\u00e9 contient des propri\u00e9t\u00e9s antimicrobiennes et antiseptiques qui r\u00e9duisent l'apparence des imperfections et rendent la peau douce et souple.<\/li>\n<\/ul>","protected":false},"featured_media":1140,"comment_status":"open","ping_status":"closed","template":"","meta":{"om_disable_all_campaigns":false},"product_brand":[],"product_cat":[60,78,25,88,52,61,39,85],"product_tag":[],"class_list":{"0":"post-1138","1":"product","2":"type-product","3":"status-publish","4":"has-post-thumbnail","6":"product_cat-acne","7":"product_cat-aha-bha","8":"product_cat-asian-brands","9":"product_cat-centella","10":"product_cat-dark-spots","11":"product_cat-face-exfoliator-peels-scrubs","12":"product_cat-face-toners","13":"product_cat-some-by-mi","15":"first","16":"instock","17":"sale","18":"shipping-taxable","19":"purchasable","20":"product-type-simple"},"aioseo_notices":[],"jetpack_sharing_enabled":true,"_links":{"self":[{"href":"https:\/\/k-beautyci.com\/fr\/wp-json\/wp\/v2\/product\/1138","targetHints":{"allow":["GET"]}}],"collection":[{"href":"https:\/\/k-beautyci.com\/fr\/wp-json\/wp\/v2\/product"}],"about":[{"href":"https:\/\/k-beautyci.com\/fr\/wp-json\/wp\/v2\/types\/product"}],"replies":[{"embeddable":true,"href":"https:\/\/k-beautyci.com\/fr\/wp-json\/wp\/v2\/comments?post=1138"}],"wp:featuredmedia":[{"embeddable":true,"href":"https:\/\/k-beautyci.com\/fr\/wp-json\/wp\/v2\/media\/1140"}],"wp:attachment":[{"href":"https:\/\/k-beautyci.com\/fr\/wp-json\/wp\/v2\/media?parent=1138"}],"wp:term":[{"taxonomy":"product_brand","embeddable":true,"href":"https:\/\/k-beautyci.com\/fr\/wp-json\/wp\/v2\/product_brand?post=1138"},{"taxonomy":"product_cat","embeddable":true,"href":"https:\/\/k-beautyci.com\/fr\/wp-json\/wp\/v2\/product_cat?post=1138"},{"taxonomy":"product_tag","embeddable":true,"href":"https:\/\/k-beautyci.com\/fr\/wp-json\/wp\/v2\/product_tag?post=1138"}],"curies":[{"name":"wp","href":"https:\/\/api.w.org\/{rel}","templated":true}]}}