{"id":11374,"date":"2026-03-08T16:38:48","date_gmt":"2026-03-08T16:38:48","guid":{"rendered":"https:\/\/k-beautyci.com\/?post_type=product&#038;p=11374"},"modified":"2026-03-08T16:38:52","modified_gmt":"2026-03-08T16:38:52","slug":"br-mud-relief-mud-peel-off-mask","status":"publish","type":"product","link":"https:\/\/k-beautyci.com\/fr\/produit\/br-mud-relief-mud-peel-off-mask\/","title":{"rendered":"BR MUD RELIEF MUD PEEL OFF MASK"},"content":{"rendered":"<p>Comment l'utiliser :<\/p>\n<p>1. Appliquez une couche \u00e9paisse et uniforme sur une peau propre et s\u00e8che, en \u00e9vitant le contour des yeux.<br \/>\n2. Laisser agir pendant 10 \u00e0 15 minutes jusqu'\u00e0 ce que le produit soit sec, puis retirer d\u00e9licatement.<br \/>\n3. Rincez les r\u00e9sidus \u00e0 l'eau ti\u00e8de.<br \/>\n4. Utilisez 1 \u00e0 2 fois par semaine pour obtenir les meilleurs r\u00e9sultats.<\/p>\n<p>Avertissement : Pour usage externe uniquement. Toujours effectuer un test \u00e9picutan\u00e9. Cessez d'utiliser le produit si vous ressentez une quelconque g\u00eane. Suivre les instructions suppl\u00e9mentaires figurant sur l'emballage. Les r\u00e9sultats individuels peuvent varier.<\/p>","protected":false},"excerpt":{"rendered":"<p>Un masque peel-off doux contenant 3 % de boue de Boryeong pour d\u00e9toxifier, raffermir et hydrater la peau. \u00c9limine en douceur les impuret\u00e9s pour une peau lisse et \u00e9clatante.<\/p>","protected":false},"featured_media":11382,"comment_status":"open","ping_status":"closed","template":"","meta":{"om_disable_all_campaigns":false},"product_brand":[],"product_cat":[258,62],"product_tag":[],"class_list":{"0":"post-11374","1":"product","2":"type-product","3":"status-publish","4":"has-post-thumbnail","6":"product_cat-brmud","7":"product_cat-face-masks","9":"first","10":"instock","11":"shipping-taxable","12":"purchasable","13":"product-type-simple"},"aioseo_notices":[],"jetpack_sharing_enabled":true,"_links":{"self":[{"href":"https:\/\/k-beautyci.com\/fr\/wp-json\/wp\/v2\/product\/11374","targetHints":{"allow":["GET"]}}],"collection":[{"href":"https:\/\/k-beautyci.com\/fr\/wp-json\/wp\/v2\/product"}],"about":[{"href":"https:\/\/k-beautyci.com\/fr\/wp-json\/wp\/v2\/types\/product"}],"replies":[{"embeddable":true,"href":"https:\/\/k-beautyci.com\/fr\/wp-json\/wp\/v2\/comments?post=11374"}],"wp:featuredmedia":[{"embeddable":true,"href":"https:\/\/k-beautyci.com\/fr\/wp-json\/wp\/v2\/media\/11382"}],"wp:attachment":[{"href":"https:\/\/k-beautyci.com\/fr\/wp-json\/wp\/v2\/media?parent=11374"}],"wp:term":[{"taxonomy":"product_brand","embeddable":true,"href":"https:\/\/k-beautyci.com\/fr\/wp-json\/wp\/v2\/product_brand?post=11374"},{"taxonomy":"product_cat","embeddable":true,"href":"https:\/\/k-beautyci.com\/fr\/wp-json\/wp\/v2\/product_cat?post=11374"},{"taxonomy":"product_tag","embeddable":true,"href":"https:\/\/k-beautyci.com\/fr\/wp-json\/wp\/v2\/product_tag?post=11374"}],"curies":[{"name":"wp","href":"https:\/\/api.w.org\/{rel}","templated":true}]}}