{"id":11363,"date":"2026-03-08T16:39:00","date_gmt":"2026-03-08T16:39:00","guid":{"rendered":"https:\/\/k-beautyci.com\/?post_type=product&#038;p=11363"},"modified":"2026-03-08T16:39:03","modified_gmt":"2026-03-08T16:39:03","slug":"br-mud-relief-mud-mask","status":"publish","type":"product","link":"https:\/\/k-beautyci.com\/fr\/produit\/br-mud-relief-mud-mask\/","title":{"rendered":"BR MUD RELIEF MUD MASK"},"content":{"rendered":"<p><b>Comment l'utiliser :<\/b><br \/>\n1. Apr\u00e8s avoir nettoy\u00e9 votre peau, prenez une quantit\u00e9 mod\u00e9r\u00e9e dans votre main et appliquez-la sur votre peau.<\/p>\n<p>2. Rincez \u00e0 l'eau ti\u00e8de apr\u00e8s 15 \u00e0 20 minutes.<\/p>\n<p>Avertissement : Pour usage externe uniquement. Toujours effectuer un test \u00e9picutan\u00e9. Cessez d'utiliser le produit si vous ressentez une quelconque g\u00eane. Suivre les instructions suppl\u00e9mentaires figurant sur l'emballage. Les r\u00e9sultats individuels peuvent varier.<\/p>\n<p>&nbsp;<\/p>","protected":false},"excerpt":{"rendered":"<p>Un masque \u00e0 l'argile cor\u00e9en doux \u00e0 base d'argile min\u00e9rale de Boryeong, con\u00e7u pour purifier les pores, apaiser les peaux sensibles et am\u00e9liorer votre routine de soins de la peau. Les pores obstru\u00e9s n'ont aucune chance contre le masque \u00e0 l'argile Relief Mud Mask de BRMUD, qui nettoie, purifie et apaise la peau en un seul geste ! Laissez la formule \u00e0 base d'argile de Boryeong \u00e9liminer l'exc\u00e8s de s\u00e9bum et les impuret\u00e9s tout en am\u00e9liorant la texture de la peau pour un fini propre et lisse.<\/p>","protected":false},"featured_media":11373,"comment_status":"open","ping_status":"closed","template":"","meta":{"om_disable_all_campaigns":false},"product_brand":[],"product_cat":[258,62],"product_tag":[],"class_list":{"0":"post-11363","1":"product","2":"type-product","3":"status-publish","4":"has-post-thumbnail","6":"product_cat-brmud","7":"product_cat-face-masks","9":"first","10":"instock","11":"shipping-taxable","12":"purchasable","13":"product-type-simple"},"aioseo_notices":[],"jetpack_sharing_enabled":true,"_links":{"self":[{"href":"https:\/\/k-beautyci.com\/fr\/wp-json\/wp\/v2\/product\/11363","targetHints":{"allow":["GET"]}}],"collection":[{"href":"https:\/\/k-beautyci.com\/fr\/wp-json\/wp\/v2\/product"}],"about":[{"href":"https:\/\/k-beautyci.com\/fr\/wp-json\/wp\/v2\/types\/product"}],"replies":[{"embeddable":true,"href":"https:\/\/k-beautyci.com\/fr\/wp-json\/wp\/v2\/comments?post=11363"}],"wp:featuredmedia":[{"embeddable":true,"href":"https:\/\/k-beautyci.com\/fr\/wp-json\/wp\/v2\/media\/11373"}],"wp:attachment":[{"href":"https:\/\/k-beautyci.com\/fr\/wp-json\/wp\/v2\/media?parent=11363"}],"wp:term":[{"taxonomy":"product_brand","embeddable":true,"href":"https:\/\/k-beautyci.com\/fr\/wp-json\/wp\/v2\/product_brand?post=11363"},{"taxonomy":"product_cat","embeddable":true,"href":"https:\/\/k-beautyci.com\/fr\/wp-json\/wp\/v2\/product_cat?post=11363"},{"taxonomy":"product_tag","embeddable":true,"href":"https:\/\/k-beautyci.com\/fr\/wp-json\/wp\/v2\/product_tag?post=11363"}],"curies":[{"name":"wp","href":"https:\/\/api.w.org\/{rel}","templated":true}]}}