{"id":11352,"date":"2026-03-08T16:37:11","date_gmt":"2026-03-08T16:37:11","guid":{"rendered":"https:\/\/k-beautyci.com\/?post_type=product&#038;p=11352"},"modified":"2026-03-31T23:11:00","modified_gmt":"2026-03-31T23:11:00","slug":"biodance-collagen-cleansing-oil-200ml","status":"publish","type":"product","link":"https:\/\/k-beautyci.com\/fr\/produit\/biodance-collagen-cleansing-oil-200ml\/","title":{"rendered":"BIODANCE Collagen Cleansing Oil 200ml"},"content":{"rendered":"<p>Comment l'utiliser :<\/p>\n<p>1. Versez 4 \u00e0 5 pompes d'huile sur vos mains s\u00e8ches.<br \/>\n2. Massez d\u00e9licatement sur le visage sec en effectuant des mouvements circulaires, en insistant sur le maquillage, la cr\u00e8me solaire et l'exc\u00e8s de s\u00e9bum.<br \/>\n3. \u00c9mulsionner en ajoutant une petite quantit\u00e9 d'eau ti\u00e8de et en massant jusqu'\u00e0 ce que l'huile devienne laiteuse.<br \/>\n4. Rincer abondamment \u00e0 l'eau ti\u00e8de jusqu'\u00e0 ce qu'il ne reste plus aucun r\u00e9sidu.<br \/>\n5. Poursuivez avec un nettoyant pour un double nettoyage complet.<\/p>","protected":false},"excerpt":{"rendered":"<p>Il dissout sans effort le maquillage tenace, les \u00e9crans solaires r\u00e9sistants \u00e0 l'eau, l'exc\u00e8s de s\u00e9bum et les points noirs sans alt\u00e9rer l'hydratation naturelle de la peau. Sa formule l\u00e9g\u00e8re nettoie en profondeur tout en pr\u00e9servant l'hydratation de la peau, ce qui le rend id\u00e9al pour une utilisation quotidienne sur tous les types de peau, y compris les peaux sensibles. Contrairement aux huiles d\u00e9maquillantes traditionnelles, l'huile d\u00e9maquillante au collag\u00e8ne Biodance va au-del\u00e0 du simple nettoyage en diffusant du collag\u00e8ne \u00e0 tr\u00e8s faible poids mol\u00e9culaire (243Da) en profondeur dans la peau. Cela permet de r\u00e9g\u00e9n\u00e9rer les zones o\u00f9 les points noirs et les impuret\u00e9s ont \u00e9t\u00e9 \u00e9limin\u00e9s, favorisant ainsi l'\u00e9lasticit\u00e9 et un teint plus lisse et plus jeune au fil du temps.<\/p>","protected":false},"featured_media":11357,"comment_status":"open","ping_status":"closed","template":"","meta":{"om_disable_all_campaigns":false},"product_brand":[],"product_cat":[214,63],"product_tag":[],"class_list":{"0":"post-11352","1":"product","2":"type-product","3":"status-publish","4":"has-post-thumbnail","6":"product_cat-biodance","7":"product_cat-makeup-removers","9":"first","10":"outofstock","11":"shipping-taxable","12":"purchasable","13":"product-type-simple"},"aioseo_notices":[],"jetpack_sharing_enabled":true,"_links":{"self":[{"href":"https:\/\/k-beautyci.com\/fr\/wp-json\/wp\/v2\/product\/11352","targetHints":{"allow":["GET"]}}],"collection":[{"href":"https:\/\/k-beautyci.com\/fr\/wp-json\/wp\/v2\/product"}],"about":[{"href":"https:\/\/k-beautyci.com\/fr\/wp-json\/wp\/v2\/types\/product"}],"replies":[{"embeddable":true,"href":"https:\/\/k-beautyci.com\/fr\/wp-json\/wp\/v2\/comments?post=11352"}],"wp:featuredmedia":[{"embeddable":true,"href":"https:\/\/k-beautyci.com\/fr\/wp-json\/wp\/v2\/media\/11357"}],"wp:attachment":[{"href":"https:\/\/k-beautyci.com\/fr\/wp-json\/wp\/v2\/media?parent=11352"}],"wp:term":[{"taxonomy":"product_brand","embeddable":true,"href":"https:\/\/k-beautyci.com\/fr\/wp-json\/wp\/v2\/product_brand?post=11352"},{"taxonomy":"product_cat","embeddable":true,"href":"https:\/\/k-beautyci.com\/fr\/wp-json\/wp\/v2\/product_cat?post=11352"},{"taxonomy":"product_tag","embeddable":true,"href":"https:\/\/k-beautyci.com\/fr\/wp-json\/wp\/v2\/product_tag?post=11352"}],"curies":[{"name":"wp","href":"https:\/\/api.w.org\/{rel}","templated":true}]}}