{"id":11347,"date":"2026-03-08T16:32:54","date_gmt":"2026-03-08T16:32:54","guid":{"rendered":"https:\/\/k-beautyci.com\/?post_type=product&#038;p=11347"},"modified":"2026-03-30T11:53:24","modified_gmt":"2026-03-30T11:53:24","slug":"anua-niacinamide-txa-brightening-booster-toner-250ml","status":"publish","type":"product","link":"https:\/\/k-beautyci.com\/fr\/produit\/anua-niacinamide-txa-brightening-booster-toner-250ml\/","title":{"rendered":"ANUA NIACINAMIDE TXA BRIGHTENING BOOSTER TONER 250ml"},"content":{"rendered":"<p>Comment l'utiliser :<\/p>\n<p>1.After cleansing, use clean hands or a cotton pad to apply product to the face. Gently pat to absorb.<\/p>\n<p>2. For a quick pack, soak cotton pads with toner and place them on areas that need extra care.<\/p>\n<p>Avertissement : Pour usage externe uniquement. Toujours effectuer un test \u00e9picutan\u00e9. Cessez d'utiliser le produit si vous ressentez une quelconque g\u00eane. Suivre les instructions suppl\u00e9mentaires figurant sur l'emballage. Les r\u00e9sultats individuels peuvent varier.<\/p>","protected":false},"excerpt":{"rendered":"<p>Glutathion, niacinamide et acide tranexamique. Nommez un meilleur trio pour une \u00e9quipe de r\u00eave qui illumine la peau. Nous attendons ! Ces trois boosters d'\u00e9clat populaires sont infus\u00e9s dans le tonique \u00e9claircissant Niacinamide TXA Brightening Booster Toner d'Anua qui att\u00e9nue l'hyperpigmentation et les taches brunes. La formule \u00e0 absorption rapide rafra\u00eechit instantan\u00e9ment votre peau pour un \u00e9clat radieux qui dure toute la journ\u00e9e.<\/p>\n<p>&nbsp;<\/p>\n<p>\u00c0 associer avec : le s\u00e9rum Niacinamide 10 TXA 4 d'Anua pour obtenir un \u00e9clat que personne ne verra venir !<\/p>","protected":false},"featured_media":11351,"comment_status":"open","ping_status":"closed","template":"","meta":{"om_disable_all_campaigns":false},"product_brand":[],"product_cat":[60,183,52,39,257,74,243],"product_tag":[],"class_list":{"0":"post-11347","1":"product","2":"type-product","3":"status-publish","4":"has-post-thumbnail","6":"product_cat-acne","7":"product_cat-anua","8":"product_cat-dark-spots","9":"product_cat-face-toners","10":"product_cat-glutathione","11":"product_cat-niacinamide","12":"product_cat-tranxemic-acid-txa","14":"first","15":"outofstock","16":"shipping-taxable","17":"purchasable","18":"product-type-simple"},"aioseo_notices":[],"jetpack_sharing_enabled":true,"_links":{"self":[{"href":"https:\/\/k-beautyci.com\/fr\/wp-json\/wp\/v2\/product\/11347","targetHints":{"allow":["GET"]}}],"collection":[{"href":"https:\/\/k-beautyci.com\/fr\/wp-json\/wp\/v2\/product"}],"about":[{"href":"https:\/\/k-beautyci.com\/fr\/wp-json\/wp\/v2\/types\/product"}],"replies":[{"embeddable":true,"href":"https:\/\/k-beautyci.com\/fr\/wp-json\/wp\/v2\/comments?post=11347"}],"wp:featuredmedia":[{"embeddable":true,"href":"https:\/\/k-beautyci.com\/fr\/wp-json\/wp\/v2\/media\/11351"}],"wp:attachment":[{"href":"https:\/\/k-beautyci.com\/fr\/wp-json\/wp\/v2\/media?parent=11347"}],"wp:term":[{"taxonomy":"product_brand","embeddable":true,"href":"https:\/\/k-beautyci.com\/fr\/wp-json\/wp\/v2\/product_brand?post=11347"},{"taxonomy":"product_cat","embeddable":true,"href":"https:\/\/k-beautyci.com\/fr\/wp-json\/wp\/v2\/product_cat?post=11347"},{"taxonomy":"product_tag","embeddable":true,"href":"https:\/\/k-beautyci.com\/fr\/wp-json\/wp\/v2\/product_tag?post=11347"}],"curies":[{"name":"wp","href":"https:\/\/api.w.org\/{rel}","templated":true}]}}