{"id":11340,"date":"2026-03-08T16:30:07","date_gmt":"2026-03-08T16:30:07","guid":{"rendered":"https:\/\/k-beautyci.com\/?post_type=product&#038;p=11340"},"modified":"2026-03-08T16:30:09","modified_gmt":"2026-03-08T16:30:09","slug":"anua-pdrn-100-hyaluronic-acid-booster-toner-250ml","status":"publish","type":"product","link":"https:\/\/k-beautyci.com\/fr\/produit\/anua-pdrn-100-hyaluronic-acid-booster-toner-250ml\/","title":{"rendered":"ANUA PDRN 100 HYALURONIC ACID BOOSTER TONER 250ml"},"content":{"rendered":"<p>Comment l'utiliser :<\/p>\n<p>Apr\u00e8s le nettoyage, appliquez le produit sur le visage \u00e0 l'aide de mains propres ou d'un coton. Tapoter d\u00e9licatement pour absorber le produit.<\/p>\n<p>Avertissement : Pour usage externe uniquement. Toujours effectuer un test \u00e9picutan\u00e9. Cessez d'utiliser le produit si vous ressentez une quelconque g\u00eane. Suivre les instructions suppl\u00e9mentaires figurant sur l'emballage. Les r\u00e9sultats individuels peuvent varier.<\/p>","protected":false},"excerpt":{"rendered":"<p>Le multit\u00e2che est un art, et Anua l'a clairement ma\u00eetris\u00e9 avec le tonique booster \u00e0 l'acide hyaluronique PDRN 100. De l'hydratation en profondeur \u00e0 la r\u00e9paration de la barri\u00e8re cutan\u00e9e en passant par l'\u00e9clat, ce tonique l\u00e9ger est efficace sur tous les fronts. Il est enrichi en acide hyaluronique et en PDRN pour une peau lisse et rebondie, ainsi qu'en extraits de soja et de racine de curcuma pour uniformiser le teint. Il procure une hydratation non collante qui aide \u00e0 repulper et \u00e0 revitaliser les peaux ternes et fatigu\u00e9es.<\/p>","protected":false},"featured_media":11346,"comment_status":"open","ping_status":"closed","template":"","meta":{"om_disable_all_campaigns":false},"product_brand":[],"product_cat":[183,39,69,238],"product_tag":[],"class_list":{"0":"post-11340","1":"product","2":"type-product","3":"status-publish","4":"has-post-thumbnail","6":"product_cat-anua","7":"product_cat-face-toners","8":"product_cat-hyaluronic-acid","9":"product_cat-pdrn","11":"first","12":"instock","13":"shipping-taxable","14":"purchasable","15":"product-type-simple"},"aioseo_notices":[],"jetpack_sharing_enabled":true,"_links":{"self":[{"href":"https:\/\/k-beautyci.com\/fr\/wp-json\/wp\/v2\/product\/11340","targetHints":{"allow":["GET"]}}],"collection":[{"href":"https:\/\/k-beautyci.com\/fr\/wp-json\/wp\/v2\/product"}],"about":[{"href":"https:\/\/k-beautyci.com\/fr\/wp-json\/wp\/v2\/types\/product"}],"replies":[{"embeddable":true,"href":"https:\/\/k-beautyci.com\/fr\/wp-json\/wp\/v2\/comments?post=11340"}],"wp:featuredmedia":[{"embeddable":true,"href":"https:\/\/k-beautyci.com\/fr\/wp-json\/wp\/v2\/media\/11346"}],"wp:attachment":[{"href":"https:\/\/k-beautyci.com\/fr\/wp-json\/wp\/v2\/media?parent=11340"}],"wp:term":[{"taxonomy":"product_brand","embeddable":true,"href":"https:\/\/k-beautyci.com\/fr\/wp-json\/wp\/v2\/product_brand?post=11340"},{"taxonomy":"product_cat","embeddable":true,"href":"https:\/\/k-beautyci.com\/fr\/wp-json\/wp\/v2\/product_cat?post=11340"},{"taxonomy":"product_tag","embeddable":true,"href":"https:\/\/k-beautyci.com\/fr\/wp-json\/wp\/v2\/product_tag?post=11340"}],"curies":[{"name":"wp","href":"https:\/\/api.w.org\/{rel}","templated":true}]}}