{"id":1134,"date":"2023-05-23T14:28:52","date_gmt":"2023-05-23T14:28:52","guid":{"rendered":"https:\/\/k-beautyci.com\/?post_type=product&#038;p=1134"},"modified":"2025-12-09T19:44:29","modified_gmt":"2025-12-09T19:44:29","slug":"some-by-mi-retinol-intense-advanced-triple-action-eye-cream-30ml","status":"publish","type":"product","link":"https:\/\/k-beautyci.com\/fr\/produit\/some-by-mi-retinol-intense-advanced-triple-action-eye-cream-30ml\/","title":{"rendered":"SOME BY MI Retinol Intense Advanced Triple Action Eye Cream 30mL"},"content":{"rendered":"<p><strong>COMMENT L'UTILISER :<\/strong><\/p>\n<p>\u00c0 l'aide de l'annulaire, appliquer une petite quantit\u00e9 sur le contour des yeux et tapoter d\u00e9licatement pour absorber.<\/p>\n<p>Si vous avez la peau sensible ou si vous n'avez jamais utilis\u00e9 de produits \u00e0 base de vitamine A, nous vous recommandons d'ajuster la quantit\u00e9 ou la fr\u00e9quence. Lorsque vous utilisez ce produit pour la premi\u00e8re fois, appliquez une petite quantit\u00e9 sur votre peau et surveillez les r\u00e9actions \u00e9ventuelles. Augmentez lentement la quantit\u00e9 utilis\u00e9e jusqu'\u00e0 ce que vous trouviez l'\u00e9quilibre appropri\u00e9 pour votre peau.<\/p>\n<p>Toujours effectuer un test \u00e9picutan\u00e9. Utiliser uniquement selon les instructions. Ne pas utiliser sur une peau ab\u00eem\u00e9e. \u00c9viter l'utilisation pendant la grossesse ou l'allaitement. Ne pas utiliser imm\u00e9diatement apr\u00e8s un gommage. \u00c9viter d'utiliser ce produit en m\u00eame temps que des produits \u00e0 base de vitamine C ou d'acide. En cas d'irritation de la peau lors de l'utilisation de ce produit, r\u00e9duire la quantit\u00e9 ou la fr\u00e9quence d'utilisation et arr\u00eater l'utilisation si l'irritation persiste. Suivre les instructions suppl\u00e9mentaires figurant sur l'emballage. Avant de s'exposer au soleil, il est recommand\u00e9 aux utilisateurs de couvrir les zones o\u00f9 des r\u00e9tino\u00efdes ont \u00e9t\u00e9 appliqu\u00e9s avec un \u00e9cran solaire. Le contact du produit avec la peau doit \u00eatre limit\u00e9 en fr\u00e9quence et en dur\u00e9e. Les r\u00e9sultats individuels peuvent varier.<\/p>","protected":false},"excerpt":{"rendered":"<p>Revenez en arri\u00e8re avec cette cr\u00e8me pour les yeux de SOME BY MI. Avec le r\u00e9tinol comme ingr\u00e9dient vedette, cette cr\u00e8me pour les yeux est sans compromis dans sa poursuite de l'effacement des rides et ridules ! Cette cr\u00e8me est \u00e9galement parfaite comme traitement ponctuel pour d'autres zones pr\u00e9occupantes du visage.<\/p>\n<p><strong>B\u00c9N\u00c9FICES<\/strong><\/p>\n<ul>\n<li>Le r\u00e9tinol est un ingr\u00e9dient puissant qui agit pour \u00e9claircir la peau, r\u00e9duire l'apparence des ridules et raffermir la peau pour une apparence plus jeune.<\/li>\n<li>Contient une formule hypoallerg\u00e9nique qui permet de l'utiliser en toute s\u00e9curit\u00e9 sur les zones sensibles et fragiles de la peau.<\/li>\n<li>L'ajout de collag\u00e8ne et de peptides renforce encore les effets anti-\u00e2ge.<\/li>\n<\/ul>","protected":false},"featured_media":1136,"comment_status":"open","ping_status":"closed","template":"","meta":{"om_disable_all_campaigns":false},"product_brand":[],"product_cat":[57,25,38,68,85],"product_tag":[],"class_list":{"0":"post-1134","1":"product","2":"type-product","3":"status-publish","4":"has-post-thumbnail","6":"product_cat-anti-aging","7":"product_cat-asian-brands","8":"product_cat-eye-care","9":"product_cat-retinol","10":"product_cat-some-by-mi","12":"first","13":"instock","14":"shipping-taxable","15":"purchasable","16":"product-type-simple"},"aioseo_notices":[],"jetpack_sharing_enabled":true,"_links":{"self":[{"href":"https:\/\/k-beautyci.com\/fr\/wp-json\/wp\/v2\/product\/1134","targetHints":{"allow":["GET"]}}],"collection":[{"href":"https:\/\/k-beautyci.com\/fr\/wp-json\/wp\/v2\/product"}],"about":[{"href":"https:\/\/k-beautyci.com\/fr\/wp-json\/wp\/v2\/types\/product"}],"replies":[{"embeddable":true,"href":"https:\/\/k-beautyci.com\/fr\/wp-json\/wp\/v2\/comments?post=1134"}],"wp:featuredmedia":[{"embeddable":true,"href":"https:\/\/k-beautyci.com\/fr\/wp-json\/wp\/v2\/media\/1136"}],"wp:attachment":[{"href":"https:\/\/k-beautyci.com\/fr\/wp-json\/wp\/v2\/media?parent=1134"}],"wp:term":[{"taxonomy":"product_brand","embeddable":true,"href":"https:\/\/k-beautyci.com\/fr\/wp-json\/wp\/v2\/product_brand?post=1134"},{"taxonomy":"product_cat","embeddable":true,"href":"https:\/\/k-beautyci.com\/fr\/wp-json\/wp\/v2\/product_cat?post=1134"},{"taxonomy":"product_tag","embeddable":true,"href":"https:\/\/k-beautyci.com\/fr\/wp-json\/wp\/v2\/product_tag?post=1134"}],"curies":[{"name":"wp","href":"https:\/\/api.w.org\/{rel}","templated":true}]}}