{"id":1131,"date":"2023-05-23T14:28:34","date_gmt":"2023-05-23T14:28:34","guid":{"rendered":"https:\/\/k-beautyci.com\/?post_type=product&#038;p=1131"},"modified":"2026-03-23T22:06:46","modified_gmt":"2026-03-23T22:06:46","slug":"skin-1004-hyalu-cica-water-fit-sun-serum-spf50-pa","status":"publish","type":"product","link":"https:\/\/k-beautyci.com\/fr\/produit\/skin-1004-hyalu-cica-water-fit-sun-serum-spf50-pa\/","title":{"rendered":"SKIN1004 Hyalu-Cica Water-Fit Sun Serum SPF50+ PA++++"},"content":{"rendered":"<p><strong>COMMENT L'UTILISER :<br \/>\n<\/strong>En derni\u00e8re \u00e9tape de votre routine de soins, appliquez uniform\u00e9ment sur les zones expos\u00e9es aux rayons UV.<\/p>","protected":false},"excerpt":{"rendered":"<p>Un \u00e9cran solaire non nano-chimique qui bloque les rayons UV tout en hydratant la peau. Laisse la peau avec un fini hydrat\u00e9 et ros\u00e9.<\/p>","protected":false},"featured_media":1133,"comment_status":"open","ping_status":"closed","template":"","meta":{"om_disable_all_campaigns":false},"product_brand":[],"product_cat":[25,88,42,69,66,41,36,94,77],"product_tag":[],"class_list":{"0":"post-1131","1":"product","2":"type-product","3":"status-publish","4":"has-post-thumbnail","6":"product_cat-asian-brands","7":"product_cat-centella","8":"product_cat-dry-skin","9":"product_cat-hyaluronic-acid","10":"product_cat-normal-combination-skin","11":"product_cat-oily-skin","12":"product_cat-sensitive-skin","13":"product_cat-skin-1004","14":"product_cat-spf-50","16":"first","17":"instock","18":"sale","19":"shipping-taxable","20":"purchasable","21":"product-type-variable"},"aioseo_notices":[],"jetpack_sharing_enabled":true,"_links":{"self":[{"href":"https:\/\/k-beautyci.com\/fr\/wp-json\/wp\/v2\/product\/1131","targetHints":{"allow":["GET"]}}],"collection":[{"href":"https:\/\/k-beautyci.com\/fr\/wp-json\/wp\/v2\/product"}],"about":[{"href":"https:\/\/k-beautyci.com\/fr\/wp-json\/wp\/v2\/types\/product"}],"replies":[{"embeddable":true,"href":"https:\/\/k-beautyci.com\/fr\/wp-json\/wp\/v2\/comments?post=1131"}],"wp:featuredmedia":[{"embeddable":true,"href":"https:\/\/k-beautyci.com\/fr\/wp-json\/wp\/v2\/media\/1133"}],"wp:attachment":[{"href":"https:\/\/k-beautyci.com\/fr\/wp-json\/wp\/v2\/media?parent=1131"}],"wp:term":[{"taxonomy":"product_brand","embeddable":true,"href":"https:\/\/k-beautyci.com\/fr\/wp-json\/wp\/v2\/product_brand?post=1131"},{"taxonomy":"product_cat","embeddable":true,"href":"https:\/\/k-beautyci.com\/fr\/wp-json\/wp\/v2\/product_cat?post=1131"},{"taxonomy":"product_tag","embeddable":true,"href":"https:\/\/k-beautyci.com\/fr\/wp-json\/wp\/v2\/product_tag?post=1131"}],"curies":[{"name":"wp","href":"https:\/\/api.w.org\/{rel}","templated":true}]}}