{"id":11305,"date":"2026-03-08T16:27:48","date_gmt":"2026-03-08T16:27:48","guid":{"rendered":"https:\/\/k-beautyci.com\/?post_type=product&#038;p=11305"},"modified":"2026-03-08T16:27:52","modified_gmt":"2026-03-08T16:27:52","slug":"anua-pdrn-hyaluronic-acid-hydrating-capsule-mist-100ml","status":"publish","type":"product","link":"https:\/\/k-beautyci.com\/fr\/produit\/anua-pdrn-hyaluronic-acid-hydrating-capsule-mist-100ml\/","title":{"rendered":"ANUA PDRN HYALURONIC ACID HYDRATING CAPSULE MIST 100ml"},"content":{"rendered":"<p>Comment l'utiliser :<\/p>\n<p>Vaporisez uniform\u00e9ment sur le visage d\u00e8s que la peau est s\u00e8che. Peut \u00eatre utilis\u00e9 \u00e0 tout moment sur le maquillage, sans avoir besoin d'agiter le flacon. Les capsules d'huile lumineuses laissent la peau \u00e9clatante et le maquillage frais toute la journ\u00e9e.<\/p>\n<p>Avertissement : Pour usage externe uniquement. Toujours effectuer un test \u00e9picutan\u00e9. Cessez d'utiliser le produit si vous ressentez une quelconque g\u00eane. Suivre les instructions suppl\u00e9mentaires figurant sur l'emballage. Les r\u00e9sultats individuels peuvent varier.<\/p>","protected":false},"excerpt":{"rendered":"<p>Une brume en capsule Hydra-Glow enrichie en PDRN (ADN de saumon) et en acide hyaluronique. Avec 2 000 ppm de PDRN, elle aide \u00e0 booster l'\u00e9clat et la fermet\u00e9 de la peau, pour un soin pr\u00e9coce qui pr\u00e9serve la jeunesse. Elle aide \u00e0 r\u00e9hydrater la peau pour une peau saine et repulp\u00e9e.<\/p>","protected":false},"featured_media":11312,"comment_status":"open","ping_status":"closed","template":"","meta":{"om_disable_all_campaigns":false},"product_brand":[],"product_cat":[183,69,238],"product_tag":[],"class_list":{"0":"post-11305","1":"product","2":"type-product","3":"status-publish","4":"has-post-thumbnail","6":"product_cat-anua","7":"product_cat-hyaluronic-acid","8":"product_cat-pdrn","10":"first","11":"instock","12":"shipping-taxable","13":"purchasable","14":"product-type-simple"},"aioseo_notices":[],"jetpack_sharing_enabled":true,"_links":{"self":[{"href":"https:\/\/k-beautyci.com\/fr\/wp-json\/wp\/v2\/product\/11305","targetHints":{"allow":["GET"]}}],"collection":[{"href":"https:\/\/k-beautyci.com\/fr\/wp-json\/wp\/v2\/product"}],"about":[{"href":"https:\/\/k-beautyci.com\/fr\/wp-json\/wp\/v2\/types\/product"}],"replies":[{"embeddable":true,"href":"https:\/\/k-beautyci.com\/fr\/wp-json\/wp\/v2\/comments?post=11305"}],"wp:featuredmedia":[{"embeddable":true,"href":"https:\/\/k-beautyci.com\/fr\/wp-json\/wp\/v2\/media\/11312"}],"wp:attachment":[{"href":"https:\/\/k-beautyci.com\/fr\/wp-json\/wp\/v2\/media?parent=11305"}],"wp:term":[{"taxonomy":"product_brand","embeddable":true,"href":"https:\/\/k-beautyci.com\/fr\/wp-json\/wp\/v2\/product_brand?post=11305"},{"taxonomy":"product_cat","embeddable":true,"href":"https:\/\/k-beautyci.com\/fr\/wp-json\/wp\/v2\/product_cat?post=11305"},{"taxonomy":"product_tag","embeddable":true,"href":"https:\/\/k-beautyci.com\/fr\/wp-json\/wp\/v2\/product_tag?post=11305"}],"curies":[{"name":"wp","href":"https:\/\/api.w.org\/{rel}","templated":true}]}}