{"id":11298,"date":"2026-03-08T16:27:25","date_gmt":"2026-03-08T16:27:25","guid":{"rendered":"https:\/\/k-beautyci.com\/?post_type=product&#038;p=11298"},"modified":"2026-04-14T08:46:29","modified_gmt":"2026-04-14T08:46:29","slug":"anua-azelaic-acid-cica-skin-soothing-moisturizer-100ml","status":"publish","type":"product","link":"https:\/\/k-beautyci.com\/fr\/produit\/anua-azelaic-acid-cica-skin-soothing-moisturizer-100ml\/","title":{"rendered":"ANUA AZELAIC ACID CICA SKIN SOOTHING MOISTURIZER 100ml"},"content":{"rendered":"<p>Comment l'utiliser :<\/p>\n<p>Apr\u00e8s avoir nettoy\u00e9 et tonifi\u00e9 votre peau, appliquez une quantit\u00e9 appropri\u00e9e sur votre visage et massez d\u00e9licatement jusqu'\u00e0 absorption compl\u00e8te. Utilisez matin et soir comme derni\u00e8re \u00e9tape de votre routine de soins. Pour de meilleurs r\u00e9sultats, utilisez apr\u00e8s votre tonique et votre s\u00e9rum \u00e0 l'acide az\u00e9la\u00efque.<\/p>\n<p>Avertissement : Pour usage externe uniquement. Toujours effectuer un test \u00e9picutan\u00e9. Cessez d'utiliser le produit si vous ressentez une quelconque g\u00eane. Suivre les instructions suppl\u00e9mentaires figurant sur l'emballage. Les r\u00e9sultats individuels peuvent varier.<\/p>","protected":false},"excerpt":{"rendered":"<p>Formul\u00e9e \u00e0 partir d'acide az\u00e9la\u00efque \u00e0 3 % et de CICA, cette cr\u00e8me hydratante est con\u00e7ue pour apaiser les peaux sensibles et sujettes \u00e0 l'acn\u00e9. Elle aide \u00e0 maintenir le confort et l'\u00e9quilibre de la peau sans obstruer les pores, ce qui la rend adapt\u00e9e \u00e0 un usage quotidien.<\/p>","protected":false},"featured_media":11304,"comment_status":"open","ping_status":"closed","template":"","meta":{"om_disable_all_campaigns":false},"product_brand":[],"product_cat":[60,183,165,52,26],"product_tag":[],"class_list":{"0":"post-11298","1":"product","2":"type-product","3":"status-publish","4":"has-post-thumbnail","6":"product_cat-acne","7":"product_cat-anua","8":"product_cat-azelaic-acid","9":"product_cat-dark-spots","10":"product_cat-face-moisturizer","12":"first","13":"instock","14":"shipping-taxable","15":"purchasable","16":"product-type-simple"},"aioseo_notices":[],"jetpack_sharing_enabled":true,"_links":{"self":[{"href":"https:\/\/k-beautyci.com\/fr\/wp-json\/wp\/v2\/product\/11298","targetHints":{"allow":["GET"]}}],"collection":[{"href":"https:\/\/k-beautyci.com\/fr\/wp-json\/wp\/v2\/product"}],"about":[{"href":"https:\/\/k-beautyci.com\/fr\/wp-json\/wp\/v2\/types\/product"}],"replies":[{"embeddable":true,"href":"https:\/\/k-beautyci.com\/fr\/wp-json\/wp\/v2\/comments?post=11298"}],"wp:featuredmedia":[{"embeddable":true,"href":"https:\/\/k-beautyci.com\/fr\/wp-json\/wp\/v2\/media\/11304"}],"wp:attachment":[{"href":"https:\/\/k-beautyci.com\/fr\/wp-json\/wp\/v2\/media?parent=11298"}],"wp:term":[{"taxonomy":"product_brand","embeddable":true,"href":"https:\/\/k-beautyci.com\/fr\/wp-json\/wp\/v2\/product_brand?post=11298"},{"taxonomy":"product_cat","embeddable":true,"href":"https:\/\/k-beautyci.com\/fr\/wp-json\/wp\/v2\/product_cat?post=11298"},{"taxonomy":"product_tag","embeddable":true,"href":"https:\/\/k-beautyci.com\/fr\/wp-json\/wp\/v2\/product_tag?post=11298"}],"curies":[{"name":"wp","href":"https:\/\/api.w.org\/{rel}","templated":true}]}}