{"id":11293,"date":"2026-03-08T16:27:00","date_gmt":"2026-03-08T16:27:00","guid":{"rendered":"https:\/\/k-beautyci.com\/?post_type=product&#038;p=11293"},"modified":"2026-03-08T16:27:04","modified_gmt":"2026-03-08T16:27:04","slug":"anua-pdrn-hyaluronic-acid-moisturizing-cleansing-foam-150ml","status":"publish","type":"product","link":"https:\/\/k-beautyci.com\/fr\/produit\/anua-pdrn-hyaluronic-acid-moisturizing-cleansing-foam-150ml\/","title":{"rendered":"ANUA PDRN HYALURONIC ACID MOISTURIZING CLEANSING FOAM 150ml"},"content":{"rendered":"<p>Comment l'utiliser :<\/p>\n<p>Pr\u00e9levez une quantit\u00e9 appropri\u00e9e et faites mousser avec de l'eau. Massez d\u00e9licatement le visage et rincez abondamment.<\/p>\n<p>Conseil de pro : utilisez-le comme masque rapide en l'appliquant sur peau s\u00e8che pendant une minute avant de le rincer. La mousse se transforme alors en un masque nettoyant en profondeur qui aide \u00e0 purifier les pores et \u00e0 adoucir le grain de peau.<\/p>","protected":false},"excerpt":{"rendered":"<p>Avec un pH l\u00e9g\u00e8rement acide de 6, il cr\u00e9e une mousse riche et onctueuse qui nettoie en douceur sans d\u00e9caper. Les fines microbulles aident \u00e0 \u00e9liminer le s\u00e9bum, laissant la peau lisse et apais\u00e9e.<\/p>","protected":false},"featured_media":11297,"comment_status":"open","ping_status":"closed","template":"","meta":{"om_disable_all_campaigns":false},"product_brand":[],"product_cat":[183,35,69,238],"product_tag":[],"class_list":{"0":"post-11293","1":"product","2":"type-product","3":"status-publish","4":"has-post-thumbnail","6":"product_cat-anua","7":"product_cat-face-cleansers","8":"product_cat-hyaluronic-acid","9":"product_cat-pdrn","11":"first","12":"instock","13":"shipping-taxable","14":"purchasable","15":"product-type-simple"},"aioseo_notices":[],"jetpack_sharing_enabled":true,"_links":{"self":[{"href":"https:\/\/k-beautyci.com\/fr\/wp-json\/wp\/v2\/product\/11293","targetHints":{"allow":["GET"]}}],"collection":[{"href":"https:\/\/k-beautyci.com\/fr\/wp-json\/wp\/v2\/product"}],"about":[{"href":"https:\/\/k-beautyci.com\/fr\/wp-json\/wp\/v2\/types\/product"}],"replies":[{"embeddable":true,"href":"https:\/\/k-beautyci.com\/fr\/wp-json\/wp\/v2\/comments?post=11293"}],"wp:featuredmedia":[{"embeddable":true,"href":"https:\/\/k-beautyci.com\/fr\/wp-json\/wp\/v2\/media\/11297"}],"wp:attachment":[{"href":"https:\/\/k-beautyci.com\/fr\/wp-json\/wp\/v2\/media?parent=11293"}],"wp:term":[{"taxonomy":"product_brand","embeddable":true,"href":"https:\/\/k-beautyci.com\/fr\/wp-json\/wp\/v2\/product_brand?post=11293"},{"taxonomy":"product_cat","embeddable":true,"href":"https:\/\/k-beautyci.com\/fr\/wp-json\/wp\/v2\/product_cat?post=11293"},{"taxonomy":"product_tag","embeddable":true,"href":"https:\/\/k-beautyci.com\/fr\/wp-json\/wp\/v2\/product_tag?post=11293"}],"curies":[{"name":"wp","href":"https:\/\/api.w.org\/{rel}","templated":true}]}}