{"id":11286,"date":"2026-03-08T23:04:13","date_gmt":"2026-03-08T23:04:13","guid":{"rendered":"https:\/\/k-beautyci.com\/?post_type=product&#038;p=11286"},"modified":"2026-03-28T01:19:18","modified_gmt":"2026-03-28T01:19:18","slug":"dr-althea-abc-glow-whipped-serum-100ml","status":"publish","type":"product","link":"https:\/\/k-beautyci.com\/fr\/produit\/dr-althea-abc-glow-whipped-serum-100ml\/","title":{"rendered":"Dr.Althea ABC Glow Whipped Serum 100ml"},"content":{"rendered":"<p>Comment l'utiliser :<\/p>\n<p>1. Apr\u00e8s avoir nettoy\u00e9 la peau, appliquez 1 \u00e0 2 pressions sur la peau.<br \/>\n2. Tapotez doucement jusqu'\u00e0 absorption compl\u00e8te.<\/p>\n<p>Avertissement : Pour usage externe uniquement. Toujours effectuer un test \u00e9picutan\u00e9. Cessez d'utiliser le produit si vous ressentez une quelconque g\u00eane. Suivre les instructions suppl\u00e9mentaires figurant sur l'emballage. Les r\u00e9sultats individuels peuvent varier.<\/p>","protected":false},"excerpt":{"rendered":"<p>Un s\u00e9rum illuminateur mousse \u00e0 l'eau qui offre une hydratation comparable \u00e0 celle d'un tonique et un \u00e9clat semblable \u00e0 celui d'un s\u00e9rum. Ses bulles d'air hydratantes p\u00e9n\u00e8trent rapidement dans la peau et laissent un fini l\u00e9ger et non collant. Compos\u00e9 \u00e0 90 % d'eau de collag\u00e8ne v\u00e9g\u00e9tal, de bakuchiol, d'eau de vitamine et d'allanto\u00efne, il am\u00e9liore l'\u00e9lasticit\u00e9, apaise la peau et rehausse son \u00e9clat naturel tout en la gardant lisse, hydrat\u00e9e et pr\u00eate \u00e0 \u00eatre maquill\u00e9e.<\/p>","protected":false},"featured_media":11292,"comment_status":"open","ping_status":"closed","template":"","meta":{"om_disable_all_campaigns":false},"product_brand":[],"product_cat":[52,207,31],"product_tag":[],"class_list":{"0":"post-11286","1":"product","2":"type-product","3":"status-publish","4":"has-post-thumbnail","6":"product_cat-dark-spots","7":"product_cat-dr-althea","8":"product_cat-face-serums","10":"first","11":"instock","12":"shipping-taxable","13":"purchasable","14":"product-type-simple"},"aioseo_notices":[],"jetpack_sharing_enabled":true,"_links":{"self":[{"href":"https:\/\/k-beautyci.com\/fr\/wp-json\/wp\/v2\/product\/11286","targetHints":{"allow":["GET"]}}],"collection":[{"href":"https:\/\/k-beautyci.com\/fr\/wp-json\/wp\/v2\/product"}],"about":[{"href":"https:\/\/k-beautyci.com\/fr\/wp-json\/wp\/v2\/types\/product"}],"replies":[{"embeddable":true,"href":"https:\/\/k-beautyci.com\/fr\/wp-json\/wp\/v2\/comments?post=11286"}],"wp:featuredmedia":[{"embeddable":true,"href":"https:\/\/k-beautyci.com\/fr\/wp-json\/wp\/v2\/media\/11292"}],"wp:attachment":[{"href":"https:\/\/k-beautyci.com\/fr\/wp-json\/wp\/v2\/media?parent=11286"}],"wp:term":[{"taxonomy":"product_brand","embeddable":true,"href":"https:\/\/k-beautyci.com\/fr\/wp-json\/wp\/v2\/product_brand?post=11286"},{"taxonomy":"product_cat","embeddable":true,"href":"https:\/\/k-beautyci.com\/fr\/wp-json\/wp\/v2\/product_cat?post=11286"},{"taxonomy":"product_tag","embeddable":true,"href":"https:\/\/k-beautyci.com\/fr\/wp-json\/wp\/v2\/product_tag?post=11286"}],"curies":[{"name":"wp","href":"https:\/\/api.w.org\/{rel}","templated":true}]}}