{"id":1128,"date":"2023-05-23T14:28:06","date_gmt":"2023-05-23T14:28:06","guid":{"rendered":"https:\/\/k-beautyci.com\/?post_type=product&#038;p=1128"},"modified":"2026-03-24T13:55:23","modified_gmt":"2026-03-24T13:55:23","slug":"skin1004-madagascar-centella-ampoule-55ml","status":"publish","type":"product","link":"https:\/\/k-beautyci.com\/fr\/produit\/skin1004-madagascar-centella-ampoule-55ml\/","title":{"rendered":"SKIN1004 Madagascar Centella Ampoule"},"content":{"rendered":"<p><strong>COMMENT L'UTILISER :<\/strong><\/p>\n<div class=\"description-item active\">\n<div class=\"body\">\n<p>Apr\u00e8s avoir nettoy\u00e9 et tonifi\u00e9 le visage, utiliser le compte-gouttes pour d\u00e9poser une quantit\u00e9 appropri\u00e9e de produit sur le visage. Tapoter doucement pour faire p\u00e9n\u00e9trer le produit.<\/p>\n<p>Avertissement : Pour usage externe uniquement. Toujours effectuer un test \u00e9picutan\u00e9. Cessez d'utiliser le produit si vous ressentez une quelconque g\u00eane. Suivre les instructions suppl\u00e9mentaires figurant sur l'emballage. Les r\u00e9sultats individuels peuvent varier.<\/p>\n<\/div>\n<\/div>","protected":false},"excerpt":{"rendered":"<p>Laissez votre peau se d\u00e9tendre gr\u00e2ce \u00e0 cette ampoule apaisante contenant de l'extrait de centella asiatica 100% pur provenant de Madagascar. Cette formule procure une sensation de simplicit\u00e9, de douceur et de propret\u00e9.<\/p>\n<p><strong>B\u00c9N\u00c9FICES<\/strong><\/p>\n<ul>\n<li>L'extrait de centella asiatica apaise la peau et la r\u00e9hydrate.<\/li>\n<li>Formule hypoallerg\u00e9nique certifi\u00e9e pour tous les types de peau.<\/li>\n<\/ul>","protected":false},"featured_media":1130,"comment_status":"open","ping_status":"closed","template":"","meta":{"om_disable_all_campaigns":false},"product_brand":[],"product_cat":[25,88,42,31,33,66,41,36,94],"product_tag":[],"class_list":{"0":"post-1128","1":"product","2":"type-product","3":"status-publish","4":"has-post-thumbnail","6":"product_cat-asian-brands","7":"product_cat-centella","8":"product_cat-dry-skin","9":"product_cat-face-serums","10":"product_cat-face-treatments","11":"product_cat-normal-combination-skin","12":"product_cat-oily-skin","13":"product_cat-sensitive-skin","14":"product_cat-skin-1004","16":"first","17":"instock","18":"sale","19":"shipping-taxable","20":"purchasable","21":"product-type-variable"},"aioseo_notices":[],"jetpack_sharing_enabled":true,"_links":{"self":[{"href":"https:\/\/k-beautyci.com\/fr\/wp-json\/wp\/v2\/product\/1128","targetHints":{"allow":["GET"]}}],"collection":[{"href":"https:\/\/k-beautyci.com\/fr\/wp-json\/wp\/v2\/product"}],"about":[{"href":"https:\/\/k-beautyci.com\/fr\/wp-json\/wp\/v2\/types\/product"}],"replies":[{"embeddable":true,"href":"https:\/\/k-beautyci.com\/fr\/wp-json\/wp\/v2\/comments?post=1128"}],"wp:featuredmedia":[{"embeddable":true,"href":"https:\/\/k-beautyci.com\/fr\/wp-json\/wp\/v2\/media\/1130"}],"wp:attachment":[{"href":"https:\/\/k-beautyci.com\/fr\/wp-json\/wp\/v2\/media?parent=1128"}],"wp:term":[{"taxonomy":"product_brand","embeddable":true,"href":"https:\/\/k-beautyci.com\/fr\/wp-json\/wp\/v2\/product_brand?post=1128"},{"taxonomy":"product_cat","embeddable":true,"href":"https:\/\/k-beautyci.com\/fr\/wp-json\/wp\/v2\/product_cat?post=1128"},{"taxonomy":"product_tag","embeddable":true,"href":"https:\/\/k-beautyci.com\/fr\/wp-json\/wp\/v2\/product_tag?post=1128"}],"curies":[{"name":"wp","href":"https:\/\/api.w.org\/{rel}","templated":true}]}}