{"id":1126,"date":"2023-05-23T14:27:49","date_gmt":"2023-05-23T14:27:49","guid":{"rendered":"https:\/\/k-beautyci.com\/?post_type=product&#038;p=1126"},"modified":"2024-08-15T13:34:43","modified_gmt":"2024-08-15T13:34:43","slug":"round-lab-1025-dokdo-on-the-go-kit","status":"publish","type":"product","link":"https:\/\/k-beautyci.com\/fr\/produit\/round-lab-1025-dokdo-on-the-go-kit\/","title":{"rendered":"ROUND LAB 1025 Dokdo On The Go Kit"},"content":{"rendered":"<p><b>MODE D'EMPLOI<\/b><\/p>\n<p><b>1025 Dokdo Cleanser (Nettoyant)<\/b><br \/>\nCr\u00e9er une mousse cr\u00e9meuse en ajoutant de l'eau. Masser soigneusement le visage. Rincer \u00e0 l'eau ti\u00e8de.<\/p>\n<p><b>1025 Dokdo Toner (Tonique)<\/b><br \/>\nApr\u00e8s le nettoyage, imbibez un coton de tonique et passez-le d\u00e9licatement sur l'ensemble du visage. Si vous utilisez la m\u00e9thode sans rin\u00e7age, imbibez le coton de tonique et laissez-le sur le visage pendant 5 \u00e0 10 minutes.<\/p>\n<p><b>1025 Dokdo Lotion<\/b><br \/>\nAppliquer une quantit\u00e9 suffisante de lotion sur toutes les zones du visage. Masser doucement jusqu'\u00e0 ce que la cr\u00e8me soit enti\u00e8rement absorb\u00e9e par la peau.<\/p>","protected":false},"excerpt":{"rendered":"<p>Vous n'aurez plus jamais \u00e0 vous passer de votre Cleanser, de votre toner et de votre lotion pr\u00e9f\u00e9r\u00e9s. (1025 Dokdo Cleanser 40ml + 1025 Dokdo Toner 50ml + 1025 Dokdo Lotion 50ml).<\/p>\n<p><b>1025 Dokdo Cleanser (Nettoyant)<\/b>: L\u00e9g\u00e8rement acide (pH 5,0 - 6,0), ce nettoyant mousseux et cr\u00e9meux purifie et \u00e9limine l'exc\u00e8s de s\u00e9bum sans dess\u00e9cher la peau. Il \u00e9limine les impuret\u00e9s et aide la peau \u00e0 maintenir un bon \u00e9quilibre hydrique.<\/p>\n<p><b>1025 Dokdo Toner (Tonique)<\/b>: Ce tonique exceptionnel exfolie les cellules mortes et hydrate durablement la peau. Faites l'exp\u00e9rience d'un soin simple mais exceptionnel au quotidien.<\/p>\n<p><b>1025 Dokdo Lotion<\/b>: Hydratant l\u00e9ger riche en min\u00e9raux de l'eau de mer profonde d'Ulleungdo et en triple acide hyaluronique. La r\u00e9tention d'eau est am\u00e9lior\u00e9e et l'hydratation est durable.<\/p>","protected":false},"featured_media":1127,"comment_status":"open","ping_status":"closed","template":"","meta":{"om_disable_all_campaigns":false},"product_brand":[],"product_cat":[42,35,26,39,64,66,41,157],"product_tag":[],"class_list":{"0":"post-1126","1":"product","2":"type-product","3":"status-publish","4":"has-post-thumbnail","6":"product_cat-dry-skin","7":"product_cat-face-cleansers","8":"product_cat-face-moisturizer","9":"product_cat-face-toners","10":"product_cat-kits-duos","11":"product_cat-normal-combination-skin","12":"product_cat-oily-skin","13":"product_cat-round-lab","15":"first","16":"outofstock","17":"sale","18":"shipping-taxable","19":"purchasable","20":"product-type-simple"},"aioseo_notices":[],"jetpack_sharing_enabled":true,"_links":{"self":[{"href":"https:\/\/k-beautyci.com\/fr\/wp-json\/wp\/v2\/product\/1126","targetHints":{"allow":["GET"]}}],"collection":[{"href":"https:\/\/k-beautyci.com\/fr\/wp-json\/wp\/v2\/product"}],"about":[{"href":"https:\/\/k-beautyci.com\/fr\/wp-json\/wp\/v2\/types\/product"}],"replies":[{"embeddable":true,"href":"https:\/\/k-beautyci.com\/fr\/wp-json\/wp\/v2\/comments?post=1126"}],"wp:featuredmedia":[{"embeddable":true,"href":"https:\/\/k-beautyci.com\/fr\/wp-json\/wp\/v2\/media\/1127"}],"wp:attachment":[{"href":"https:\/\/k-beautyci.com\/fr\/wp-json\/wp\/v2\/media?parent=1126"}],"wp:term":[{"taxonomy":"product_brand","embeddable":true,"href":"https:\/\/k-beautyci.com\/fr\/wp-json\/wp\/v2\/product_brand?post=1126"},{"taxonomy":"product_cat","embeddable":true,"href":"https:\/\/k-beautyci.com\/fr\/wp-json\/wp\/v2\/product_cat?post=1126"},{"taxonomy":"product_tag","embeddable":true,"href":"https:\/\/k-beautyci.com\/fr\/wp-json\/wp\/v2\/product_tag?post=1126"}],"curies":[{"name":"wp","href":"https:\/\/api.w.org\/{rel}","templated":true}]}}