{"id":11256,"date":"2026-03-08T16:43:29","date_gmt":"2026-03-08T16:43:29","guid":{"rendered":"https:\/\/k-beautyci.com\/?post_type=product&#038;p=11256"},"modified":"2026-04-20T23:51:00","modified_gmt":"2026-04-20T23:51:00","slug":"dr-althea-pdrn-reju-5000-cream","status":"publish","type":"product","link":"https:\/\/k-beautyci.com\/fr\/produit\/dr-althea-pdrn-reju-5000-cream\/","title":{"rendered":"Dr. Althea PDRN Reju 5000 Cream"},"content":{"rendered":"<p>Mode d'emploi :<\/p>\n<p>Utilisez ce produit comme derni\u00e8re \u00e9tape de votre routine de soins. Appliquez une quantit\u00e9 appropri\u00e9e de cr\u00e8me uniform\u00e9ment sur le visage et tapotez doucement pour une meilleure absorption. Appliquez une couche suppl\u00e9mentaire sur les zones qui ont besoin d'\u00eatre particuli\u00e8rement apais\u00e9es.<\/p>\n<p>Avertissement : Pour usage externe uniquement. Toujours effectuer un test \u00e9picutan\u00e9. Cessez d'utiliser le produit si vous ressentez une quelconque g\u00eane. Suivre les instructions suppl\u00e9mentaires figurant sur l'emballage. Les r\u00e9sultats individuels peuvent varier.<\/p>","protected":false},"excerpt":{"rendered":"<p>Renforcez la r\u00e9silience de votre peau et redonnez-lui toute sa fermet\u00e9 gr\u00e2ce au Dr Althea. Enrichi en PDRN d\u00e9riv\u00e9 de probiotiques et en eau de feuille de Centella Asiatica, il apaise, renforce la barri\u00e8re cutan\u00e9e et laisse la peau lisse, souple et revitalis\u00e9e.<\/p>","protected":false},"featured_media":11257,"comment_status":"open","ping_status":"closed","template":"","meta":{"om_disable_all_campaigns":false},"product_brand":[],"product_cat":[57,267,88,207,26,33,238],"product_tag":[],"class_list":{"0":"post-11256","1":"product","2":"type-product","3":"status-publish","4":"has-post-thumbnail","6":"product_cat-anti-aging","7":"product_cat-barrier-repair","8":"product_cat-centella","9":"product_cat-dr-althea","10":"product_cat-face-moisturizer","11":"product_cat-face-treatments","12":"product_cat-pdrn","14":"first","15":"instock","16":"shipping-taxable","17":"purchasable","18":"product-type-simple"},"aioseo_notices":[],"jetpack_sharing_enabled":true,"_links":{"self":[{"href":"https:\/\/k-beautyci.com\/fr\/wp-json\/wp\/v2\/product\/11256","targetHints":{"allow":["GET"]}}],"collection":[{"href":"https:\/\/k-beautyci.com\/fr\/wp-json\/wp\/v2\/product"}],"about":[{"href":"https:\/\/k-beautyci.com\/fr\/wp-json\/wp\/v2\/types\/product"}],"replies":[{"embeddable":true,"href":"https:\/\/k-beautyci.com\/fr\/wp-json\/wp\/v2\/comments?post=11256"}],"wp:featuredmedia":[{"embeddable":true,"href":"https:\/\/k-beautyci.com\/fr\/wp-json\/wp\/v2\/media\/11257"}],"wp:attachment":[{"href":"https:\/\/k-beautyci.com\/fr\/wp-json\/wp\/v2\/media?parent=11256"}],"wp:term":[{"taxonomy":"product_brand","embeddable":true,"href":"https:\/\/k-beautyci.com\/fr\/wp-json\/wp\/v2\/product_brand?post=11256"},{"taxonomy":"product_cat","embeddable":true,"href":"https:\/\/k-beautyci.com\/fr\/wp-json\/wp\/v2\/product_cat?post=11256"},{"taxonomy":"product_tag","embeddable":true,"href":"https:\/\/k-beautyci.com\/fr\/wp-json\/wp\/v2\/product_tag?post=11256"}],"curies":[{"name":"wp","href":"https:\/\/api.w.org\/{rel}","templated":true}]}}