{"id":11245,"date":"2026-03-08T23:11:32","date_gmt":"2026-03-08T23:11:32","guid":{"rendered":"https:\/\/k-beautyci.com\/?post_type=product&#038;p=11245"},"modified":"2026-03-08T23:11:35","modified_gmt":"2026-03-08T23:11:35","slug":"iunik-centella-edition-skincare-set","status":"publish","type":"product","link":"https:\/\/k-beautyci.com\/fr\/produit\/iunik-centella-edition-skincare-set\/","title":{"rendered":"iUNIK Centella Edition Skincare Set"},"content":{"rendered":"<p>Comment l'utiliser :<\/p>\n<div class=\"description-item active\">\n<div class=\"body\">\n<p>S\u00e9rum apaisant \u00e0 l'arbre \u00e0 th\u00e9 iUNIK : Appliquez 1 \u00e0 2 gouttes de s\u00e9rum sur le visage. Tapotez doucement pour faciliter l'absorption.<\/p>\n<p>Cr\u00e8me gel apaisante Centella iUNIK : apr\u00e8s avoir nettoy\u00e9 et tonifi\u00e9 la peau, appliquez la cr\u00e8me uniform\u00e9ment et tapotez la peau pour faciliter l'absorption. Utilisez-la comme derni\u00e8re \u00e9tape de votre routine de soins de la peau. \u00c9vitez le contour des yeux et de la bouche.<\/p>\n<p>Avertissement : Pour usage externe uniquement. Toujours effectuer un test \u00e9picutan\u00e9. Cessez d'utiliser le produit si vous ressentez une quelconque g\u00eane. Suivre les instructions suppl\u00e9mentaires figurant sur l'emballage. Les r\u00e9sultats individuels peuvent varier.<\/p>\n<\/div>\n<\/div>\n<div class=\"description-item\">\n<p>&nbsp;<\/p>\n<div class=\"body\"><\/div>\n<\/div>","protected":false},"excerpt":{"rendered":"<p>Ce coffret de soins Centella Edition contient une cr\u00e8me gel apaisante Centella et un s\u00e9rum apaisant Tea Tree. La cr\u00e8me gel sans huile est l\u00e9g\u00e8re, rafra\u00eechissante et hydratante, laissant la peau claire et \u00e9clatante. Enrichie \u00e0 70 % en eau de feuilles de centella asiatica et \u00e0 10 % en eau de feuilles d'arbre \u00e0 th\u00e9 pour r\u00e9duire la temp\u00e9rature de la peau, ainsi qu'en six types d'extraits de pousses pour hydrater et soulager les peaux stress\u00e9es. Le s\u00e9rum contient 67 % d'extrait d'arbre \u00e0 th\u00e9 et 19,5 % d'extrait de centella pour apaiser les peaux sensibles et cr\u00e9er un teint clair. Il r\u00e9hydrate et nourrit la peau, lui redonnant douceur et souplesse.<\/p>\n<p>Contenu :<\/p>\n<ul>\n<li>iUNIK Tea Tree Relief Serum 15ml<\/li>\n<li>iUNIK Centella Calming Gel Cream 60ml<\/li>\n<\/ul>","protected":false},"featured_media":11247,"comment_status":"open","ping_status":"closed","template":"","meta":{"om_disable_all_campaigns":false},"product_brand":[],"product_cat":[60,88,26,31,208,64,41],"product_tag":[],"class_list":{"0":"post-11245","1":"product","2":"type-product","3":"status-publish","4":"has-post-thumbnail","6":"product_cat-acne","7":"product_cat-centella","8":"product_cat-face-moisturizer","9":"product_cat-face-serums","10":"product_cat-iunik","11":"product_cat-kits-duos","12":"product_cat-oily-skin","14":"first","15":"instock","16":"shipping-taxable","17":"purchasable","18":"product-type-simple"},"aioseo_notices":[],"jetpack_sharing_enabled":true,"_links":{"self":[{"href":"https:\/\/k-beautyci.com\/fr\/wp-json\/wp\/v2\/product\/11245","targetHints":{"allow":["GET"]}}],"collection":[{"href":"https:\/\/k-beautyci.com\/fr\/wp-json\/wp\/v2\/product"}],"about":[{"href":"https:\/\/k-beautyci.com\/fr\/wp-json\/wp\/v2\/types\/product"}],"replies":[{"embeddable":true,"href":"https:\/\/k-beautyci.com\/fr\/wp-json\/wp\/v2\/comments?post=11245"}],"wp:featuredmedia":[{"embeddable":true,"href":"https:\/\/k-beautyci.com\/fr\/wp-json\/wp\/v2\/media\/11247"}],"wp:attachment":[{"href":"https:\/\/k-beautyci.com\/fr\/wp-json\/wp\/v2\/media?parent=11245"}],"wp:term":[{"taxonomy":"product_brand","embeddable":true,"href":"https:\/\/k-beautyci.com\/fr\/wp-json\/wp\/v2\/product_brand?post=11245"},{"taxonomy":"product_cat","embeddable":true,"href":"https:\/\/k-beautyci.com\/fr\/wp-json\/wp\/v2\/product_cat?post=11245"},{"taxonomy":"product_tag","embeddable":true,"href":"https:\/\/k-beautyci.com\/fr\/wp-json\/wp\/v2\/product_tag?post=11245"}],"curies":[{"name":"wp","href":"https:\/\/api.w.org\/{rel}","templated":true}]}}