{"id":11241,"date":"2026-03-08T23:11:47","date_gmt":"2026-03-08T23:11:47","guid":{"rendered":"https:\/\/k-beautyci.com\/?post_type=product&#038;p=11241"},"modified":"2026-03-08T23:11:51","modified_gmt":"2026-03-08T23:11:51","slug":"iunik-centella-mini-set","status":"publish","type":"product","link":"https:\/\/k-beautyci.com\/fr\/produit\/iunik-centella-mini-set\/","title":{"rendered":"iUNIK Centella Mini Set"},"content":{"rendered":"<p>Comment l'utiliser :<\/p>\n<p>Apr\u00e8s avoir nettoy\u00e9 votre visage, appliquez une quantit\u00e9 ad\u00e9quate de tonique sur votre visage \u00e0 l'aide de vos mains propres ou d'un coton, puis tapotez pour faciliter l'absorption. Une fois le tonique absorb\u00e9, appliquez le s\u00e9rum sur votre visage. Terminez votre routine de soins de la peau en appliquant la cr\u00e8me, puis une cr\u00e8me solaire pendant la journ\u00e9e.<\/p>\n<p>Avertissement : Pour usage externe uniquement. Toujours effectuer un test \u00e9picutan\u00e9. Cessez d'utiliser le produit si vous ressentez une quelconque g\u00eane. Suivre les instructions suppl\u00e9mentaires figurant sur l'emballage. Les r\u00e9sultats individuels peuvent varier.<\/p>","protected":false},"excerpt":{"rendered":"<p>Offrez \u00e0 votre peau un soulagement instantan\u00e9 gr\u00e2ce \u00e0 cet ensemble apaisant et calmant de iUNIK. Cet ensemble hydratant en format d'essai en 3 \u00e9tapes contient de l'extrait de centella et de l'extrait d'arbre \u00e0 th\u00e9 comme ingr\u00e9dients vedettes. Il transformera visiblement votre peau fatigu\u00e9e et rugueuse en un teint \u00e9clatant.<\/p>\n<p>Contenu :<\/p>\n<ul>\n<li>25ml\u00a0iUNIK Tea Tree Relief Toner<\/li>\n<li>15ml\u00a0iUNIK Tea Tree Relief Serum<\/li>\n<li>15ml\u00a0iUNIK Centella Calming Gel Cream<\/li>\n<\/ul>","protected":false},"featured_media":11244,"comment_status":"open","ping_status":"closed","template":"","meta":{"om_disable_all_campaigns":false},"product_brand":[],"product_cat":[60,88,26,31,39,208,64],"product_tag":[],"class_list":{"0":"post-11241","1":"product","2":"type-product","3":"status-publish","4":"has-post-thumbnail","6":"product_cat-acne","7":"product_cat-centella","8":"product_cat-face-moisturizer","9":"product_cat-face-serums","10":"product_cat-face-toners","11":"product_cat-iunik","12":"product_cat-kits-duos","14":"first","15":"instock","16":"shipping-taxable","17":"purchasable","18":"product-type-simple"},"aioseo_notices":[],"jetpack_sharing_enabled":true,"_links":{"self":[{"href":"https:\/\/k-beautyci.com\/fr\/wp-json\/wp\/v2\/product\/11241","targetHints":{"allow":["GET"]}}],"collection":[{"href":"https:\/\/k-beautyci.com\/fr\/wp-json\/wp\/v2\/product"}],"about":[{"href":"https:\/\/k-beautyci.com\/fr\/wp-json\/wp\/v2\/types\/product"}],"replies":[{"embeddable":true,"href":"https:\/\/k-beautyci.com\/fr\/wp-json\/wp\/v2\/comments?post=11241"}],"wp:featuredmedia":[{"embeddable":true,"href":"https:\/\/k-beautyci.com\/fr\/wp-json\/wp\/v2\/media\/11244"}],"wp:attachment":[{"href":"https:\/\/k-beautyci.com\/fr\/wp-json\/wp\/v2\/media?parent=11241"}],"wp:term":[{"taxonomy":"product_brand","embeddable":true,"href":"https:\/\/k-beautyci.com\/fr\/wp-json\/wp\/v2\/product_brand?post=11241"},{"taxonomy":"product_cat","embeddable":true,"href":"https:\/\/k-beautyci.com\/fr\/wp-json\/wp\/v2\/product_cat?post=11241"},{"taxonomy":"product_tag","embeddable":true,"href":"https:\/\/k-beautyci.com\/fr\/wp-json\/wp\/v2\/product_tag?post=11241"}],"curies":[{"name":"wp","href":"https:\/\/api.w.org\/{rel}","templated":true}]}}