{"id":1124,"date":"2023-05-23T14:27:33","date_gmt":"2023-05-23T14:27:33","guid":{"rendered":"https:\/\/k-beautyci.com\/?post_type=product&#038;p=1124"},"modified":"2023-06-19T11:26:54","modified_gmt":"2023-06-19T11:26:54","slug":"mediheal-vita-light-beam-essential-mask-ex","status":"publish","type":"product","link":"https:\/\/k-beautyci.com\/fr\/produit\/mediheal-vita-light-beam-essential-mask-ex\/","title":{"rendered":"MEDIHEAL Vita light beam essential mask EX"},"content":{"rendered":"<p><strong>COMMENT L'UTILISER :<\/strong><\/p>\n<p>1. Apr\u00e8s avoir nettoy\u00e9 et tonifi\u00e9 le visage, appliquer le masque.<br \/>\n2. Tirez vers le haut pour assurer un bon maintien sur le visage, en l'ajustant autour des yeux, du nez et de la bouche.<br \/>\n3. Se d\u00e9tendre pendant 10 \u00e0 20 minutes ou jusqu'\u00e0 l'apparition d'un logo, puis retirer le masque. Faire p\u00e9n\u00e9trer le reste de l'essence en tapotant l\u00e9g\u00e8rement jusqu'\u00e0 ce qu'elle soit enti\u00e8rement absorb\u00e9e.0<\/p>","protected":false},"excerpt":{"rendered":"<p>Le phosphate d'ascorbyle sodique (un d\u00e9riv\u00e9 de la vitamine C), l'ac\u00e9tate de tocoph\u00e9ryle et l'extrait d'\u00e9corce de saule blanc (Salix Alba) contribuent \u00e0 \u00e9claircir et \u00e0 am\u00e9liorer le teint de la peau.<\/p>\n<p>Le masque en cellulose soyeuse s'adapte parfaitement \u00e0 la peau, assurant une diffusion optimale de l'essence.<\/p>","protected":false},"featured_media":1125,"comment_status":"open","ping_status":"closed","template":"","meta":{"om_disable_all_campaigns":false},"product_brand":[],"product_cat":[62,26,156,72],"product_tag":[],"class_list":{"0":"post-1124","1":"product","2":"type-product","3":"status-publish","4":"has-post-thumbnail","6":"product_cat-face-masks","7":"product_cat-face-moisturizer","8":"product_cat-mediheal","9":"product_cat-vitamin-c","11":"first","12":"outofstock","13":"shipping-taxable","14":"purchasable","15":"product-type-simple"},"aioseo_notices":[],"jetpack_sharing_enabled":true,"_links":{"self":[{"href":"https:\/\/k-beautyci.com\/fr\/wp-json\/wp\/v2\/product\/1124","targetHints":{"allow":["GET"]}}],"collection":[{"href":"https:\/\/k-beautyci.com\/fr\/wp-json\/wp\/v2\/product"}],"about":[{"href":"https:\/\/k-beautyci.com\/fr\/wp-json\/wp\/v2\/types\/product"}],"replies":[{"embeddable":true,"href":"https:\/\/k-beautyci.com\/fr\/wp-json\/wp\/v2\/comments?post=1124"}],"wp:featuredmedia":[{"embeddable":true,"href":"https:\/\/k-beautyci.com\/fr\/wp-json\/wp\/v2\/media\/1125"}],"wp:attachment":[{"href":"https:\/\/k-beautyci.com\/fr\/wp-json\/wp\/v2\/media?parent=1124"}],"wp:term":[{"taxonomy":"product_brand","embeddable":true,"href":"https:\/\/k-beautyci.com\/fr\/wp-json\/wp\/v2\/product_brand?post=1124"},{"taxonomy":"product_cat","embeddable":true,"href":"https:\/\/k-beautyci.com\/fr\/wp-json\/wp\/v2\/product_cat?post=1124"},{"taxonomy":"product_tag","embeddable":true,"href":"https:\/\/k-beautyci.com\/fr\/wp-json\/wp\/v2\/product_tag?post=1124"}],"curies":[{"name":"wp","href":"https:\/\/api.w.org\/{rel}","templated":true}]}}