{"id":1122,"date":"2023-05-17T14:36:38","date_gmt":"2023-05-17T14:36:38","guid":{"rendered":"https:\/\/k-beautyci.com\/?post_type=product&#038;p=1122"},"modified":"2026-03-13T10:49:24","modified_gmt":"2026-03-13T10:49:24","slug":"missha-all-around-safe-block-aqua-sun-spf50-pa-50ml","status":"publish","type":"product","link":"https:\/\/k-beautyci.com\/fr\/produit\/missha-all-around-safe-block-aqua-sun-spf50-pa-50ml\/","title":{"rendered":"Missha All Around Safe Block Aqua Sun SPF50+ PA++++ 50ml"},"content":{"rendered":"<p><strong>COMMENT L'UTILISER : <\/strong><\/p>\n<p>Pour une protection optimale, appliquer 30 minutes avant l'exposition au soleil. Renouvelez l'application toutes les 2 \u00e0 3 heures et chaque fois que votre peau est expos\u00e9e \u00e0 une quantit\u00e9 importante d'eau ou de sueur.<\/p>","protected":false},"excerpt":{"rendered":"<p>Cette cr\u00e8me solaire \u00e0 usage quotidien soigne la peau en la prot\u00e9geant des rayons UV et des facteurs environnementaux nocifs. All Around Safe Block Waterproof Sun Essence SPF 50 offre un niveau \u00e9lev\u00e9 de protection contre les rayons UVA\/UVB nocifs. Elle aide \u00e0 pr\u00e9venir les coups de soleil et \u00e0 r\u00e9duire le risque de cancer de la peau et de vieillissement pr\u00e9matur\u00e9.<\/p>","protected":false},"featured_media":1123,"comment_status":"open","ping_status":"closed","template":"","meta":{"om_disable_all_campaigns":false},"product_brand":[],"product_cat":[25,155,77],"product_tag":[],"class_list":{"0":"post-1122","1":"product","2":"type-product","3":"status-publish","4":"has-post-thumbnail","6":"product_cat-asian-brands","7":"product_cat-missha","8":"product_cat-spf-50","10":"first","11":"outofstock","12":"shipping-taxable","13":"purchasable","14":"product-type-simple"},"aioseo_notices":[],"jetpack_sharing_enabled":true,"_links":{"self":[{"href":"https:\/\/k-beautyci.com\/fr\/wp-json\/wp\/v2\/product\/1122","targetHints":{"allow":["GET"]}}],"collection":[{"href":"https:\/\/k-beautyci.com\/fr\/wp-json\/wp\/v2\/product"}],"about":[{"href":"https:\/\/k-beautyci.com\/fr\/wp-json\/wp\/v2\/types\/product"}],"replies":[{"embeddable":true,"href":"https:\/\/k-beautyci.com\/fr\/wp-json\/wp\/v2\/comments?post=1122"}],"wp:featuredmedia":[{"embeddable":true,"href":"https:\/\/k-beautyci.com\/fr\/wp-json\/wp\/v2\/media\/1123"}],"wp:attachment":[{"href":"https:\/\/k-beautyci.com\/fr\/wp-json\/wp\/v2\/media?parent=1122"}],"wp:term":[{"taxonomy":"product_brand","embeddable":true,"href":"https:\/\/k-beautyci.com\/fr\/wp-json\/wp\/v2\/product_brand?post=1122"},{"taxonomy":"product_cat","embeddable":true,"href":"https:\/\/k-beautyci.com\/fr\/wp-json\/wp\/v2\/product_cat?post=1122"},{"taxonomy":"product_tag","embeddable":true,"href":"https:\/\/k-beautyci.com\/fr\/wp-json\/wp\/v2\/product_tag?post=1122"}],"curies":[{"name":"wp","href":"https:\/\/api.w.org\/{rel}","templated":true}]}}