{"id":1113,"date":"2023-05-23T14:18:01","date_gmt":"2023-05-23T14:18:01","guid":{"rendered":"https:\/\/k-beautyci.com\/?post_type=product&#038;p=1113"},"modified":"2026-02-17T01:52:53","modified_gmt":"2026-02-17T01:52:53","slug":"axis-y-mugwort-pore-clarifying-wash-off-pack","status":"publish","type":"product","link":"https:\/\/k-beautyci.com\/fr\/produit\/axis-y-mugwort-pore-clarifying-wash-off-pack\/","title":{"rendered":"AXIS-Y Kit nettoyant clarifiant les pores"},"content":{"rendered":"<p><strong>B\u00c9N\u00c9FICES<\/strong><\/p>\n<ul>\n<li>L'extrait d'armoise \u00e0 61 % prot\u00e8ge la barri\u00e8re d'hydratation naturelle de la peau.<\/li>\n<li>Les haricots Adzuki aident \u00e0 \u00e9liminer en douceur les cellules mortes pour une peau plus lisse.<\/li>\n<li>Le haricot mungo hydrate, \u00e9claircit et raffermit la peau.<\/li>\n<\/ul>\n<p>&nbsp;<\/p>\n<p><strong>COMMENT L'UTILISER :<\/strong><\/p>\n<p>\u00c0 l'aide de la spatule fournie, pr\u00e9lever une quantit\u00e9 mod\u00e9r\u00e9e de produit et l'appliquer uniform\u00e9ment sur l'ensemble du visage, en \u00e9vitant le contour des yeux et de la bouche. Laisser agir pendant environ 15 minutes, puis rincer \u00e0 l'eau ti\u00e8de.<\/p>\n<p>Avertissement : Pour usage externe uniquement. Toujours effectuer un test \u00e9picutan\u00e9. Cessez d'utiliser le produit si vous ressentez une quelconque g\u00eane. Suivre les instructions suppl\u00e9mentaires figurant sur l'emballage. Les r\u00e9sultats individuels peuvent varier.<\/p>","protected":false},"excerpt":{"rendered":"<p>Laissez votre peau respirer gr\u00e2ce \u00e0 ce masque nettoyant clarifiant. Gr\u00e2ce \u00e0 l'armoise, ce masque procure une sensation apaisante et \u00e9limine l'exc\u00e8s de s\u00e9bum pour r\u00e9v\u00e9ler un teint plus lumineux et plus lisse.<\/p>","protected":false},"featured_media":1115,"comment_status":"open","ping_status":"closed","template":"","meta":{"om_disable_all_campaigns":false},"product_brand":[],"product_cat":[25,89,61,62],"product_tag":[],"class_list":{"0":"post-1113","1":"product","2":"type-product","3":"status-publish","4":"has-post-thumbnail","6":"product_cat-asian-brands","7":"product_cat-axis-y","8":"product_cat-face-exfoliator-peels-scrubs","9":"product_cat-face-masks","11":"first","12":"outofstock","13":"shipping-taxable","14":"purchasable","15":"product-type-simple"},"aioseo_notices":[],"jetpack_sharing_enabled":true,"_links":{"self":[{"href":"https:\/\/k-beautyci.com\/fr\/wp-json\/wp\/v2\/product\/1113","targetHints":{"allow":["GET"]}}],"collection":[{"href":"https:\/\/k-beautyci.com\/fr\/wp-json\/wp\/v2\/product"}],"about":[{"href":"https:\/\/k-beautyci.com\/fr\/wp-json\/wp\/v2\/types\/product"}],"replies":[{"embeddable":true,"href":"https:\/\/k-beautyci.com\/fr\/wp-json\/wp\/v2\/comments?post=1113"}],"wp:featuredmedia":[{"embeddable":true,"href":"https:\/\/k-beautyci.com\/fr\/wp-json\/wp\/v2\/media\/1115"}],"wp:attachment":[{"href":"https:\/\/k-beautyci.com\/fr\/wp-json\/wp\/v2\/media?parent=1113"}],"wp:term":[{"taxonomy":"product_brand","embeddable":true,"href":"https:\/\/k-beautyci.com\/fr\/wp-json\/wp\/v2\/product_brand?post=1113"},{"taxonomy":"product_cat","embeddable":true,"href":"https:\/\/k-beautyci.com\/fr\/wp-json\/wp\/v2\/product_cat?post=1113"},{"taxonomy":"product_tag","embeddable":true,"href":"https:\/\/k-beautyci.com\/fr\/wp-json\/wp\/v2\/product_tag?post=1113"}],"curies":[{"name":"wp","href":"https:\/\/api.w.org\/{rel}","templated":true}]}}