{"id":1110,"date":"2023-05-23T14:17:42","date_gmt":"2023-05-23T14:17:42","guid":{"rendered":"https:\/\/k-beautyci.com\/?post_type=product&#038;p=1110"},"modified":"2024-04-02T20:06:58","modified_gmt":"2024-04-02T20:06:58","slug":"axis-y-mask-now-glow-later-duo-set","status":"publish","type":"product","link":"https:\/\/k-beautyci.com\/fr\/produit\/axis-y-mask-now-glow-later-duo-set\/","title":{"rendered":"AXIS-Y Mask Now Glow Later Duo Set"},"content":{"rendered":"<p><strong>B\u00c9N\u00c9FICES<\/strong><\/p>\n<ul>\n<li>AXIS-Y Kit nettoyant clarifiant les pores \u00e0 l'armoise : 61% d'extrait d'armoise revitalisent les peaux s\u00e8ches et ternes.<\/li>\n<li>Masque Gel R\u00e9solution Nouvelle Peau AXIS-Y : 2% de niacinamide rehausse l'\u00e9clat naturel de la peau.<\/li>\n<\/ul>\n<p><strong>CONTENTS:<\/strong><\/p>\n<ul>\n<li>30ml\u00a0AXIS-Y Mugwort Pore Clarifying Wash Off Pack<\/li>\n<li>30ml\u00a0AXIS-Y New Skin Resolution Gel Mask<\/li>\n<\/ul>\n<p>&nbsp;<\/p>\n<p>&nbsp;<\/p>","protected":false},"excerpt":{"rendered":"<p>Offrez-vous ce coffret duo contenant deux des masques les plus vendus d'AXIS-Y. Utilisez le masque Clarification des pores \u00e0 l'armoise pour nettoyer vos pores en profondeur et exfolier la peau en douceur, et utilisez le masque R\u00e9solution de la peau neuve pour une sensation de fra\u00eecheur.<\/p>","protected":false},"featured_media":1225,"comment_status":"open","ping_status":"closed","template":"","meta":{"om_disable_all_campaigns":false},"product_brand":[],"product_cat":[25,89,61,62],"product_tag":[],"class_list":{"0":"post-1110","1":"product","2":"type-product","3":"status-publish","4":"has-post-thumbnail","6":"product_cat-asian-brands","7":"product_cat-axis-y","8":"product_cat-face-exfoliator-peels-scrubs","9":"product_cat-face-masks","11":"first","12":"outofstock","13":"shipping-taxable","14":"purchasable","15":"product-type-simple"},"aioseo_notices":[],"jetpack_sharing_enabled":true,"_links":{"self":[{"href":"https:\/\/k-beautyci.com\/fr\/wp-json\/wp\/v2\/product\/1110","targetHints":{"allow":["GET"]}}],"collection":[{"href":"https:\/\/k-beautyci.com\/fr\/wp-json\/wp\/v2\/product"}],"about":[{"href":"https:\/\/k-beautyci.com\/fr\/wp-json\/wp\/v2\/types\/product"}],"replies":[{"embeddable":true,"href":"https:\/\/k-beautyci.com\/fr\/wp-json\/wp\/v2\/comments?post=1110"}],"wp:featuredmedia":[{"embeddable":true,"href":"https:\/\/k-beautyci.com\/fr\/wp-json\/wp\/v2\/media\/1225"}],"wp:attachment":[{"href":"https:\/\/k-beautyci.com\/fr\/wp-json\/wp\/v2\/media?parent=1110"}],"wp:term":[{"taxonomy":"product_brand","embeddable":true,"href":"https:\/\/k-beautyci.com\/fr\/wp-json\/wp\/v2\/product_brand?post=1110"},{"taxonomy":"product_cat","embeddable":true,"href":"https:\/\/k-beautyci.com\/fr\/wp-json\/wp\/v2\/product_cat?post=1110"},{"taxonomy":"product_tag","embeddable":true,"href":"https:\/\/k-beautyci.com\/fr\/wp-json\/wp\/v2\/product_tag?post=1110"}],"curies":[{"name":"wp","href":"https:\/\/api.w.org\/{rel}","templated":true}]}}