{"id":1106,"date":"2023-05-23T14:17:23","date_gmt":"2023-05-23T14:17:23","guid":{"rendered":"https:\/\/k-beautyci.com\/?post_type=product&#038;p=1106"},"modified":"2026-02-17T01:54:08","modified_gmt":"2026-02-17T01:54:08","slug":"axis-y-water-your-skin-ultra-hydration-set","status":"publish","type":"product","link":"https:\/\/k-beautyci.com\/fr\/produit\/axis-y-water-your-skin-ultra-hydration-set\/","title":{"rendered":"AXIS-Y Water Your Skin Ultra Hydration Set"},"content":{"rendered":"<p><strong>B\u00c9N\u00c9FICES<\/strong><\/p>\n<ul>\n<li>AXIS-Y Mousse nettoyante rafra\u00eechissante du dimanche matin : Une formule au ph 5,5 qui prend soin des peaux sensibles, id\u00e9ale pour un usage quotidien.<\/li>\n<li>AXIS-Y Aqua Boosting Essence Toner : L'acide hyaluronique prot\u00e8ge la barri\u00e8re d'hydratation naturelle de la peau.<\/li>\n<li>AXIS-Y Advanced Aqua Boosting Ampoule : L'extrait de pourpier contient de puissants antioxydants qui r\u00e9duisent l'apparence des ridules.<\/li>\n<li>AXIS-Y Heartleaf My Type Calming Cream : L'extrait de Heartleaf a des propri\u00e9t\u00e9s antioxydantes et antibact\u00e9riennes qui favorisent une apparence plus jeune.<\/li>\n<\/ul>\n<p>&nbsp;<\/p>\n<p><strong>Contenu :<\/strong><\/p>\n<ul>\n<li style=\"list-style-type: none\">\n<ul>\n<li>30ml\u00a0AXIS-Y Sunday Morning Refreshing Cleansing Foam<\/li>\n<li>30ml\u00a0AXIS-Y Aqua Boosting Essence Toner<\/li>\n<li>10ml\u00a0AXIS-Y Advanced Aqua Boosting Ampoule<\/li>\n<li>20ml\u00a0AXIS-Y Heartleaf My Type Calming Cream<\/li>\n<\/ul>\n<\/li>\n<\/ul>","protected":false},"excerpt":{"rendered":"<p>Si votre peau a besoin d'une hydratation intense, ce coffret de soins ultra-hydratants d'AXIS-Y vous aidera \u00e0 retrouver une peau \u00e9clatante. Ce coffret contient un nettoyant miniature, un tonique, une ampoule et une cr\u00e8me pour une routine de soins compl\u00e8te \u00e9tape par \u00e9tape.<\/p>","protected":false},"featured_media":1109,"comment_status":"open","ping_status":"closed","template":"","meta":{"om_disable_all_campaigns":false},"product_brand":[],"product_cat":[25,89,42,35,26,31,39,33,69,64,66,41,36],"product_tag":[],"class_list":{"0":"post-1106","1":"product","2":"type-product","3":"status-publish","4":"has-post-thumbnail","6":"product_cat-asian-brands","7":"product_cat-axis-y","8":"product_cat-dry-skin","9":"product_cat-face-cleansers","10":"product_cat-face-moisturizer","11":"product_cat-face-serums","12":"product_cat-face-toners","13":"product_cat-face-treatments","14":"product_cat-hyaluronic-acid","15":"product_cat-kits-duos","16":"product_cat-normal-combination-skin","17":"product_cat-oily-skin","18":"product_cat-sensitive-skin","20":"first","21":"outofstock","22":"shipping-taxable","23":"purchasable","24":"product-type-simple"},"aioseo_notices":[],"jetpack_sharing_enabled":true,"_links":{"self":[{"href":"https:\/\/k-beautyci.com\/fr\/wp-json\/wp\/v2\/product\/1106","targetHints":{"allow":["GET"]}}],"collection":[{"href":"https:\/\/k-beautyci.com\/fr\/wp-json\/wp\/v2\/product"}],"about":[{"href":"https:\/\/k-beautyci.com\/fr\/wp-json\/wp\/v2\/types\/product"}],"replies":[{"embeddable":true,"href":"https:\/\/k-beautyci.com\/fr\/wp-json\/wp\/v2\/comments?post=1106"}],"wp:featuredmedia":[{"embeddable":true,"href":"https:\/\/k-beautyci.com\/fr\/wp-json\/wp\/v2\/media\/1109"}],"wp:attachment":[{"href":"https:\/\/k-beautyci.com\/fr\/wp-json\/wp\/v2\/media?parent=1106"}],"wp:term":[{"taxonomy":"product_brand","embeddable":true,"href":"https:\/\/k-beautyci.com\/fr\/wp-json\/wp\/v2\/product_brand?post=1106"},{"taxonomy":"product_cat","embeddable":true,"href":"https:\/\/k-beautyci.com\/fr\/wp-json\/wp\/v2\/product_cat?post=1106"},{"taxonomy":"product_tag","embeddable":true,"href":"https:\/\/k-beautyci.com\/fr\/wp-json\/wp\/v2\/product_tag?post=1106"}],"curies":[{"name":"wp","href":"https:\/\/api.w.org\/{rel}","templated":true}]}}