{"id":11052,"date":"2026-01-31T13:52:38","date_gmt":"2026-01-31T13:52:38","guid":{"rendered":"https:\/\/k-beautyci.com\/?post_type=product&#038;p=11052"},"modified":"2026-03-27T15:33:45","modified_gmt":"2026-03-27T15:33:45","slug":"seapuri-lashrum-eyelash-enhancing-serum","status":"publish","type":"product","link":"https:\/\/k-beautyci.com\/fr\/produit\/seapuri-lashrum-eyelash-enhancing-serum\/","title":{"rendered":"seapuri Lashrum Eyelash Enhancing Serum"},"content":{"rendered":"<p>Comment l'utiliser :<\/p>\n<p>Appliquez le produit \u00e0 l'aide du feutre sur les racines des cheveux comme vous le souhaitez, puis \u00e9talez-le uniform\u00e9ment \u00e0 l'aide de la brosse \u00e0 spirale.<\/p>\n<p>1. Pour prendre soin de vos cils, appliquez une quantit\u00e9 mod\u00e9r\u00e9e sur les cils sup\u00e9rieurs et inf\u00e9rieurs \u00e0 l'aide de la petite brosse \u00e0 pointe ronde et \u00e0 vis.<\/p>\n<p>2. Pour le soin des sourcils, appliquez une quantit\u00e9 appropri\u00e9e dans le sens des sourcils \u00e0 l'aide de la petite brosse \u00e0 pointe ronde et de la brosse \u00e0 vis.<\/p>\n<p>Avertissement : Pour usage externe uniquement. Toujours effectuer un test \u00e9picutan\u00e9. Cessez d'utiliser le produit si vous ressentez une quelconque g\u00eane. Suivre les instructions suppl\u00e9mentaires figurant sur l'emballage. Les r\u00e9sultats individuels peuvent varier.<\/p>","protected":false},"excerpt":{"rendered":"<p>Formul\u00e9 \u00e0 partir d'extrait de varech, de biotine et de deux types de peptides, ce s\u00e9rum favorise la croissance et la r\u00e9sistance des cils. Sa formule douce minimise les irritations oculaires.<\/p>","protected":false},"featured_media":11058,"comment_status":"open","ping_status":"closed","template":"","meta":{"om_disable_all_campaigns":false},"product_brand":[],"product_cat":[38],"product_tag":[],"class_list":{"0":"post-11052","1":"product","2":"type-product","3":"status-publish","4":"has-post-thumbnail","6":"product_cat-eye-care","8":"first","9":"outofstock","10":"shipping-taxable","11":"purchasable","12":"product-type-simple"},"aioseo_notices":[],"jetpack_sharing_enabled":true,"_links":{"self":[{"href":"https:\/\/k-beautyci.com\/fr\/wp-json\/wp\/v2\/product\/11052","targetHints":{"allow":["GET"]}}],"collection":[{"href":"https:\/\/k-beautyci.com\/fr\/wp-json\/wp\/v2\/product"}],"about":[{"href":"https:\/\/k-beautyci.com\/fr\/wp-json\/wp\/v2\/types\/product"}],"replies":[{"embeddable":true,"href":"https:\/\/k-beautyci.com\/fr\/wp-json\/wp\/v2\/comments?post=11052"}],"wp:featuredmedia":[{"embeddable":true,"href":"https:\/\/k-beautyci.com\/fr\/wp-json\/wp\/v2\/media\/11058"}],"wp:attachment":[{"href":"https:\/\/k-beautyci.com\/fr\/wp-json\/wp\/v2\/media?parent=11052"}],"wp:term":[{"taxonomy":"product_brand","embeddable":true,"href":"https:\/\/k-beautyci.com\/fr\/wp-json\/wp\/v2\/product_brand?post=11052"},{"taxonomy":"product_cat","embeddable":true,"href":"https:\/\/k-beautyci.com\/fr\/wp-json\/wp\/v2\/product_cat?post=11052"},{"taxonomy":"product_tag","embeddable":true,"href":"https:\/\/k-beautyci.com\/fr\/wp-json\/wp\/v2\/product_tag?post=11052"}],"curies":[{"name":"wp","href":"https:\/\/api.w.org\/{rel}","templated":true}]}}