{"id":11044,"date":"2026-01-31T13:28:31","date_gmt":"2026-01-31T13:28:31","guid":{"rendered":"https:\/\/k-beautyci.com\/?post_type=product&#038;p=11044"},"modified":"2026-01-31T13:28:38","modified_gmt":"2026-01-31T13:28:38","slug":"tocobo-calamine-pore-control-cleansing-oil-200ml","status":"publish","type":"product","link":"https:\/\/k-beautyci.com\/fr\/produit\/tocobo-calamine-pore-control-cleansing-oil-200ml\/","title":{"rendered":"TOCOBO Calamine pore Control Cleansing Oil 200ml"},"content":{"rendered":"<p>Comment l'utiliser :<\/p>\n<p>Prenez une quantit\u00e9 appropri\u00e9e et appliquez-la sur l'ensemble de votre visage sec comme un massage, en insistant plus longtemps sur les zones T et U, qui sont plus grasses, puis rincez \u00e0 l'eau ti\u00e8de.<\/p>\n<p>Avertissement : Pour usage externe uniquement. Toujours effectuer un test \u00e9picutan\u00e9. Cessez d'utiliser le produit si vous ressentez une quelconque g\u00eane. Suivre les instructions suppl\u00e9mentaires figurant sur l'emballage. Les r\u00e9sultats individuels peuvent varier.<\/p>","protected":false},"excerpt":{"rendered":"<p>Nettoyez et rafra\u00eechissez votre peau sans effort gr\u00e2ce \u00e0 l'huile d\u00e9maquillante Tocobo Clean Pore Cleansing Oil. Cette formule l\u00e9g\u00e8re \u00e0 base de plantes \u00e9limine le maquillage, l'exc\u00e8s de s\u00e9bum et les impuret\u00e9s tout en maintenant l'hydratation et l'\u00e9quilibre de votre peau. Elle se transforme en une \u00e9mulsion laiteuse au contact de l'eau, laissant votre peau propre, douce et rafra\u00eechie, sans aucun r\u00e9sidu gras. Parfaite pour une routine de soins simple mais efficace.<\/p>","protected":false},"featured_media":11050,"comment_status":"open","ping_status":"closed","template":"","meta":{"om_disable_all_campaigns":false},"product_brand":[],"product_cat":[35,63,95],"product_tag":[],"class_list":{"0":"post-11044","1":"product","2":"type-product","3":"status-publish","4":"has-post-thumbnail","6":"product_cat-face-cleansers","7":"product_cat-makeup-removers","8":"product_cat-tocobo","10":"first","11":"instock","12":"shipping-taxable","13":"purchasable","14":"product-type-simple"},"aioseo_notices":[],"jetpack_sharing_enabled":true,"_links":{"self":[{"href":"https:\/\/k-beautyci.com\/fr\/wp-json\/wp\/v2\/product\/11044","targetHints":{"allow":["GET"]}}],"collection":[{"href":"https:\/\/k-beautyci.com\/fr\/wp-json\/wp\/v2\/product"}],"about":[{"href":"https:\/\/k-beautyci.com\/fr\/wp-json\/wp\/v2\/types\/product"}],"replies":[{"embeddable":true,"href":"https:\/\/k-beautyci.com\/fr\/wp-json\/wp\/v2\/comments?post=11044"}],"wp:featuredmedia":[{"embeddable":true,"href":"https:\/\/k-beautyci.com\/fr\/wp-json\/wp\/v2\/media\/11050"}],"wp:attachment":[{"href":"https:\/\/k-beautyci.com\/fr\/wp-json\/wp\/v2\/media?parent=11044"}],"wp:term":[{"taxonomy":"product_brand","embeddable":true,"href":"https:\/\/k-beautyci.com\/fr\/wp-json\/wp\/v2\/product_brand?post=11044"},{"taxonomy":"product_cat","embeddable":true,"href":"https:\/\/k-beautyci.com\/fr\/wp-json\/wp\/v2\/product_cat?post=11044"},{"taxonomy":"product_tag","embeddable":true,"href":"https:\/\/k-beautyci.com\/fr\/wp-json\/wp\/v2\/product_tag?post=11044"}],"curies":[{"name":"wp","href":"https:\/\/api.w.org\/{rel}","templated":true}]}}