{"id":1104,"date":"2023-05-23T13:55:43","date_gmt":"2023-05-23T13:55:43","guid":{"rendered":"https:\/\/k-beautyci.com\/?post_type=product&#038;p=1104"},"modified":"2026-01-28T15:40:38","modified_gmt":"2026-01-28T15:40:38","slug":"isntree-mugwort-calming-clay-mask-100ml","status":"publish","type":"product","link":"https:\/\/k-beautyci.com\/fr\/produit\/isntree-mugwort-calming-clay-mask-100ml\/","title":{"rendered":"Isntree Masque d'argile calmant \u00e0 l'armoise 100ml"},"content":{"rendered":"<p><strong>COMMENT L'UTILISER :<\/strong><\/p>\n<p>1) Appliquer le masque d'argile sur le visage, en particulier sur les pores dilat\u00e9s.<br \/>\n2. Laisser agir 10 \u00e0 15 minutes puis rincer abondamment \u00e0 l'eau ti\u00e8de.<\/p>","protected":false},"excerpt":{"rendered":"<p>Un riche masque \u00e0 l'argile formul\u00e9 avec de l'extrait d'armoise apaisant pour garder la peau calme, propre et hydrat\u00e9e sans la traditionnelle sensation de peau s\u00e8che et d\u00e9cap\u00e9e.<\/p>\n<p>Ce masque contient 6 types d'argile (Kaolin, Bentonite, Ilite, Montmorillonite, Calcite et argile collo\u00efdale canadienne) pour aider \u00e0 contr\u00f4ler les niveaux de s\u00e9bum, et de la poudre d'armoise exfoliante pour \u00e9liminer en douceur les cellules mortes de la peau et unifier la texture de la peau.<br \/>\nL'extrait d'armoise, riche en antioxydants, aide \u00e0 apaiser les irritations et laisse une sensation de fra\u00eecheur sur la peau.<\/p>","protected":false},"featured_media":1105,"comment_status":"open","ping_status":"closed","template":"","meta":{"om_disable_all_campaigns":false},"product_brand":[],"product_cat":[35,61,62,90,41],"product_tag":[],"class_list":{"0":"post-1104","1":"product","2":"type-product","3":"status-publish","4":"has-post-thumbnail","6":"product_cat-face-cleansers","7":"product_cat-face-exfoliator-peels-scrubs","8":"product_cat-face-masks","9":"product_cat-isntree","10":"product_cat-oily-skin","12":"first","13":"outofstock","14":"shipping-taxable","15":"purchasable","16":"product-type-simple"},"aioseo_notices":[],"jetpack_sharing_enabled":true,"_links":{"self":[{"href":"https:\/\/k-beautyci.com\/fr\/wp-json\/wp\/v2\/product\/1104","targetHints":{"allow":["GET"]}}],"collection":[{"href":"https:\/\/k-beautyci.com\/fr\/wp-json\/wp\/v2\/product"}],"about":[{"href":"https:\/\/k-beautyci.com\/fr\/wp-json\/wp\/v2\/types\/product"}],"replies":[{"embeddable":true,"href":"https:\/\/k-beautyci.com\/fr\/wp-json\/wp\/v2\/comments?post=1104"}],"wp:featuredmedia":[{"embeddable":true,"href":"https:\/\/k-beautyci.com\/fr\/wp-json\/wp\/v2\/media\/1105"}],"wp:attachment":[{"href":"https:\/\/k-beautyci.com\/fr\/wp-json\/wp\/v2\/media?parent=1104"}],"wp:term":[{"taxonomy":"product_brand","embeddable":true,"href":"https:\/\/k-beautyci.com\/fr\/wp-json\/wp\/v2\/product_brand?post=1104"},{"taxonomy":"product_cat","embeddable":true,"href":"https:\/\/k-beautyci.com\/fr\/wp-json\/wp\/v2\/product_cat?post=1104"},{"taxonomy":"product_tag","embeddable":true,"href":"https:\/\/k-beautyci.com\/fr\/wp-json\/wp\/v2\/product_tag?post=1104"}],"curies":[{"name":"wp","href":"https:\/\/api.w.org\/{rel}","templated":true}]}}