{"id":11033,"date":"2026-01-31T13:07:15","date_gmt":"2026-01-31T13:07:15","guid":{"rendered":"https:\/\/k-beautyci.com\/?post_type=product&#038;p=11033"},"modified":"2026-01-31T17:40:37","modified_gmt":"2026-01-31T17:40:37","slug":"tocobo-coconut-clay-cleansing-foam-150ml","status":"publish","type":"product","link":"https:\/\/k-beautyci.com\/fr\/produit\/tocobo-coconut-clay-cleansing-foam-150ml\/","title":{"rendered":"TOCOBO Coconut Clay Cleansing Foam 150ml"},"content":{"rendered":"<p>Comment l'utiliser :<\/p>\n<p>Pr\u00e9levez une quantit\u00e9 appropri\u00e9e et faites mousser avec de l'eau, frottez doucement sur l'ensemble du visage comme si vous le massiez, puis rincez abondamment \u00e0 l'eau ti\u00e8de.<\/p>\n<p>Avertissement : Pour usage externe uniquement. Toujours effectuer un test \u00e9picutan\u00e9. Cessez d'utiliser le produit si vous ressentez une quelconque g\u00eane. Suivre les instructions suppl\u00e9mentaires figurant sur l'emballage. Les r\u00e9sultats individuels peuvent varier.<\/p>","protected":false},"excerpt":{"rendered":"<p>Nettoyez vos pores en profondeur avec la mousse nettoyante \u00e0 l'argile et \u00e0 la noix de coco. Gr\u00e2ce \u00e0 ses microbulles ultrafines, cette formule contenant 27 % de tensioactifs d\u00e9riv\u00e9s de la noix de coco, de l'argile rose et min\u00e9rale et de l'extrait de Saponaria Officinalis absorbe les impuret\u00e9s et l'exc\u00e8s de s\u00e9bum tout en maintenant l'hydratation de la peau. La mousse riche et onctueuse laisse votre peau rafra\u00eechie, lisse et parfaitement \u00e9quilibr\u00e9e.<\/p>","protected":false},"featured_media":11042,"comment_status":"open","ping_status":"closed","template":"","meta":{"om_disable_all_campaigns":false},"product_brand":[],"product_cat":[35,95],"product_tag":[],"class_list":{"0":"post-11033","1":"product","2":"type-product","3":"status-publish","4":"has-post-thumbnail","6":"product_cat-face-cleansers","7":"product_cat-tocobo","9":"first","10":"instock","11":"shipping-taxable","12":"purchasable","13":"product-type-simple"},"aioseo_notices":[],"jetpack_sharing_enabled":true,"_links":{"self":[{"href":"https:\/\/k-beautyci.com\/fr\/wp-json\/wp\/v2\/product\/11033","targetHints":{"allow":["GET"]}}],"collection":[{"href":"https:\/\/k-beautyci.com\/fr\/wp-json\/wp\/v2\/product"}],"about":[{"href":"https:\/\/k-beautyci.com\/fr\/wp-json\/wp\/v2\/types\/product"}],"replies":[{"embeddable":true,"href":"https:\/\/k-beautyci.com\/fr\/wp-json\/wp\/v2\/comments?post=11033"}],"wp:featuredmedia":[{"embeddable":true,"href":"https:\/\/k-beautyci.com\/fr\/wp-json\/wp\/v2\/media\/11042"}],"wp:attachment":[{"href":"https:\/\/k-beautyci.com\/fr\/wp-json\/wp\/v2\/media?parent=11033"}],"wp:term":[{"taxonomy":"product_brand","embeddable":true,"href":"https:\/\/k-beautyci.com\/fr\/wp-json\/wp\/v2\/product_brand?post=11033"},{"taxonomy":"product_cat","embeddable":true,"href":"https:\/\/k-beautyci.com\/fr\/wp-json\/wp\/v2\/product_cat?post=11033"},{"taxonomy":"product_tag","embeddable":true,"href":"https:\/\/k-beautyci.com\/fr\/wp-json\/wp\/v2\/product_tag?post=11033"}],"curies":[{"name":"wp","href":"https:\/\/api.w.org\/{rel}","templated":true}]}}