{"id":11024,"date":"2026-01-31T12:52:38","date_gmt":"2026-01-31T12:52:38","guid":{"rendered":"https:\/\/k-beautyci.com\/?post_type=product&#038;p=11024"},"modified":"2026-03-31T17:40:56","modified_gmt":"2026-03-31T17:40:56","slug":"some-by-mi-aha-bha-pha-30-days-miracle-acne-clear-body-cleanser","status":"publish","type":"product","link":"https:\/\/k-beautyci.com\/fr\/produit\/some-by-mi-aha-bha-pha-30-days-miracle-acne-clear-body-cleanser\/","title":{"rendered":"SOME BY MI AHA, BHA, PHA 30 Days Miracle Acne Clear Body Cleanser"},"content":{"rendered":"<p><b>Comment l'utiliser :<\/b><\/p>\n<p>Appliquez une quantit\u00e9 appropri\u00e9e sur le corps \u00e0 l'aide d'une fleur de douche et massez doucement avant de rincer \u00e0 l'eau ti\u00e8de.<\/p>\n<p>Avertissement : Pour usage externe uniquement. Toujours effectuer un test \u00e9picutan\u00e9. Cessez d'utiliser le produit si vous ressentez une quelconque g\u00eane. Suivre les instructions suppl\u00e9mentaires figurant sur l'emballage. Les r\u00e9sultats individuels peuvent varier.<\/p>","protected":false},"excerpt":{"rendered":"<p>Un nettoyant apaisant pour le corps qui exfolie, aide \u00e0 \u00e9liminer l'acn\u00e9 et contr\u00f4le le s\u00e9bum. Ce nettoyant contient des AHA, des BHA et des PHA pour une exfoliation compl\u00e8te qui dissout l'exc\u00e8s de s\u00e9bum. Pendant que les acides hydroxy agissent, le Truecica\u2122 et l'extrait de houttuynia cordata nourrissent la peau s\u00e8che.<\/p>","protected":false},"featured_media":11031,"comment_status":"open","ping_status":"closed","template":"","meta":{"om_disable_all_campaigns":false},"product_brand":[],"product_cat":[78,143,85],"product_tag":[],"class_list":{"0":"post-11024","1":"product","2":"type-product","3":"status-publish","4":"has-post-thumbnail","6":"product_cat-aha-bha","7":"product_cat-body-wash","8":"product_cat-some-by-mi","10":"first","11":"outofstock","12":"shipping-taxable","13":"purchasable","14":"product-type-simple"},"aioseo_notices":[],"jetpack_sharing_enabled":true,"_links":{"self":[{"href":"https:\/\/k-beautyci.com\/fr\/wp-json\/wp\/v2\/product\/11024","targetHints":{"allow":["GET"]}}],"collection":[{"href":"https:\/\/k-beautyci.com\/fr\/wp-json\/wp\/v2\/product"}],"about":[{"href":"https:\/\/k-beautyci.com\/fr\/wp-json\/wp\/v2\/types\/product"}],"replies":[{"embeddable":true,"href":"https:\/\/k-beautyci.com\/fr\/wp-json\/wp\/v2\/comments?post=11024"}],"wp:featuredmedia":[{"embeddable":true,"href":"https:\/\/k-beautyci.com\/fr\/wp-json\/wp\/v2\/media\/11031"}],"wp:attachment":[{"href":"https:\/\/k-beautyci.com\/fr\/wp-json\/wp\/v2\/media?parent=11024"}],"wp:term":[{"taxonomy":"product_brand","embeddable":true,"href":"https:\/\/k-beautyci.com\/fr\/wp-json\/wp\/v2\/product_brand?post=11024"},{"taxonomy":"product_cat","embeddable":true,"href":"https:\/\/k-beautyci.com\/fr\/wp-json\/wp\/v2\/product_cat?post=11024"},{"taxonomy":"product_tag","embeddable":true,"href":"https:\/\/k-beautyci.com\/fr\/wp-json\/wp\/v2\/product_tag?post=11024"}],"curies":[{"name":"wp","href":"https:\/\/api.w.org\/{rel}","templated":true}]}}