{"id":1102,"date":"2023-05-23T15:04:57","date_gmt":"2023-05-23T15:04:57","guid":{"rendered":"https:\/\/k-beautyci.com\/?post_type=product&#038;p=1102"},"modified":"2024-02-01T08:35:09","modified_gmt":"2024-02-01T08:35:09","slug":"innisfree-jeju-cherry-blossom-jelly-cream","status":"publish","type":"product","link":"https:\/\/k-beautyci.com\/fr\/produit\/innisfree-jeju-cherry-blossom-jelly-cream\/","title":{"rendered":"INNISFREE JEJU CHERRY BLOSSOM JELLY CREAM"},"content":{"rendered":"","protected":false},"excerpt":{"rendered":"<p>Une cr\u00e8me claire \u00e0 base de gel\u00e9e d'eau qui rend instantan\u00e9ment votre peau rebondie et lui donne un \u00e9clat de ros\u00e9e.\u00a0Contient de l'extrait de feuille de cerisier de Jeju, qui \u00e9claircit la peau pour un teint clair et \u00e9clatant.<\/p>","protected":false},"featured_media":1103,"comment_status":"open","ping_status":"closed","template":"","meta":{"om_disable_all_campaigns":false},"product_brand":[],"product_cat":[57,42,26,154,66,41],"product_tag":[],"class_list":{"0":"post-1102","1":"product","2":"type-product","3":"status-publish","4":"has-post-thumbnail","6":"product_cat-anti-aging","7":"product_cat-dry-skin","8":"product_cat-face-moisturizer","9":"product_cat-innisfree","10":"product_cat-normal-combination-skin","11":"product_cat-oily-skin","13":"first","14":"outofstock","15":"shipping-taxable","16":"purchasable","17":"product-type-simple"},"aioseo_notices":[],"jetpack_sharing_enabled":true,"_links":{"self":[{"href":"https:\/\/k-beautyci.com\/fr\/wp-json\/wp\/v2\/product\/1102","targetHints":{"allow":["GET"]}}],"collection":[{"href":"https:\/\/k-beautyci.com\/fr\/wp-json\/wp\/v2\/product"}],"about":[{"href":"https:\/\/k-beautyci.com\/fr\/wp-json\/wp\/v2\/types\/product"}],"replies":[{"embeddable":true,"href":"https:\/\/k-beautyci.com\/fr\/wp-json\/wp\/v2\/comments?post=1102"}],"wp:featuredmedia":[{"embeddable":true,"href":"https:\/\/k-beautyci.com\/fr\/wp-json\/wp\/v2\/media\/1103"}],"wp:attachment":[{"href":"https:\/\/k-beautyci.com\/fr\/wp-json\/wp\/v2\/media?parent=1102"}],"wp:term":[{"taxonomy":"product_brand","embeddable":true,"href":"https:\/\/k-beautyci.com\/fr\/wp-json\/wp\/v2\/product_brand?post=1102"},{"taxonomy":"product_cat","embeddable":true,"href":"https:\/\/k-beautyci.com\/fr\/wp-json\/wp\/v2\/product_cat?post=1102"},{"taxonomy":"product_tag","embeddable":true,"href":"https:\/\/k-beautyci.com\/fr\/wp-json\/wp\/v2\/product_tag?post=1102"}],"curies":[{"name":"wp","href":"https:\/\/api.w.org\/{rel}","templated":true}]}}