{"id":10990,"date":"2026-02-01T00:49:10","date_gmt":"2026-02-01T00:49:10","guid":{"rendered":"https:\/\/k-beautyci.com\/?post_type=product&#038;p=10990"},"modified":"2026-03-10T12:19:21","modified_gmt":"2026-03-10T12:19:21","slug":"skin1004-madagascar-centella-poremizing-velvet-finish-sunscreen-50ml","status":"publish","type":"product","link":"https:\/\/k-beautyci.com\/fr\/produit\/skin1004-madagascar-centella-poremizing-velvet-finish-sunscreen-50ml\/","title":{"rendered":"Skin1004 Madagascar Centella Poremizing Velvet Finish Sunscreen 50ml"},"content":{"rendered":"<p><b>Comment l'utiliser :<\/b><\/p>\n<p>\u00c0 la derni\u00e8re \u00e9tape de votre routine de soins de la peau, appliquez une quantit\u00e9 appropri\u00e9e sur les zones fr\u00e9quemment expos\u00e9es au soleil.<\/p>\n<p>Avertissement : Pour usage externe uniquement. Toujours effectuer un test \u00e9picutan\u00e9. Cessez d'utiliser le produit si vous ressentez une quelconque g\u00eane. Suivre les instructions suppl\u00e9mentaires figurant sur l'emballage. Les r\u00e9sultats individuels peuvent varier.<\/p>","protected":false},"excerpt":{"rendered":"<p>Obtenez un teint uniforme tout en prot\u00e9geant votre peau contre les rayons UV nocifs gr\u00e2ce \u00e0 cette cr\u00e8me solaire teint\u00e9e dot\u00e9e d'un indice de protection SPF 50+ PA++++. Sa formule teint\u00e9e beige est enrichie en extraits apaisants de centella et d'aloe vera, ainsi qu'en huile de graines de tournesol adoucissante pour une application confortable.<\/p>","protected":false},"featured_media":11067,"comment_status":"open","ping_status":"closed","template":"","meta":{"om_disable_all_campaigns":false},"product_brand":[],"product_cat":[94,77],"product_tag":[],"class_list":{"0":"post-10990","1":"product","2":"type-product","3":"status-publish","4":"has-post-thumbnail","6":"product_cat-skin-1004","7":"product_cat-spf-50","9":"first","10":"outofstock","11":"shipping-taxable","12":"purchasable","13":"product-type-simple"},"aioseo_notices":[],"jetpack_sharing_enabled":true,"_links":{"self":[{"href":"https:\/\/k-beautyci.com\/fr\/wp-json\/wp\/v2\/product\/10990","targetHints":{"allow":["GET"]}}],"collection":[{"href":"https:\/\/k-beautyci.com\/fr\/wp-json\/wp\/v2\/product"}],"about":[{"href":"https:\/\/k-beautyci.com\/fr\/wp-json\/wp\/v2\/types\/product"}],"replies":[{"embeddable":true,"href":"https:\/\/k-beautyci.com\/fr\/wp-json\/wp\/v2\/comments?post=10990"}],"wp:featuredmedia":[{"embeddable":true,"href":"https:\/\/k-beautyci.com\/fr\/wp-json\/wp\/v2\/media\/11067"}],"wp:attachment":[{"href":"https:\/\/k-beautyci.com\/fr\/wp-json\/wp\/v2\/media?parent=10990"}],"wp:term":[{"taxonomy":"product_brand","embeddable":true,"href":"https:\/\/k-beautyci.com\/fr\/wp-json\/wp\/v2\/product_brand?post=10990"},{"taxonomy":"product_cat","embeddable":true,"href":"https:\/\/k-beautyci.com\/fr\/wp-json\/wp\/v2\/product_cat?post=10990"},{"taxonomy":"product_tag","embeddable":true,"href":"https:\/\/k-beautyci.com\/fr\/wp-json\/wp\/v2\/product_tag?post=10990"}],"curies":[{"name":"wp","href":"https:\/\/api.w.org\/{rel}","templated":true}]}}