{"id":10982,"date":"2026-01-30T17:09:34","date_gmt":"2026-01-30T17:09:34","guid":{"rendered":"https:\/\/k-beautyci.com\/?post_type=product&#038;p=10982"},"modified":"2026-01-30T17:09:37","modified_gmt":"2026-01-30T17:09:37","slug":"round-lab-1025-dokdo-toner100ml","status":"publish","type":"product","link":"https:\/\/k-beautyci.com\/fr\/produit\/round-lab-1025-dokdo-toner100ml\/","title":{"rendered":"Round Lab 1025 DOKDO TONER100ml"},"content":{"rendered":"<p><b>Comment l'utiliser :<\/b><\/p>\n<p>Apr\u00e8s avoir nettoy\u00e9 votre peau, versez une quantit\u00e9 appropri\u00e9e sur un coton et passez-le d\u00e9licatement sur votre visage en suivant le grain de peau. Vous pouvez \u00e9galement imbiber compl\u00e8tement le coton de tonique et l'appliquer sur les zones irrit\u00e9es comme un masque apaisant.<\/p>\n<p>Avertissement : Pour usage externe uniquement. Toujours effectuer un test \u00e9picutan\u00e9. Cessez d'utiliser le produit si vous ressentez une quelconque g\u00eane. Suivre les instructions suppl\u00e9mentaires figurant sur l'emballage. Les r\u00e9sultats individuels peuvent varier.<\/p>","protected":false},"excerpt":{"rendered":"<p>Enrichi en panth\u00e9nol et en allanto\u00efne dans une formule enrichie en eau de mer profonde, ce tonique doux et aqueux aide \u00e0 exfolier et \u00e0 affiner le grain de peau, la laissant fra\u00eeche et souple sans sensation collante.<\/p>","protected":false},"featured_media":10983,"comment_status":"open","ping_status":"closed","template":"","meta":{"om_disable_all_campaigns":false},"product_brand":[],"product_cat":[39,223,157],"product_tag":[],"class_list":{"0":"post-10982","1":"product","2":"type-product","3":"status-publish","4":"has-post-thumbnail","6":"product_cat-face-toners","7":"product_cat-panthenol","8":"product_cat-round-lab","10":"first","11":"instock","12":"shipping-taxable","13":"purchasable","14":"product-type-simple"},"aioseo_notices":[],"jetpack_sharing_enabled":true,"_links":{"self":[{"href":"https:\/\/k-beautyci.com\/fr\/wp-json\/wp\/v2\/product\/10982","targetHints":{"allow":["GET"]}}],"collection":[{"href":"https:\/\/k-beautyci.com\/fr\/wp-json\/wp\/v2\/product"}],"about":[{"href":"https:\/\/k-beautyci.com\/fr\/wp-json\/wp\/v2\/types\/product"}],"replies":[{"embeddable":true,"href":"https:\/\/k-beautyci.com\/fr\/wp-json\/wp\/v2\/comments?post=10982"}],"wp:featuredmedia":[{"embeddable":true,"href":"https:\/\/k-beautyci.com\/fr\/wp-json\/wp\/v2\/media\/10983"}],"wp:attachment":[{"href":"https:\/\/k-beautyci.com\/fr\/wp-json\/wp\/v2\/media?parent=10982"}],"wp:term":[{"taxonomy":"product_brand","embeddable":true,"href":"https:\/\/k-beautyci.com\/fr\/wp-json\/wp\/v2\/product_brand?post=10982"},{"taxonomy":"product_cat","embeddable":true,"href":"https:\/\/k-beautyci.com\/fr\/wp-json\/wp\/v2\/product_cat?post=10982"},{"taxonomy":"product_tag","embeddable":true,"href":"https:\/\/k-beautyci.com\/fr\/wp-json\/wp\/v2\/product_tag?post=10982"}],"curies":[{"name":"wp","href":"https:\/\/api.w.org\/{rel}","templated":true}]}}