{"id":1098,"date":"2023-05-23T13:55:09","date_gmt":"2023-05-23T13:55:09","guid":{"rendered":"https:\/\/k-beautyci.com\/?post_type=product&#038;p=1098"},"modified":"2026-02-16T23:00:53","modified_gmt":"2026-02-16T23:00:53","slug":"jumiso-all-day-vitamin-brightening-balancing-facial-serum","status":"publish","type":"product","link":"https:\/\/k-beautyci.com\/fr\/produit\/jumiso-all-day-vitamin-brightening-balancing-facial-serum\/","title":{"rendered":"Jumiso All Day Vitamin Brightening &amp; Balancing Facial Serum"},"content":{"rendered":"<p><strong>B\u00c9N\u00c9FICES<\/strong><\/p>\n<ul>\n<li>L'extrait de cica soulage les peaux irrit\u00e9es gr\u00e2ce \u00e0 ses propri\u00e9t\u00e9s anti-inflammatoires.<\/li>\n<li>Contient 86,14 % d'extrait d'arbre \u00e0 vitamines, compos\u00e9 de vitamines A, B, D, E, K et de vitamine C pour nourrir la peau.<\/li>\n<li>L'extrait de camomille revitalise la peau et aide \u00e0 r\u00e9guler la production de s\u00e9bum.<\/li>\n<\/ul>\n<p>&nbsp;<\/p>\n<p><strong>COMMENT L'UTILISER :<\/strong><\/p>\n<p>Apr\u00e8s le nettoyage, appliquer une quantit\u00e9 appropri\u00e9e sur le visage. Poursuivre avec le reste de la routine de soins de la peau.<\/p>\n<p>Avertissement : Pour usage externe uniquement. Toujours effectuer un test \u00e9picutan\u00e9. Cessez d'utiliser le produit si vous ressentez une quelconque g\u00eane. Suivre les instructions suppl\u00e9mentaires figurant sur l'emballage. Les r\u00e9sultats individuels peuvent varier.<\/p>","protected":false},"excerpt":{"rendered":"<p>Une version am\u00e9lior\u00e9e du s\u00e9rum pour le visage Drop The Vita C. Ce nouveau s\u00e9rum contient une formule plus stable et une texture l\u00e9g\u00e8re qui p\u00e9n\u00e8tre plus facilement et plus profond\u00e9ment dans la peau pour apporter les nutriments d'ingr\u00e9dients tels que la vitamine C pour un \u00e9clat raffin\u00e9.<\/p>","protected":false},"featured_media":1100,"comment_status":"open","ping_status":"closed","template":"","meta":{"om_disable_all_campaigns":false},"product_brand":[],"product_cat":[57,52,31,33,153,74,72],"product_tag":[],"class_list":{"0":"post-1098","1":"product","2":"type-product","3":"status-publish","4":"has-post-thumbnail","6":"product_cat-anti-aging","7":"product_cat-dark-spots","8":"product_cat-face-serums","9":"product_cat-face-treatments","10":"product_cat-jumiso","11":"product_cat-niacinamide","12":"product_cat-vitamin-c","14":"first","15":"outofstock","16":"shipping-taxable","17":"purchasable","18":"product-type-simple"},"aioseo_notices":[],"jetpack_sharing_enabled":true,"_links":{"self":[{"href":"https:\/\/k-beautyci.com\/fr\/wp-json\/wp\/v2\/product\/1098","targetHints":{"allow":["GET"]}}],"collection":[{"href":"https:\/\/k-beautyci.com\/fr\/wp-json\/wp\/v2\/product"}],"about":[{"href":"https:\/\/k-beautyci.com\/fr\/wp-json\/wp\/v2\/types\/product"}],"replies":[{"embeddable":true,"href":"https:\/\/k-beautyci.com\/fr\/wp-json\/wp\/v2\/comments?post=1098"}],"wp:featuredmedia":[{"embeddable":true,"href":"https:\/\/k-beautyci.com\/fr\/wp-json\/wp\/v2\/media\/1100"}],"wp:attachment":[{"href":"https:\/\/k-beautyci.com\/fr\/wp-json\/wp\/v2\/media?parent=1098"}],"wp:term":[{"taxonomy":"product_brand","embeddable":true,"href":"https:\/\/k-beautyci.com\/fr\/wp-json\/wp\/v2\/product_brand?post=1098"},{"taxonomy":"product_cat","embeddable":true,"href":"https:\/\/k-beautyci.com\/fr\/wp-json\/wp\/v2\/product_cat?post=1098"},{"taxonomy":"product_tag","embeddable":true,"href":"https:\/\/k-beautyci.com\/fr\/wp-json\/wp\/v2\/product_tag?post=1098"}],"curies":[{"name":"wp","href":"https:\/\/api.w.org\/{rel}","templated":true}]}}