{"id":10973,"date":"2026-01-30T22:14:19","date_gmt":"2026-01-30T22:14:19","guid":{"rendered":"https:\/\/k-beautyci.com\/?post_type=product&#038;p=10973"},"modified":"2026-04-09T14:44:45","modified_gmt":"2026-04-09T14:44:45","slug":"dr-reju-all-advanced-lc-ceramide-barrier-cream-50ml","status":"publish","type":"product","link":"https:\/\/k-beautyci.com\/fr\/produit\/dr-reju-all-advanced-lc-ceramide-barrier-cream-50ml\/","title":{"rendered":"Dr. Reju-All Advanced LC-Ceramide Barrier Cream 50ml"},"content":{"rendered":"<p>Comment l'utiliser :<\/p>\n<ol>\n<li>Lorsque la peau est particuli\u00e8rement s\u00e8che, appliquez la cr\u00e8me Dr. Reju-All PDRN Cream pour une hydratation renforc\u00e9e.<\/li>\n<li>\u00c0 utiliser comme derni\u00e8re \u00e9tape de votre routine de soins de base apr\u00e8s le nettoyage. Peut \u00eatre utilis\u00e9 matin et soir. Convient \u00e0 un usage quotidien.<\/li>\n<\/ol>\n<p>Avertissement : Pour usage externe uniquement. Toujours effectuer un test \u00e9picutan\u00e9. Cessez d'utiliser le produit si vous ressentez une quelconque g\u00eane. Suivre les instructions suppl\u00e9mentaires figurant sur l'emballage. Les r\u00e9sultats individuels peuvent varier.<\/p>","protected":false},"excerpt":{"rendered":"<p>Renforce la barri\u00e8re cutan\u00e9e et pr\u00e9serve l'hydratation durablement. L\u00e9ger mais profond\u00e9ment nourrissant, il est id\u00e9al pour les peaux sensibles ou fragilis\u00e9es qui ont besoin d'\u00eatre r\u00e9\u00e9quilibr\u00e9es.<\/p>","protected":false},"featured_media":10981,"comment_status":"open","ping_status":"closed","template":"","meta":{"om_disable_all_campaigns":false},"product_brand":[],"product_cat":[267,148,253,26,223],"product_tag":[],"class_list":{"0":"post-10973","1":"product","2":"type-product","3":"status-publish","4":"has-post-thumbnail","6":"product_cat-barrier-repair","7":"product_cat-ceramide","8":"product_cat-dr-reju-all","9":"product_cat-face-moisturizer","10":"product_cat-panthenol","12":"first","13":"outofstock","14":"shipping-taxable","15":"purchasable","16":"product-type-simple"},"aioseo_notices":[],"jetpack_sharing_enabled":true,"_links":{"self":[{"href":"https:\/\/k-beautyci.com\/fr\/wp-json\/wp\/v2\/product\/10973","targetHints":{"allow":["GET"]}}],"collection":[{"href":"https:\/\/k-beautyci.com\/fr\/wp-json\/wp\/v2\/product"}],"about":[{"href":"https:\/\/k-beautyci.com\/fr\/wp-json\/wp\/v2\/types\/product"}],"replies":[{"embeddable":true,"href":"https:\/\/k-beautyci.com\/fr\/wp-json\/wp\/v2\/comments?post=10973"}],"wp:featuredmedia":[{"embeddable":true,"href":"https:\/\/k-beautyci.com\/fr\/wp-json\/wp\/v2\/media\/10981"}],"wp:attachment":[{"href":"https:\/\/k-beautyci.com\/fr\/wp-json\/wp\/v2\/media?parent=10973"}],"wp:term":[{"taxonomy":"product_brand","embeddable":true,"href":"https:\/\/k-beautyci.com\/fr\/wp-json\/wp\/v2\/product_brand?post=10973"},{"taxonomy":"product_cat","embeddable":true,"href":"https:\/\/k-beautyci.com\/fr\/wp-json\/wp\/v2\/product_cat?post=10973"},{"taxonomy":"product_tag","embeddable":true,"href":"https:\/\/k-beautyci.com\/fr\/wp-json\/wp\/v2\/product_tag?post=10973"}],"curies":[{"name":"wp","href":"https:\/\/api.w.org\/{rel}","templated":true}]}}